{"id":19927,"date":"2018-05-22T11:03:03","date_gmt":"2018-05-22T11:03:03","guid":{"rendered":"https:\/\/muller.com.pl\/rodo"},"modified":"2024-07-08T21:01:16","modified_gmt":"2024-07-08T21:01:16","slug":"rodo","status":"publish","type":"page","link":"https:\/\/muller.com.pl\/en\/rodo","title":{"rendered":"RODO"},"content":{"rendered":"\t\t<div data-elementor-type=\"wp-page\" data-elementor-id=\"19927\" class=\"elementor elementor-19927 elementor-984\" data-elementor-post-type=\"page\">\n\t\t\t\t<div class=\"elementor-element elementor-element-738a6be e-flex e-con-boxed e-con e-parent\" data-id=\"738a6be\" data-element_type=\"container\">\n\t\t\t\t\t<div class=\"e-con-inner\">\n\t\t\t\t<div class=\"elementor-element elementor-element-9a11e20 elementor-widget elementor-widget-heading\" data-id=\"9a11e20\" data-element_type=\"widget\" data-widget_type=\"heading.default\">\n\t\t\t\t<div class=\"elementor-widget-container\">\n\t\t\t\t\t<h2 class=\"elementor-heading-title elementor-size-default\">RODO<\/h2>\t\t\t\t<\/div>\n\t\t\t\t<\/div>\n\t\t\t\t<div class=\"elementor-element elementor-element-f439358 elementor-widget elementor-widget-heading\" data-id=\"f439358\" data-element_type=\"widget\" data-widget_type=\"heading.default\">\n\t\t\t\t<div class=\"elementor-widget-container\">\n\t\t\t\t\t<h6 class=\"elementor-heading-title elementor-size-default\">INFORMACJA O PRZETWARZENIU DANYCH OSOBOWYCH<\/h6>\t\t\t\t<\/div>\n\t\t\t\t<\/div>\n\t\t\t\t<div class=\"elementor-element elementor-element-4bf9cba8 elementor-widget elementor-widget-text-editor\" data-id=\"4bf9cba8\" data-element_type=\"widget\" data-widget_type=\"text-editor.default\">\n\t\t\t\t<div class=\"elementor-widget-container\">\n\t\t\t\t\t\t\t\t\t<p><span lang=\"pl-PL\">Zgodnie z art. 13 ust. 1-2 Rozporz\u0105dzenia Parlamentu Europejskiego i Rady (UE) 2016\/679 z dnia 27\u00a0kwietnia 2016 r. w sprawie ochrony os\u00f3b fizycznych w zwi\u0105zku z przetwarzaniem danych osobowych i w sprawie swobodnego przep\u0142ywu takich danych oraz uchylenia dyrektywy 95\/46\/WE (og\u00f3lne rozporz\u0105dzenie o ochronie danych) (dalej \u201e<\/span><span lang=\"pl-PL\">RODO<\/span><span lang=\"pl-PL\">\u201d) informuj\u0119, \u017ce:<br \/><\/span><\/p><p><span lang=\"pl-PL\"><strong>I.<\/strong> Administratorem danych osobowych powierzanych Muller Jelcz-Laskowice Sp. z o.o. jest Muller Jelcz-Laskowice Sp. z o.o, al.M\u0142odych 40, 55-220 Jelcz-Laskowice<\/span><\/p><p><span lang=\"pl-PL\"><strong>II.<\/strong>\u00a0\u00a0<\/span><span lang=\"pl-PL\">B\u0119d\u0119 przetwarza\u0107\u00a0<\/span><strong><span lang=\"pl-PL\">dane Klienta wy\u0142\u0105cznie w celu jego prawid\u0142owej obs\u0142ugi<\/span><span lang=\"pl-PL\">\u00a0handlowej<\/span><\/strong><span lang=\"pl-PL\">, zgodnie z zasadami wymienionymi w art. 5 RODO .<br \/><\/span><\/p><p><strong><span lang=\"pl-PL\">III. Prawo do sprzeciwu<\/span><\/strong><\/p><p><span lang=\"pl-PL\">Klientowi w ka\u017cdej chwili przys\u0142uguje prawo do wniesienia sprzeciwu wobec przetwarzania danych, przetwarzanych w celu i na podstawie wskazanych powy\u017cej. Przestaniemy przetwarza\u0107 dane w tych celach, chyba \u017ce b\u0119dziemy w stanie wykaza\u0107, \u017ce istniej\u0105 wa\u017cne, prawnie uzasadnione podstawy prawne, kt\u00f3re s\u0105 nadrz\u0119dne wobec interes\u00f3w Zleceniodawcy, praw i wolno\u015bci lub dane Zleceniodawcy b\u0119d\u0105 niezb\u0119dne do ewentualnego ustalenia, dochodzenia lub obrony roszcze\u0144.<\/span><\/p><p><span lang=\"pl-PL\"><strong>IV.<\/strong>\u00a0\u00a0<\/span><span lang=\"pl-PL\">B\u0119d\u0119 przechowywa\u0107 dane przez okres niezb\u0119dny dla prawid\u0142owej obs\u0142ugi Klienta.<\/span><\/p><p><span lang=\"pl-PL\"><strong>V.<\/strong>\u00a0<\/span><span lang=\"pl-PL\">\u00a0Dane osobowe Klienta nie b\u0119d\u0105 przekazywane osobom ani podmiotom trzecim, chyba \u017ce b\u0119d\u0105 niezb\u0119dne do ewentualnego ustalenia, dochodzenia lub obrony roszcze\u0144.<\/span><\/p><p><span lang=\"pl-PL\"><strong>VI.<\/strong>\u00a0Zgodnie z RODO Klientowi, przys\u0142uguje prawo do:<\/span><\/p><p><span lang=\"pl-PL\">a) dost\u0119pu do swoich danych oraz otrzymania ich kopii,<\/span><\/p><p><span lang=\"pl-PL\">b) sprostowania (poprawiania) swoich danych,<\/span><\/p><p><span lang=\"pl-PL\">c) \u017c\u0105dania usuni\u0119cia, ograniczenia lub wniesienia sprzeciwu wobec ich przetwarzania,<\/span><\/p><p><span lang=\"pl-PL\">d) przenoszenia danych,<\/span><\/p><p><span lang=\"pl-PL\">e) wniesienia skargi do organu nadzorczego.<\/span><\/p><p><span lang=\"pl-PL\"><strong>VII.<\/strong>\u00a0<\/span><span lang=\"pl-PL\">Podanie danych jest dobrowolne z tym, \u017ce odmowa ich podania mo\u017ce utrudni\u0107 albo uniemo\u017cliwi\u0107 odpowiedni\u0105 obs\u0142ug\u0119 Klienta.<\/span><\/p><p><span lang=\"pl-PL\"><strong>VIII.<\/strong>\u00a0<\/span><span lang=\"pl-PL\">Informuj\u0119, \u017ce nie podejmuj\u0119 decyzji w spos\u00f3b zautomatyzowany i dane Klienta nie s\u0105 profilowane.<\/span><\/p><p><strong><span lang=\"pl-PL\">IX. Klientowi w\u00a0ka\u017cdej chwili przys\u0142uguje prawo do wycofania zgody na przetwarzanie jego danych osobowych<\/span><\/strong><span lang=\"pl-PL\">\u00a0(w tym nale\u017c\u0105cych do szczeg\u00f3lnej kategorii), ale cofni\u0119cie zgody nie wp\u0142ywa na zgodno\u015b\u0107 z prawem przetwarzania, kt\u00f3rego dokonano zgodnie z prawem, przed jej wycofaniem.<\/span><\/p><p>\u00a0<\/p>\t\t\t\t\t\t\t\t<\/div>\n\t\t\t\t<\/div>\n\t\t\t\t\t<\/div>\n\t\t\t\t<\/div>\n\t\t\t\t<\/div>\n\t\t","protected":false},"excerpt":{"rendered":"<p>RODO INFORMACJA O PRZETWARZENIU DANYCH OSOBOWYCH Zgodnie z art. 13 ust. 1-2 Rozporz\u0105dzenia Parlamentu Europejskiego i Rady (UE) 2016\/679 z dnia 27\u00a0kwietnia 2016 r. w sprawie ochrony os\u00f3b fizycznych w zwi\u0105zku z przetwarzaniem danych osobowych i w sprawie swobodnego przep\u0142ywu takich danych oraz uchylenia dyrektywy 95\/46\/WE (og\u00f3lne rozporz\u0105dzenie o ochronie danych) (dalej \u201eRODO\u201d) informuj\u0119, \u017ce:&hellip;<\/p>\n","protected":false},"author":1,"featured_media":0,"parent":0,"menu_order":28,"comment_status":"open","ping_status":"open","template":"elementor_header_footer","meta":{"slim_seo":{"title":"RODO - Muller","description":"RODO INFORMACJA O PRZETWARZENIU DANYCH OSOBOWYCH Zgodnie z art. 13 ust. 1-2 Rozporz\u0105dzenia Parlamentu Europejskiego i Rady (UE) 2016\/679 z dnia 27\u00a0kwietnia 2016"},"footnotes":""},"class_list":["post-19927","page","type-page","status-publish","hentry"],"_links":{"self":[{"href":"https:\/\/muller.com.pl\/en\/wp-json\/wp\/v2\/pages\/19927","targetHints":{"allow":["GET"]}}],"collection":[{"href":"https:\/\/muller.com.pl\/en\/wp-json\/wp\/v2\/pages"}],"about":[{"href":"https:\/\/muller.com.pl\/en\/wp-json\/wp\/v2\/types\/page"}],"author":[{"embeddable":true,"href":"https:\/\/muller.com.pl\/en\/wp-json\/wp\/v2\/users\/1"}],"replies":[{"embeddable":true,"href":"https:\/\/muller.com.pl\/en\/wp-json\/wp\/v2\/comments?post=19927"}],"version-history":[{"count":1,"href":"https:\/\/muller.com.pl\/en\/wp-json\/wp\/v2\/pages\/19927\/revisions"}],"predecessor-version":[{"id":19928,"href":"https:\/\/muller.com.pl\/en\/wp-json\/wp\/v2\/pages\/19927\/revisions\/19928"}],"wp:attachment":[{"href":"https:\/\/muller.com.pl\/en\/wp-json\/wp\/v2\/media?parent=19927"}],"curies":[{"name":"wp","href":"https:\/\/api.w.org\/{rel}","templated":true}]}}