{"id":19937,"date":"2013-06-12T22:00:00","date_gmt":"2013-06-12T22:00:00","guid":{"rendered":"https:\/\/muller.com.pl\/warranty-terms"},"modified":"2024-07-08T21:19:06","modified_gmt":"2024-07-08T21:19:06","slug":"warranty-terms","status":"publish","type":"page","link":"https:\/\/muller.com.pl\/en\/warranty-terms","title":{"rendered":"Warranty Terms"},"content":{"rendered":"\t\t<div data-elementor-type=\"wp-page\" data-elementor-id=\"19937\" class=\"elementor elementor-19937 elementor-647\" data-elementor-post-type=\"page\">\n\t\t\t\t<div class=\"elementor-element elementor-element-33b56626 e-flex e-con-boxed e-con e-parent\" data-id=\"33b56626\" data-element_type=\"container\">\n\t\t\t\t\t<div class=\"e-con-inner\">\n\t\t\t\t<div class=\"elementor-element elementor-element-8e3a4f1 elementor-widget elementor-widget-heading\" data-id=\"8e3a4f1\" data-element_type=\"widget\" data-widget_type=\"heading.default\">\n\t\t\t\t<div class=\"elementor-widget-container\">\n\t\t\t\t\t<h2 class=\"elementor-heading-title elementor-size-default\">Warranty Terms<\/h2>\t\t\t\t<\/div>\n\t\t\t\t<\/div>\n\t\t\t\t<div class=\"elementor-element elementor-element-f16dff7 elementor-widget elementor-widget-n-accordion\" data-id=\"f16dff7\" data-element_type=\"widget\" data-settings=\"{&quot;default_state&quot;:&quot;expanded&quot;,&quot;max_items_expended&quot;:&quot;one&quot;,&quot;n_accordion_animation_duration&quot;:{&quot;unit&quot;:&quot;ms&quot;,&quot;size&quot;:400,&quot;sizes&quot;:[]}}\" data-widget_type=\"nested-accordion.default\">\n\t\t\t\t<div class=\"elementor-widget-container\">\n\t\t\t\t\t\t\t<div class=\"e-n-accordion\" aria-label=\"Accordion. Open links with Enter or Space, close with Escape, and navigate with Arrow Keys\">\n\t\t\t\t\t\t<details id=\"e-n-accordion-item-2530\" class=\"e-n-accordion-item\" open>\n\t\t\t\t<summary class=\"e-n-accordion-item-title\" data-accordion-index=\"1\" tabindex=\"0\" aria-expanded=\"true\" aria-controls=\"e-n-accordion-item-2530\" >\n\t\t\t\t\t<span class='e-n-accordion-item-title-header'><div class=\"e-n-accordion-item-title-text\"> 1. Warunki gwarancji <\/div><\/span>\n\t\t\t\t\t\t\t<span class='e-n-accordion-item-title-icon'>\n\t\t\t<span class='e-opened' ><svg aria-hidden=\"true\" class=\"e-font-icon-svg e-fas-minus\" viewBox=\"0 0 448 512\" xmlns=\"http:\/\/www.w3.org\/2000\/svg\"><path d=\"M416 208H32c-17.67 0-32 14.33-32 32v32c0 17.67 14.33 32 32 32h384c17.67 0 32-14.33 32-32v-32c0-17.67-14.33-32-32-32z\"><\/path><\/svg><\/span>\n\t\t\t<span class='e-closed'><svg aria-hidden=\"true\" class=\"e-font-icon-svg e-fas-plus\" viewBox=\"0 0 448 512\" xmlns=\"http:\/\/www.w3.org\/2000\/svg\"><path d=\"M416 208H272V64c0-17.67-14.33-32-32-32h-32c-17.67 0-32 14.33-32 32v144H32c-17.67 0-32 14.33-32 32v32c0 17.67 14.33 32 32 32h144v144c0 17.67 14.33 32 32 32h32c17.67 0 32-14.33 32-32V304h144c17.67 0 32-14.33 32-32v-32c0-17.67-14.33-32-32-32z\"><\/path><\/svg><\/span>\n\t\t<\/span>\n\n\t\t\t\t\t\t<\/summary>\n\t\t\t\t<div role=\"region\" aria-labelledby=\"e-n-accordion-item-2530\" class=\"elementor-element elementor-element-eeeddbb e-con-full e-flex e-con e-child\" data-id=\"eeeddbb\" data-element_type=\"container\">\n\t\t<div role=\"region\" aria-labelledby=\"e-n-accordion-item-2530\" class=\"elementor-element elementor-element-1ea031a e-flex e-con-boxed e-con e-child\" data-id=\"1ea031a\" data-element_type=\"container\">\n\t\t\t\t\t<div class=\"e-con-inner\">\n\t\t\t\t<div class=\"elementor-element elementor-element-114fcb8 elementor-widget elementor-widget-text-editor\" data-id=\"114fcb8\" data-element_type=\"widget\" data-widget_type=\"text-editor.default\">\n\t\t\t\t<div class=\"elementor-widget-container\">\n\t\t\t\t\t\t\t\t\t<p>Przedmiotem gwarancji s\u0105 urz\u0105dzenia, kt\u00f3re zosta\u0142y zakupione w firmie M\u00fcller Jelcz-Laskowice Sp. z o.o., na kt\u00f3re zosta\u0142a wystawiona faktura. Gwarancja udzielona przez Gwaranta obejmuje wy\u0142\u0105cznie odpowiedzialno\u015b\u0107 za wady fabryczne powsta\u0142e z przyczyn tkwi\u0105cych w sprzedanej rzeczy. Za wady fabryczne uwa\u017ca si\u0119 takie wady, kt\u00f3re powoduj\u0105, \u017ce urz\u0105dzenie nie spe\u0142nia swoich funkcji wynikaj\u0105cych z jego konstrukcji i przeznaczenia.<br \/>Odcienie kolor\u00f3w urz\u0105dze\u0144 mog\u0119 delikatnie r\u00f3\u017cni\u0107 si\u0119 od tych znajduj\u0105cych si\u0119 na oferowanej palecie (RAL), co nie uprawnia Klienta do roszczenia gwarancyjnego.<br \/>Naturalne jest wyst\u0119powanie nalot\u00f3w tlenku \u017celaza na cz\u0119\u015bciach metalowych element\u00f3w monta\u017cowych (\u015bruby, nakr\u0119tki, itp.), a w przypadku cz\u0119\u015bci ze stali nierdzewnej- w miejscach \u0142\u0105cze\u0144 element\u00f3w, na spawach itp. oraz zjawiska \u015bniedzi na elementach ocynkowanych ogniowo.<\/p>\n\t\t\t\t\t\t\t\t<\/div>\n\t\t\t\t<\/div>\n\t\t\t\t<div class=\"elementor-element elementor-element-e634550 elementor-widget elementor-widget-text-editor\" data-id=\"e634550\" data-element_type=\"widget\" data-widget_type=\"text-editor.default\">\n\t\t\t\t<div class=\"elementor-widget-container\">\n\t\t\t\t\t\t\t\t\t<p><strong>Tryb zg\u0142aszania i realizowania reklamacji<\/strong><br \/>Warunkiem rozpatrzenia reklamacji jest jej zg\u0142oszenie za pomoc\u0105 Formularza Reklamacyjnego znajduj\u0105cego si\u0119 na stronie internetowej <a href=\"https:\/\/muller.com.pl\">muller.com.pl<\/a> w zak\u0142adce \u201eSERWIS REKLAMACJE PRZEGL\u0104DY\u201d, w kt\u00f3rym nale\u017cy poda\u0107 nr dowodu zakupu reklamowanego urz\u0105dzenia oraz za\u0142\u0105czy\u0107 skan Karty Gwarancyjnej wraz z dokumentacj\u0105 fotograficzn\u0105 reklamowanego urz\u0105dzenia. Zg\u0142oszone reklamacje, kt\u00f3re nie b\u0119d\u0105 kompletne, nie b\u0119d\u0105 rozpatrywane, nie stanowi\u0105 one tak\u017ce wstrzymania biegu udzielonej gwarancji ani jej nie przed\u0142u\u017caj\u0105.<br \/>W przypadku uznania reklamacji, strony ustalaj\u0105 spos\u00f3b i termin jej realizacji uwzgl\u0119dniaj\u0105c mo\u017cliwo\u015bci produkcyjne i logistyczne oraz warunki atmosferyczne.<\/p>\n\t\t\t\t\t\t\t\t<\/div>\n\t\t\t\t<\/div>\n\t\t\t\t<div class=\"elementor-element elementor-element-350da76 elementor-widget elementor-widget-text-editor\" data-id=\"350da76\" data-element_type=\"widget\" data-widget_type=\"text-editor.default\">\n\t\t\t\t<div class=\"elementor-widget-container\">\n\t\t\t\t\t\t\t\t\t<strong>Termin gwarancji<\/strong> (liczony od momentu odbioru urz\u0105dze\u0144 przez Klienta)\n<ul>\n \t<li><strong>24 miesi\u0105ce<\/strong> &#8211; urz\u0105dzenia stalowe, betonowe, z elementami tworzyw sztucznych,<\/li>\n \t<li><strong>12 miesi\u0119cy<\/strong> &#8211; elementy drewniane (deski),<\/li>\n \t<li><strong>6 miesi\u0119cy<\/strong> &#8211; podzespo\u0142y wymienione w urz\u0105dzeniach (wymieniona cz\u0119\u015b\u0107 nie przed\u0142u\u017ca trwania gwarancji ca\u0142ego urz\u0105dzenia).<\/li>\n<\/ul>\n\t\t\t\t\t\t\t\t<\/div>\n\t\t\t\t<\/div>\n\t\t\t\t\t<\/div>\n\t\t\t\t<\/div>\n\t\t\t\t<\/div>\n\t\t\t\t\t<\/details>\n\t\t\t\t\t\t<details id=\"e-n-accordion-item-2531\" class=\"e-n-accordion-item\" >\n\t\t\t\t<summary class=\"e-n-accordion-item-title\" data-accordion-index=\"2\" tabindex=\"-1\" aria-expanded=\"false\" aria-controls=\"e-n-accordion-item-2531\" >\n\t\t\t\t\t<span class='e-n-accordion-item-title-header'><div class=\"e-n-accordion-item-title-text\"> 2. Za wady fizyczne obj\u0119te gwarancj\u0105 nie uwa\u017ca si\u0119 defekt\u00f3w spowodowanych: <\/div><\/span>\n\t\t\t\t\t\t\t<span class='e-n-accordion-item-title-icon'>\n\t\t\t<span class='e-opened' ><svg aria-hidden=\"true\" class=\"e-font-icon-svg e-fas-minus\" viewBox=\"0 0 448 512\" xmlns=\"http:\/\/www.w3.org\/2000\/svg\"><path d=\"M416 208H32c-17.67 0-32 14.33-32 32v32c0 17.67 14.33 32 32 32h384c17.67 0 32-14.33 32-32v-32c0-17.67-14.33-32-32-32z\"><\/path><\/svg><\/span>\n\t\t\t<span class='e-closed'><svg aria-hidden=\"true\" class=\"e-font-icon-svg e-fas-plus\" viewBox=\"0 0 448 512\" xmlns=\"http:\/\/www.w3.org\/2000\/svg\"><path d=\"M416 208H272V64c0-17.67-14.33-32-32-32h-32c-17.67 0-32 14.33-32 32v144H32c-17.67 0-32 14.33-32 32v32c0 17.67 14.33 32 32 32h144v144c0 17.67 14.33 32 32 32h32c17.67 0 32-14.33 32-32V304h144c17.67 0 32-14.33 32-32v-32c0-17.67-14.33-32-32-32z\"><\/path><\/svg><\/span>\n\t\t<\/span>\n\n\t\t\t\t\t\t<\/summary>\n\t\t\t\t<div role=\"region\" aria-labelledby=\"e-n-accordion-item-2531\" class=\"elementor-element elementor-element-5abcce8 e-con-full e-flex e-con e-child\" data-id=\"5abcce8\" data-element_type=\"container\">\n\t\t<div role=\"region\" aria-labelledby=\"e-n-accordion-item-2531\" class=\"elementor-element elementor-element-684c4a4 e-flex e-con-boxed e-con e-child\" data-id=\"684c4a4\" data-element_type=\"container\">\n\t\t\t\t\t<div class=\"e-con-inner\">\n\t\t\t\t<div class=\"elementor-element elementor-element-e6bac0e elementor-widget elementor-widget-text-editor\" data-id=\"e6bac0e\" data-element_type=\"widget\" data-widget_type=\"text-editor.default\">\n\t\t\t\t<div class=\"elementor-widget-container\">\n\t\t\t\t\t\t\t\t\t<ul>\n \t<li>nieprawid\u0142owym monta\u017cem (niezgodnym z instrukcj\u0105 monta\u017cu producenta),<\/li>\n \t<li>dewastacj\u0105,<\/li>\n \t<li>uszkodzeniem mechanicznym urz\u0105dze\u0144 w trakcie eksploatacji,<\/li>\n \t<li>po\u017carem lub inn\u0105 kl\u0119sk\u0105 \u017cywio\u0142ow\u0105,<\/li>\n \t<li>kradzie\u017c\u0105 element\u00f3w urz\u0105dze\u0144,<\/li>\n \t<li>naturalnym sp\u0119kaniem drewna, co nie stanowi zagro\u017cenia dla no\u015bno\u015bci konstrukcji drewnianej, kt\u00f3re s\u0105 naturalnym zjawiskiem wynikaj\u0105cym z proces\u00f3w zachodz\u0105cych w strukturze drewna,<\/li>\n \t<li>przetarciem ogniw \u0142a\u0144cucha i tulejek w cz\u0119\u015bciach przegubowych, a tak\u017ce wytarciem innych element\u00f3w gumowych czy z tworzywa, kt\u00f3re ulegaj\u0105 naturalnemu zu\u017cyciu w nast\u0119pstwie normalnej eksploatacji,<\/li>\n \t<li>promieniowaniem UV (przebarwienia niekt\u00f3rych element\u00f3w),<\/li>\n \t<li>wytarciem farby w miejscach intensywnie u\u017cytkowanych (np. miejsca podpar\u0107 st\u00f3p, miejsca cz\u0119stego chwytania r\u0119kami),<\/li>\n \t<li>naturalnymi zjawiskami zwi\u0105zanymi z w\u0142a\u015bciwo\u015bciami materia\u0142\u00f3w i ich u\u017cytkowaniem, opisanymi w pkt. I<\/li>\n \t<li>niew\u0142a\u015bciwym u\u017cytkowaniem i konserwacj\u0105, w szczeg\u00f3lno\u015bci niezgodnie z warunkami okre\u015blonymi w pkt. III<\/li>\n<\/ul>\t\t\t\t\t\t\t\t<\/div>\n\t\t\t\t<\/div>\n\t\t\t\t\t<\/div>\n\t\t\t\t<\/div>\n\t\t\t\t<\/div>\n\t\t\t\t\t<\/details>\n\t\t\t\t\t\t<details id=\"e-n-accordion-item-2532\" class=\"e-n-accordion-item\" >\n\t\t\t\t<summary class=\"e-n-accordion-item-title\" data-accordion-index=\"3\" tabindex=\"-1\" aria-expanded=\"false\" aria-controls=\"e-n-accordion-item-2532\" >\n\t\t\t\t\t<span class='e-n-accordion-item-title-header'><div class=\"e-n-accordion-item-title-text\"> 3. Spos\u00f3b u\u017cytkowania i konserwacji <\/div><\/span>\n\t\t\t\t\t\t\t<span class='e-n-accordion-item-title-icon'>\n\t\t\t<span class='e-opened' ><svg aria-hidden=\"true\" class=\"e-font-icon-svg e-fas-minus\" viewBox=\"0 0 448 512\" xmlns=\"http:\/\/www.w3.org\/2000\/svg\"><path d=\"M416 208H32c-17.67 0-32 14.33-32 32v32c0 17.67 14.33 32 32 32h384c17.67 0 32-14.33 32-32v-32c0-17.67-14.33-32-32-32z\"><\/path><\/svg><\/span>\n\t\t\t<span class='e-closed'><svg aria-hidden=\"true\" class=\"e-font-icon-svg e-fas-plus\" viewBox=\"0 0 448 512\" xmlns=\"http:\/\/www.w3.org\/2000\/svg\"><path d=\"M416 208H272V64c0-17.67-14.33-32-32-32h-32c-17.67 0-32 14.33-32 32v144H32c-17.67 0-32 14.33-32 32v32c0 17.67 14.33 32 32 32h144v144c0 17.67 14.33 32 32 32h32c17.67 0 32-14.33 32-32V304h144c17.67 0 32-14.33 32-32v-32c0-17.67-14.33-32-32-32z\"><\/path><\/svg><\/span>\n\t\t<\/span>\n\n\t\t\t\t\t\t<\/summary>\n\t\t\t\t<div role=\"region\" aria-labelledby=\"e-n-accordion-item-2532\" class=\"elementor-element elementor-element-3fbd6d1 e-con-full e-flex e-con e-child\" data-id=\"3fbd6d1\" data-element_type=\"container\">\n\t\t<div role=\"region\" aria-labelledby=\"e-n-accordion-item-2532\" class=\"elementor-element elementor-element-2952652 e-flex e-con-boxed e-con e-child\" data-id=\"2952652\" data-element_type=\"container\">\n\t\t\t\t\t<div class=\"e-con-inner\">\n\t\t\t\t<div class=\"elementor-element elementor-element-aee2b6a elementor-widget elementor-widget-text-editor\" data-id=\"aee2b6a\" data-element_type=\"widget\" data-widget_type=\"text-editor.default\">\n\t\t\t\t<div class=\"elementor-widget-container\">\n\t\t\t\t\t\t\t\t\t<ul>\n<li>urz\u0105dzenia s\u0105 elementami wyposa\u017cenia plac\u00f3w zabaw\/ teren\u00f3w rekreacyjnych i wy\u0142\u0105cznie do tego celu powinny s\u0142u\u017cy\u0107,<\/li>\n<li>bezwzgl\u0119dnie nale\u017cy dba\u0107, aby na powierzchni schod\u00f3w, podest\u00f3w, siedzisk itp. nie znajdowa\u0142y si\u0119 kamienie lub inne twarde przedmioty, kt\u00f3re mog\u0105 powodowa\u0107 ich uszkodzenie,<\/li>\n<li>nale\u017cy unika\u0107 wnoszenia na urz\u0105dzenia lub ich cz\u0119\u015bci ziemi lub b\u0142ota, a tak\u017ce systematycznie usuwa\u0107 pojawiaj\u0105ce si\u0119 inne zabrudzenia (li\u015bcie, kamienie, papiery, \u015bmieci, igliwie itp.), u\u017cytkownik\/ administrator obiektu obowi\u0105zany jest prowadzi\u0107 bie\u017c\u0105c\u0105 piel\u0119gnacj\u0119 urz\u0105dze\u0144,<\/li>\n<li>w przypadku zabrudzenia powierzchni urz\u0105dze\u0144 ziemi\u0105, piaskiem czy b\u0142otem nale\u017cy oczy\u015bci\u0107 je przy pomocy silnego strumienia wody, wi\u0119ksze \u015bmieci mo\u017cna usun\u0105\u0107 r\u0119cznie lub za pomoc\u0105 szczotki,<\/li>\n<li>bezwzgl\u0119dnie nale\u017cy zapobiega\u0107 dostawaniu si\u0119 do element\u00f3w mechanicznych urz\u0105dze\u0144 (\u0142o\u017cyska, przeguby itp.) zabrudze\u0144, kt\u00f3re mog\u0105 je uszkodzi\u0107 (np. piasek, ziemia)<\/li>\n<li>w przypadku element\u00f3w drewnianych nale\u017cy w szczeg\u00f3lny spos\u00f3b zadba\u0107, aby przed okresem zimowym zosta\u0142y one zabezpieczone przed dzia\u0142aniem warunk\u00f3w atmosferycznych oraz po okresie zimowym nale\u017cy sprawdzi\u0107 ich stan i dokona\u0107 odpowiednich zabieg\u00f3w konserwacyjnych w przypadku uszkodzonych nawierzchni.<\/li>\n<\/ul>\n\t\t\t\t\t\t\t\t<\/div>\n\t\t\t\t<\/div>\n\t\t\t\t\t<\/div>\n\t\t\t\t<\/div>\n\t\t\t\t<\/div>\n\t\t\t\t\t<\/details>\n\t\t\t\t\t\t<details id=\"e-n-accordion-item-2533\" class=\"e-n-accordion-item\" >\n\t\t\t\t<summary class=\"e-n-accordion-item-title\" data-accordion-index=\"4\" tabindex=\"-1\" aria-expanded=\"false\" aria-controls=\"e-n-accordion-item-2533\" >\n\t\t\t\t\t<span class='e-n-accordion-item-title-header'><div class=\"e-n-accordion-item-title-text\"> 4. Wyga\u015bni\u0119cie gwarancji <\/div><\/span>\n\t\t\t\t\t\t\t<span class='e-n-accordion-item-title-icon'>\n\t\t\t<span class='e-opened' ><svg aria-hidden=\"true\" class=\"e-font-icon-svg e-fas-minus\" viewBox=\"0 0 448 512\" xmlns=\"http:\/\/www.w3.org\/2000\/svg\"><path d=\"M416 208H32c-17.67 0-32 14.33-32 32v32c0 17.67 14.33 32 32 32h384c17.67 0 32-14.33 32-32v-32c0-17.67-14.33-32-32-32z\"><\/path><\/svg><\/span>\n\t\t\t<span class='e-closed'><svg aria-hidden=\"true\" class=\"e-font-icon-svg e-fas-plus\" viewBox=\"0 0 448 512\" xmlns=\"http:\/\/www.w3.org\/2000\/svg\"><path d=\"M416 208H272V64c0-17.67-14.33-32-32-32h-32c-17.67 0-32 14.33-32 32v144H32c-17.67 0-32 14.33-32 32v32c0 17.67 14.33 32 32 32h144v144c0 17.67 14.33 32 32 32h32c17.67 0 32-14.33 32-32V304h144c17.67 0 32-14.33 32-32v-32c0-17.67-14.33-32-32-32z\"><\/path><\/svg><\/span>\n\t\t<\/span>\n\n\t\t\t\t\t\t<\/summary>\n\t\t\t\t<div role=\"region\" aria-labelledby=\"e-n-accordion-item-2533\" class=\"elementor-element elementor-element-2991920 e-con-full e-flex e-con e-child\" data-id=\"2991920\" data-element_type=\"container\">\n\t\t<div role=\"region\" aria-labelledby=\"e-n-accordion-item-2533\" class=\"elementor-element elementor-element-e2bb690 e-flex e-con-boxed e-con e-child\" data-id=\"e2bb690\" data-element_type=\"container\">\n\t\t\t\t\t<div class=\"e-con-inner\">\n\t\t\t\t<div class=\"elementor-element elementor-element-94b1fcb elementor-widget elementor-widget-text-editor\" data-id=\"94b1fcb\" data-element_type=\"widget\" data-widget_type=\"text-editor.default\">\n\t\t\t\t<div class=\"elementor-widget-container\">\n\t\t\t\t\t\t\t\t\tGwarancja ulega wyga\u015bni\u0119ciu przed okre\u015blonym terminem, je\u015bli:\n<ul>\n \t<li>urz\u0105dzenia b\u0119d\u0105 u\u017cytkowanie niezgodnie z ich przeznaczeniem,<\/li>\n \t<li>urz\u0105dzenia nie b\u0119d\u0105 konserwowane lub naprawiane cz\u0119\u015bciami zamiennymi producenta lub przez niego poleconymi,<\/li>\n \t<li>podczas samodzielnej naprawy usterki urz\u0105dzenia zostanie ono jakkolwiek zmodyfikowane przez Klienta\/U\u017cytkownika\/ Administratora obiektu.<\/li>\n<\/ul>\t\t\t\t\t\t\t\t<\/div>\n\t\t\t\t<\/div>\n\t\t\t\t\t<\/div>\n\t\t\t\t<\/div>\n\t\t\t\t<\/div>\n\t\t\t\t\t<\/details>\n\t\t\t\t\t<\/div>\n\t\t\t\t\t\t<\/div>\n\t\t\t\t<\/div>\n\t\t\t\t\t<\/div>\n\t\t\t\t<\/div>\n\t\t\t\t<\/div>\n\t\t","protected":false},"excerpt":{"rendered":"<p>Warranty Terms 1. Warunki gwarancji Przedmiotem gwarancji s\u0105 urz\u0105dzenia, kt\u00f3re zosta\u0142y zakupione w firmie M\u00fcller Jelcz-Laskowice Sp. z o.o., na kt\u00f3re zosta\u0142a wystawiona faktura. Gwarancja udzielona przez Gwaranta obejmuje wy\u0142\u0105cznie odpowiedzialno\u015b\u0107 za wady fabryczne powsta\u0142e z przyczyn tkwi\u0105cych w sprzedanej rzeczy. Za wady fabryczne uwa\u017ca si\u0119 takie wady, kt\u00f3re powoduj\u0105, \u017ce urz\u0105dzenie nie spe\u0142nia swoich&hellip;<\/p>\n","protected":false},"author":1,"featured_media":0,"parent":0,"menu_order":15,"comment_status":"open","ping_status":"open","template":"elementor_header_footer","meta":{"slim_seo":{"title":"Warranty Terms - Muller","description":"Warranty Terms 1. Warunki gwarancji Przedmiotem gwarancji s\u0105 urz\u0105dzenia, kt\u00f3re zosta\u0142y zakupione w firmie M\u00fcller Jelcz-Laskowice Sp. z o.o., na kt\u00f3re zosta\u0142a wy"},"footnotes":""},"class_list":["post-19937","page","type-page","status-publish","hentry"],"_links":{"self":[{"href":"https:\/\/muller.com.pl\/en\/wp-json\/wp\/v2\/pages\/19937","targetHints":{"allow":["GET"]}}],"collection":[{"href":"https:\/\/muller.com.pl\/en\/wp-json\/wp\/v2\/pages"}],"about":[{"href":"https:\/\/muller.com.pl\/en\/wp-json\/wp\/v2\/types\/page"}],"author":[{"embeddable":true,"href":"https:\/\/muller.com.pl\/en\/wp-json\/wp\/v2\/users\/1"}],"replies":[{"embeddable":true,"href":"https:\/\/muller.com.pl\/en\/wp-json\/wp\/v2\/comments?post=19937"}],"version-history":[{"count":1,"href":"https:\/\/muller.com.pl\/en\/wp-json\/wp\/v2\/pages\/19937\/revisions"}],"predecessor-version":[{"id":19938,"href":"https:\/\/muller.com.pl\/en\/wp-json\/wp\/v2\/pages\/19937\/revisions\/19938"}],"wp:attachment":[{"href":"https:\/\/muller.com.pl\/en\/wp-json\/wp\/v2\/media?parent=19937"}],"curies":[{"name":"wp","href":"https:\/\/api.w.org\/{rel}","templated":true}]}}