{"id":1014,"date":"2019-08-06T05:48:50","date_gmt":"2019-08-06T05:48:50","guid":{"rendered":"https:\/\/muller.com.pl\/street-workout-27"},"modified":"2025-07-02T08:37:29","modified_gmt":"2025-07-02T08:37:29","slug":"street-workout-27","status":"publish","type":"product","link":"https:\/\/muller.com.pl\/en\/zestawy-street-workout\/street-workout-27","title":{"rendered":"Street Workout 27"},"content":{"rendered":"<p><span style=\"font-size: 12pt;\"><strong>Zestaw Street Workout 27<\/strong><\/span><\/p>\n<ul>\n<li>Wszystkie s\u0142upy wykonane z profilu zamkni\u0119tego 100x100x3mm,<\/li>\n<li>Dr\u0105\u017cki wykonane z rury \u00f833,7x4mm,<\/li>\n<li>Ko\u0142a gimnastyczne wykonane z rury chromowej \u00f830x2mm oraz liny zbrojonej \u00f816mm,<\/li>\n<li>Rura pionowa wykonana z rury \u00d838x4m,<\/li>\n<li>Drabinka pozioma wykonana z rury \u00d838x4mm oraz \u00d833,7x4mm<\/li>\n<li>Wszystkie elementy stalowe urz\u0105dzenia zabezpieczona antykorozyjnie i dodatkowo malowane lakierem akrylowym strukturalnym,<\/li>\n<li>W komplecie znajduj\u0105 si\u0119 fundamenty wykonane z betonu, u\u0142atwiaj\u0105ce monta\u017c.<\/li>\n<\/ul>\n<p><strong><span style=\"font-size: 12pt;\">Cz\u0119\u015bci sk\u0142adowe zestawu<\/span><\/strong><\/p>\n<ul>\n<li>Por\u0119cze r\u00f3wnoleg\u0142e podw\u00f3jne \u2013 1 kpl.<\/li>\n<li>Drabinka pozioma \u2013 1 szt.<\/li>\n<li>Drabinka sko\u015bna \u2013 1 szt.<\/li>\n<li>Rura pionowa \u2013 1 szt.<\/li>\n<li>Ko\u0142a gimnastyczne \u2013 1 kpl.<\/li>\n<li>Dr\u0105\u017cki do podci\u0105gania \u2013 3 szt.<\/li>\n<\/ul>\n<p>&nbsp;<\/p>\n","protected":false},"excerpt":{"rendered":"<p>Zestaw Street Workout 27 Wszystkie s\u0142upy wykonane z profilu zamkni\u0119tego 100x100x3mm, Dr\u0105\u017cki wykonane z rury \u00f833,7x4mm, Ko\u0142a gimnastyczne wykonane z rury chromowej \u00f830x2mm oraz liny zbrojonej \u00f816mm, Rura pionowa wykonana z rury \u00d838x4m, Drabinka pozioma wykonana z rury \u00d838x4mm oraz \u00d833,7x4mm Wszystkie elementy stalowe urz\u0105dzenia zabezpieczona antykorozyjnie i dodatkowo malowane lakierem akrylowym strukturalnym, W komplecie&hellip;<\/p>\n","protected":false},"featured_media":31674,"comment_status":"open","ping_status":"closed","template":"","meta":{"slim_seo":{"title":"Street Workout 27 - Muller","description":"Zestaw Street Workout 27 Wszystkie s\u0142upy wykonane z profilu zamkni\u0119tego 100x100x3mm, Dr\u0105\u017cki wykonane z rury \u00f833,7x4mm, Ko\u0142a gimnastyczne wykonane z rury chromow"}},"product_brand":[],"product_cat":[158],"product_tag":[],"class_list":{"0":"post-1014","1":"product","2":"type-product","3":"status-publish","4":"has-post-thumbnail","6":"product_cat-zestawy-street-workout","7":"description-off","9":"first","10":"instock","11":"purchasable","12":"product-type-simple"},"_links":{"self":[{"href":"https:\/\/muller.com.pl\/en\/wp-json\/wp\/v2\/product\/1014","targetHints":{"allow":["GET"]}}],"collection":[{"href":"https:\/\/muller.com.pl\/en\/wp-json\/wp\/v2\/product"}],"about":[{"href":"https:\/\/muller.com.pl\/en\/wp-json\/wp\/v2\/types\/product"}],"replies":[{"embeddable":true,"href":"https:\/\/muller.com.pl\/en\/wp-json\/wp\/v2\/comments?post=1014"}],"wp:featuredmedia":[{"embeddable":true,"href":"https:\/\/muller.com.pl\/en\/wp-json\/wp\/v2\/media\/31674"}],"wp:attachment":[{"href":"https:\/\/muller.com.pl\/en\/wp-json\/wp\/v2\/media?parent=1014"}],"wp:term":[{"taxonomy":"product_brand","embeddable":true,"href":"https:\/\/muller.com.pl\/en\/wp-json\/wp\/v2\/product_brand?post=1014"},{"taxonomy":"product_cat","embeddable":true,"href":"https:\/\/muller.com.pl\/en\/wp-json\/wp\/v2\/product_cat?post=1014"},{"taxonomy":"product_tag","embeddable":true,"href":"https:\/\/muller.com.pl\/en\/wp-json\/wp\/v2\/product_tag?post=1014"}],"curies":[{"name":"wp","href":"https:\/\/api.w.org\/{rel}","templated":true}]}}