{"id":1015,"date":"2019-08-06T06:11:17","date_gmt":"2019-08-06T06:11:17","guid":{"rendered":"https:\/\/muller.com.pl\/street-workout-28"},"modified":"2024-10-02T12:34:31","modified_gmt":"2024-10-02T12:34:31","slug":"street-workout-28","status":"publish","type":"product","link":"https:\/\/muller.com.pl\/en\/zestawy-street-workout\/street-workout-28","title":{"rendered":"Street Workout 28"},"content":{"rendered":"<p><span style=\"font-size: 12pt;\"><strong>Zestaw Street Workout 28<\/strong><\/span><\/p>\n<ul>\n<li>Wszystkie s\u0142upy wykonane z profilu zamkni\u0119tego 100x100x3mm,<\/li>\n<li>Dr\u0105\u017cki oraz drabinka pionowa wykonane z rury \u00f833,7x4mm,<\/li>\n<li>Drabinka pozioma wykonana z rury \u00d838x4mm oraz \u00d833,7x4mm,<\/li>\n<li>Por\u0119cze r\u00f3wnoleg\u0142e wykonane z rury \u00d838x4mm,<\/li>\n<li>Ko\u0142a gimnastyczne wykonane z rury chromowej \u00f830x2mm oraz liny zbrojonej \u00f816mm,<\/li>\n<li>Rury pionowe wykonane z rury \u00d848,3&#215;2,9mm oraz \u00d838x4mm,<\/li>\n<li>Por\u0119cze do pompek wykonane z rury \u00f848,3&#215;2,9mm,<\/li>\n<li>Siedzisko \u0142aweczki do \u0107wicze\u0144 wykonane z p\u0142yty HDPE o grubo\u015bci 15mm,<\/li>\n<li>Wszystkie elementy stalowe urz\u0105dzenia zabezpieczona antykorozyjnie i dodatkowo malowane lakierem akrylowym strukturalnym,<\/li>\n<li>W komplecie znajduj\u0105 si\u0119 fundamenty wykonane z betonu, u\u0142atwiaj\u0105ce monta\u017c.<\/li>\n<\/ul>\n<p><span style=\"font-size: 12pt;\"><strong>Cz\u0119\u015bci sk\u0142adowe zestawu<\/strong><\/span><\/p>\n<ul>\n<li>Ko\u0142a gimnastyczne \u2013 1kpl.<\/li>\n<li>Drabinka pozioma \u2013 1szt<\/li>\n<li>Rura pionowa \u2013 2szt<\/li>\n<li>\u0141aweczka do \u0107wicze\u0144 z drabin\u0105 \u2013 1szt<\/li>\n<li>Drabinka pionowa \u2013 1szt<\/li>\n<li>Dr\u0105\u017cki do podci\u0105gania \u2013 5szt<\/li>\n<li>Por\u0119cze do pompek \u2013 1kpl.<\/li>\n<li>Por\u0119cze r\u00f3wnoleg\u0142e podw\u00f3jne \u2013 3kpl.<\/li>\n<li>Dr\u0105\u017cek zygzak \u2013 1szt<\/li>\n<\/ul>\n<p>&nbsp;<\/p>\n","protected":false},"excerpt":{"rendered":"<p>Zestaw Street Workout 28 Wszystkie s\u0142upy wykonane z profilu zamkni\u0119tego 100x100x3mm, Dr\u0105\u017cki oraz drabinka pionowa wykonane z rury \u00f833,7x4mm, Drabinka pozioma wykonana z rury \u00d838x4mm oraz \u00d833,7x4mm, Por\u0119cze r\u00f3wnoleg\u0142e wykonane z rury \u00d838x4mm, Ko\u0142a gimnastyczne wykonane z rury chromowej \u00f830x2mm oraz liny zbrojonej \u00f816mm, Rury pionowe wykonane z rury \u00d848,3&#215;2,9mm oraz \u00d838x4mm, Por\u0119cze do pompek&hellip;<\/p>\n","protected":false},"featured_media":10281,"comment_status":"open","ping_status":"closed","template":"","meta":{"slim_seo":{"title":"Street Workout 28 - Muller","description":"Zestaw Street Workout 28 Wszystkie s\u0142upy wykonane z profilu zamkni\u0119tego 100x100x3mm, Dr\u0105\u017cki oraz drabinka pionowa wykonane z rury \u00f833,7x4mm, Drabinka pozioma wy"}},"product_brand":[],"product_cat":[158],"product_tag":[],"class_list":{"0":"post-1015","1":"product","2":"type-product","3":"status-publish","4":"has-post-thumbnail","6":"product_cat-zestawy-street-workout","7":"description-off","9":"first","10":"instock","11":"purchasable","12":"product-type-simple"},"_links":{"self":[{"href":"https:\/\/muller.com.pl\/en\/wp-json\/wp\/v2\/product\/1015","targetHints":{"allow":["GET"]}}],"collection":[{"href":"https:\/\/muller.com.pl\/en\/wp-json\/wp\/v2\/product"}],"about":[{"href":"https:\/\/muller.com.pl\/en\/wp-json\/wp\/v2\/types\/product"}],"replies":[{"embeddable":true,"href":"https:\/\/muller.com.pl\/en\/wp-json\/wp\/v2\/comments?post=1015"}],"wp:featuredmedia":[{"embeddable":true,"href":"https:\/\/muller.com.pl\/en\/wp-json\/wp\/v2\/media\/10281"}],"wp:attachment":[{"href":"https:\/\/muller.com.pl\/en\/wp-json\/wp\/v2\/media?parent=1015"}],"wp:term":[{"taxonomy":"product_brand","embeddable":true,"href":"https:\/\/muller.com.pl\/en\/wp-json\/wp\/v2\/product_brand?post=1015"},{"taxonomy":"product_cat","embeddable":true,"href":"https:\/\/muller.com.pl\/en\/wp-json\/wp\/v2\/product_cat?post=1015"},{"taxonomy":"product_tag","embeddable":true,"href":"https:\/\/muller.com.pl\/en\/wp-json\/wp\/v2\/product_tag?post=1015"}],"curies":[{"name":"wp","href":"https:\/\/api.w.org\/{rel}","templated":true}]}}