{"id":1017,"date":"2019-08-06T09:40:42","date_gmt":"2019-08-06T09:40:42","guid":{"rendered":"https:\/\/muller.com.pl\/street-workout-30"},"modified":"2025-06-24T10:22:30","modified_gmt":"2025-06-24T10:22:30","slug":"street-workout-30","status":"publish","type":"product","link":"https:\/\/muller.com.pl\/en\/zestawy-street-workout\/street-workout-30","title":{"rendered":"Street Workout 30"},"content":{"rendered":"<p>&nbsp;<\/p>\n<p><span style=\"font-size: 12pt;\"><strong>Zestaw Street Workout 30<\/strong><\/span><\/p>\n<ul>\n<li>Wszystkie s\u0142upy wykonane z profilu zamkni\u0119tego 100x100x3mm,<\/li>\n<li>Dr\u0105\u017cki oraz drabinka pionowa wykonane z rury \u00f833,7x4mm,<\/li>\n<li>Drabinka pozioma wykonana z rury \u00d838x4mm oraz \u00d833,7x4mm,<\/li>\n<li>Wszystkie elementy stalowe urz\u0105dzenia zabezpieczona antykorozyjnie i dodatkowo malowane lakierem<\/li>\n<li>akrylowym strukturalnym,<\/li>\n<li>W komplecie znajduj\u0105 si\u0119 fundamenty wykonane z betonu, u\u0142atwiaj\u0105ce monta\u017c.<\/li>\n<\/ul>\n<p><span style=\"font-size: 12pt;\"><strong>Cz\u0119\u015bci sk\u0142adowe zestawu<\/strong><\/span><\/p>\n<ul>\n<li>Dr\u0105\u017cek zygzak \u2013 1szt<\/li>\n<li>Drabinka pionowa \u2013 1szt<\/li>\n<li>Drabina pozioma \u2013 1szt<\/li>\n<li>Dr\u0105\u017cki do podci\u0105gania \u2013 3szt<\/li>\n<\/ul>\n","protected":false},"excerpt":{"rendered":"<p>&nbsp; Zestaw Street Workout 30 Wszystkie s\u0142upy wykonane z profilu zamkni\u0119tego 100x100x3mm, Dr\u0105\u017cki oraz drabinka pionowa wykonane z rury \u00f833,7x4mm, Drabinka pozioma wykonana z rury \u00d838x4mm oraz \u00d833,7x4mm, Wszystkie elementy stalowe urz\u0105dzenia zabezpieczona antykorozyjnie i dodatkowo malowane lakierem akrylowym strukturalnym, W komplecie znajduj\u0105 si\u0119 fundamenty wykonane z betonu, u\u0142atwiaj\u0105ce monta\u017c. Cz\u0119\u015bci sk\u0142adowe zestawu Dr\u0105\u017cek zygzak&hellip;<\/p>\n","protected":false},"featured_media":10299,"comment_status":"open","ping_status":"closed","template":"","meta":{"slim_seo":{"title":"Street Workout 30 - Muller","description":"&nbsp; Zestaw Street Workout 30 Wszystkie s\u0142upy wykonane z profilu zamkni\u0119tego 100x100x3mm, Dr\u0105\u017cki oraz drabinka pionowa wykonane z rury \u00f833,7x4mm, Drabinka poz"}},"product_brand":[],"product_cat":[158],"product_tag":[],"class_list":{"0":"post-1017","1":"product","2":"type-product","3":"status-publish","4":"has-post-thumbnail","6":"product_cat-zestawy-street-workout","7":"description-off","9":"first","10":"instock","11":"purchasable","12":"product-type-simple"},"_links":{"self":[{"href":"https:\/\/muller.com.pl\/en\/wp-json\/wp\/v2\/product\/1017","targetHints":{"allow":["GET"]}}],"collection":[{"href":"https:\/\/muller.com.pl\/en\/wp-json\/wp\/v2\/product"}],"about":[{"href":"https:\/\/muller.com.pl\/en\/wp-json\/wp\/v2\/types\/product"}],"replies":[{"embeddable":true,"href":"https:\/\/muller.com.pl\/en\/wp-json\/wp\/v2\/comments?post=1017"}],"wp:featuredmedia":[{"embeddable":true,"href":"https:\/\/muller.com.pl\/en\/wp-json\/wp\/v2\/media\/10299"}],"wp:attachment":[{"href":"https:\/\/muller.com.pl\/en\/wp-json\/wp\/v2\/media?parent=1017"}],"wp:term":[{"taxonomy":"product_brand","embeddable":true,"href":"https:\/\/muller.com.pl\/en\/wp-json\/wp\/v2\/product_brand?post=1017"},{"taxonomy":"product_cat","embeddable":true,"href":"https:\/\/muller.com.pl\/en\/wp-json\/wp\/v2\/product_cat?post=1017"},{"taxonomy":"product_tag","embeddable":true,"href":"https:\/\/muller.com.pl\/en\/wp-json\/wp\/v2\/product_tag?post=1017"}],"curies":[{"name":"wp","href":"https:\/\/api.w.org\/{rel}","templated":true}]}}