{"id":1020,"date":"2019-08-08T10:13:19","date_gmt":"2019-08-08T10:13:19","guid":{"rendered":"https:\/\/muller.com.pl\/street-workout-36"},"modified":"2024-10-02T12:29:30","modified_gmt":"2024-10-02T12:29:30","slug":"street-workout-36","status":"publish","type":"product","link":"https:\/\/muller.com.pl\/en\/zestawy-street-workout\/street-workout-36","title":{"rendered":"Street Workout 36"},"content":{"rendered":"<p>&nbsp;<\/p>\n<p><span style=\"font-size: 12pt;\"><strong>Zestaw Street Workout 36<\/strong><\/span><\/p>\n<ul>\n<li>Wszystkie s\u0142upy wykonane z profilu zamkni\u0119tego 100x100x3mm,<\/li>\n<li>Dr\u0105\u017cki oraz drabinka pionowa wykonane z rury \u00f833,7x4mm,<\/li>\n<li>Drabinka pozioma wykonana z rury \u00d838x4mm oraz \u00d833,7x4mm,<\/li>\n<li>Por\u0119cze r\u00f3wnoleg\u0142e oraz wykonane z rury \u00d838x4mm,<\/li>\n<li>Wszystkie elementy stalowe urz\u0105dzenia zabezpieczona antykorozyjnie i dodatkowo malowane lakierem akrylowym strukturalnym,<\/li>\n<li>W komplecie znajduj\u0105 si\u0119 fundamenty wykonane z betonu u\u0142atwiaj\u0105ce monta\u017c.<\/li>\n<\/ul>\n<p><span style=\"font-size: 12pt;\"><strong>Cz\u0119\u015bci sk\u0142adowe zestawu<\/strong><\/span><\/p>\n<ul>\n<li>Slanted bar \u2013 2pcs.<\/li>\n<li>Slanted ladder \u2013 2pcs.<\/li>\n<li>Horizontal ladder \u2013 1pc.<\/li>\n<li>Ladder \u2013 3pcs.<\/li>\n<li>Exercise pole \u2013 5pcs.<\/li>\n<li>Salomon Ladder \u2013 1pc.<\/li>\n<li>Double push-up bars \u2013 1 set<\/li>\n<li>Gymnastic rings \u2013 2 sets<\/li>\n<li>Climbing rope \u2013 1pc.<\/li>\n<li>Triple parallel bars \u2013 1set<\/li>\n<li>Exercise bench \u2013 2pcs.<\/li>\n<li>Slanted exercise bench \u2013 2pcs.<\/li>\n<li>Pull-up bar \u2013 26 pcs.<\/li>\n<li>Horizontal snake ladder \u00a0\u2013 1 pc.<\/li>\n<\/ul>\n","protected":false},"excerpt":{"rendered":"<p>&nbsp; Zestaw Street Workout 36 Wszystkie s\u0142upy wykonane z profilu zamkni\u0119tego 100x100x3mm, Dr\u0105\u017cki oraz drabinka pionowa wykonane z rury \u00f833,7x4mm, Drabinka pozioma wykonana z rury \u00d838x4mm oraz \u00d833,7x4mm, Por\u0119cze r\u00f3wnoleg\u0142e oraz wykonane z rury \u00d838x4mm, Wszystkie elementy stalowe urz\u0105dzenia zabezpieczona antykorozyjnie i dodatkowo malowane lakierem akrylowym strukturalnym, W komplecie znajduj\u0105 si\u0119 fundamenty wykonane z betonu&hellip;<\/p>\n","protected":false},"featured_media":10355,"comment_status":"open","ping_status":"closed","template":"","meta":{"slim_seo":{"title":"Street Workout 36 - Muller","description":"&nbsp; Zestaw Street Workout 36 Wszystkie s\u0142upy wykonane z profilu zamkni\u0119tego 100x100x3mm, Dr\u0105\u017cki oraz drabinka pionowa wykonane z rury \u00f833,7x4mm, Drabinka poz"}},"product_brand":[],"product_cat":[158],"product_tag":[],"class_list":{"0":"post-1020","1":"product","2":"type-product","3":"status-publish","4":"has-post-thumbnail","6":"product_cat-zestawy-street-workout","7":"description-off","9":"first","10":"instock","11":"purchasable","12":"product-type-simple"},"_links":{"self":[{"href":"https:\/\/muller.com.pl\/en\/wp-json\/wp\/v2\/product\/1020","targetHints":{"allow":["GET"]}}],"collection":[{"href":"https:\/\/muller.com.pl\/en\/wp-json\/wp\/v2\/product"}],"about":[{"href":"https:\/\/muller.com.pl\/en\/wp-json\/wp\/v2\/types\/product"}],"replies":[{"embeddable":true,"href":"https:\/\/muller.com.pl\/en\/wp-json\/wp\/v2\/comments?post=1020"}],"wp:featuredmedia":[{"embeddable":true,"href":"https:\/\/muller.com.pl\/en\/wp-json\/wp\/v2\/media\/10355"}],"wp:attachment":[{"href":"https:\/\/muller.com.pl\/en\/wp-json\/wp\/v2\/media?parent=1020"}],"wp:term":[{"taxonomy":"product_brand","embeddable":true,"href":"https:\/\/muller.com.pl\/en\/wp-json\/wp\/v2\/product_brand?post=1020"},{"taxonomy":"product_cat","embeddable":true,"href":"https:\/\/muller.com.pl\/en\/wp-json\/wp\/v2\/product_cat?post=1020"},{"taxonomy":"product_tag","embeddable":true,"href":"https:\/\/muller.com.pl\/en\/wp-json\/wp\/v2\/product_tag?post=1020"}],"curies":[{"name":"wp","href":"https:\/\/api.w.org\/{rel}","templated":true}]}}