{"id":1142,"date":"2024-09-03T11:00:27","date_gmt":"2024-09-03T11:00:27","guid":{"rendered":"https:\/\/muller.com.pl\/futura-play-93-1142"},"modified":"2024-09-20T11:20:56","modified_gmt":"2024-09-20T11:20:56","slug":"futura-play-93-1142","status":"publish","type":"product","link":"https:\/\/muller.com.pl\/en\/futura-play\/futura-play-93-1142","title":{"rendered":"Futura Play 93"},"content":{"rendered":"<ul>\n<li>Konstrukcja wykonana z rury nierdzewnej \u00d860,3x2mm,<\/li>\n<li>Podest wykonany z antypo\u015blizgowej sklejki wodoodpornej o grubo\u015bci 21mm,<\/li>\n<li>Elementy powierzchniowe wykonane z p\u0142yty HPL i HDPE,<\/li>\n<li>Zje\u017cd\u017calnia wykonana z blachy nierdzewnej 2mm oraz frezowanej p\u0142yty HDE o grubo\u015bci 19mm,<\/li>\n<li>Zje\u017cd\u017calnia rurowa wykonana z tworzywa sztucznego,<\/li>\n<li>Elementy linowe wykonane z liny zbrojonej \u00d816mm,<\/li>\n<li>W komplecie znajduj\u0105 si\u0119 fundamenty wykonane z betonu C25\/30, u\u0142atwiaj\u0105ce monta\u017c.<\/li>\n<\/ul>\n<h3><\/h3>\n","protected":false},"excerpt":{"rendered":"<p>Konstrukcja wykonana z rury nierdzewnej \u00d860,3x2mm, Podest wykonany z antypo\u015blizgowej sklejki wodoodpornej o grubo\u015bci 21mm, Elementy powierzchniowe wykonane z p\u0142yty HPL i HDPE, Zje\u017cd\u017calnia wykonana z blachy nierdzewnej 2mm oraz frezowanej p\u0142yty HDE o grubo\u015bci 19mm, Zje\u017cd\u017calnia rurowa wykonana z tworzywa sztucznego, Elementy linowe wykonane z liny zbrojonej \u00d816mm, W komplecie znajduj\u0105 si\u0119 fundamenty wykonane&hellip;<\/p>\n","protected":false},"featured_media":28845,"comment_status":"open","ping_status":"closed","template":"","meta":{"slim_seo":{"title":"Futura Play 93 - Muller","description":"Konstrukcja wykonana z rury nierdzewnej \u00d860,3x2mm, Podest wykonany z antypo\u015blizgowej sklejki wodoodpornej o grubo\u015bci 21mm, Elementy powierzchniowe wykonane z p\u0142"}},"product_brand":[],"product_cat":[149],"product_tag":[],"class_list":{"0":"post-1142","1":"product","2":"type-product","3":"status-publish","4":"has-post-thumbnail","6":"product_cat-futura-play","7":"description-off","9":"first","10":"instock","11":"purchasable","12":"product-type-simple"},"_links":{"self":[{"href":"https:\/\/muller.com.pl\/en\/wp-json\/wp\/v2\/product\/1142","targetHints":{"allow":["GET"]}}],"collection":[{"href":"https:\/\/muller.com.pl\/en\/wp-json\/wp\/v2\/product"}],"about":[{"href":"https:\/\/muller.com.pl\/en\/wp-json\/wp\/v2\/types\/product"}],"replies":[{"embeddable":true,"href":"https:\/\/muller.com.pl\/en\/wp-json\/wp\/v2\/comments?post=1142"}],"wp:featuredmedia":[{"embeddable":true,"href":"https:\/\/muller.com.pl\/en\/wp-json\/wp\/v2\/media\/28845"}],"wp:attachment":[{"href":"https:\/\/muller.com.pl\/en\/wp-json\/wp\/v2\/media?parent=1142"}],"wp:term":[{"taxonomy":"product_brand","embeddable":true,"href":"https:\/\/muller.com.pl\/en\/wp-json\/wp\/v2\/product_brand?post=1142"},{"taxonomy":"product_cat","embeddable":true,"href":"https:\/\/muller.com.pl\/en\/wp-json\/wp\/v2\/product_cat?post=1142"},{"taxonomy":"product_tag","embeddable":true,"href":"https:\/\/muller.com.pl\/en\/wp-json\/wp\/v2\/product_tag?post=1142"}],"curies":[{"name":"wp","href":"https:\/\/api.w.org\/{rel}","templated":true}]}}