{"id":1386,"date":"2024-10-25T11:49:04","date_gmt":"2024-10-25T11:49:04","guid":{"rendered":"https:\/\/muller.com.pl\/hustawka-baranie-rogi-jednoosobowa-2"},"modified":"2024-05-20T17:59:31","modified_gmt":"2024-05-20T17:59:31","slug":"hustawka-baranie-rogi-jednoosobowa-2","status":"publish","type":"product","link":"https:\/\/muller.com.pl\/en\/swings\/hustawka-baranie-rogi-jednoosobowa-2","title":{"rendered":"Single Swing Set"},"content":{"rendered":"<p>\u2022 The construction made of steel pipes with diameter of \u00d876,1&#215;3,2mm, \u00d857&#215;2,9mm and \u00d848,3&#215;2,9mm, <br \/>\u2022 The chains \u00d8 5mm made of stainless steel,<br \/>\u2022 The use of Teflon bushings ensures smooth swing. The swing system requires no maintenance. <br \/>\u2022 All steel elements are hot dip galvanized and painted with an acrylic, structural lacquer<br \/>\u2022 The set includes foundations made of concrete of class C25\/30<br \/>\u2022 In case of applying a synthetic surface that is on the same level that the surrounding surface, an additional space 0,5m free from obstacles of 0.5m in both directions of movement of the swing.<\/p>\n","protected":false},"excerpt":{"rendered":"<p>\u2022 The construction made of steel pipes with diameter of \u00d876,1&#215;3,2mm, \u00d857&#215;2,9mm and \u00d848,3&#215;2,9mm, \u2022 The chains \u00d8 5mm made of stainless steel,\u2022 The use of Teflon bushings ensures smooth swing. The swing system requires no maintenance. \u2022 All steel elements are hot dip galvanized and painted with an acrylic, structural lacquer\u2022 The set includes&hellip;<\/p>\n","protected":false},"featured_media":12491,"comment_status":"open","ping_status":"closed","template":"","meta":{"slim_seo":{"title":"Single Swing Set - Muller","description":"\u2022 The construction made of steel pipes with diameter of \u00d876,1x3,2mm, \u00d857x2,9mm and \u00d848,3x2,9mm, \u2022 The chains \u00d8 5mm made of stainless steel, \u2022 The use of Teflon"}},"product_brand":[],"product_cat":[20],"product_tag":[],"class_list":{"0":"post-1386","1":"product","2":"type-product","3":"status-publish","4":"has-post-thumbnail","6":"product_cat-swings","7":"description-off","9":"first","10":"instock","11":"purchasable","12":"product-type-variable"},"_links":{"self":[{"href":"https:\/\/muller.com.pl\/en\/wp-json\/wp\/v2\/product\/1386","targetHints":{"allow":["GET"]}}],"collection":[{"href":"https:\/\/muller.com.pl\/en\/wp-json\/wp\/v2\/product"}],"about":[{"href":"https:\/\/muller.com.pl\/en\/wp-json\/wp\/v2\/types\/product"}],"replies":[{"embeddable":true,"href":"https:\/\/muller.com.pl\/en\/wp-json\/wp\/v2\/comments?post=1386"}],"wp:featuredmedia":[{"embeddable":true,"href":"https:\/\/muller.com.pl\/en\/wp-json\/wp\/v2\/media\/12491"}],"wp:attachment":[{"href":"https:\/\/muller.com.pl\/en\/wp-json\/wp\/v2\/media?parent=1386"}],"wp:term":[{"taxonomy":"product_brand","embeddable":true,"href":"https:\/\/muller.com.pl\/en\/wp-json\/wp\/v2\/product_brand?post=1386"},{"taxonomy":"product_cat","embeddable":true,"href":"https:\/\/muller.com.pl\/en\/wp-json\/wp\/v2\/product_cat?post=1386"},{"taxonomy":"product_tag","embeddable":true,"href":"https:\/\/muller.com.pl\/en\/wp-json\/wp\/v2\/product_tag?post=1386"}],"curies":[{"name":"wp","href":"https:\/\/api.w.org\/{rel}","templated":true}]}}