{"id":1388,"date":"2024-10-22T00:00:00","date_gmt":"2024-10-22T00:00:00","guid":{"rendered":"https:\/\/muller.com.pl\/hustawka-bocianie-gniazdo-2-2"},"modified":"2024-05-20T17:59:27","modified_gmt":"2024-05-20T17:59:27","slug":"hustawka-bocianie-gniazdo-2-2","status":"publish","type":"product","link":"https:\/\/muller.com.pl\/en\/swings\/hustawka-bocianie-gniazdo-2-2","title":{"rendered":"Birds Nest Swing Set"},"content":{"rendered":"<p>\u2022 The construction made of steel pipes: \u00d876,1&#215;3,2mm, \u00d857&#215;2,9mm and \u00d848,3&#215;2,9mm <br \/>\u2022 The nest seat with a diameter of 1m,<br \/>\u2022 Suspension made of stainless steel chains \u00d8 6mm and reinforced rope,<br \/>\u2022 the use of Teflon bushings ensures smooth swing. The swing system requires no maintenance. <br \/>\u2022 All steel elements are hot dip galvanized and painted with a structural, acrylic lacquer<br \/>\u2022 The set includes foundations made of concrete class C25\/30<br \/>\u2022 In case of applying a synthetic surface that is on the same level that the surrounding surface, an additional 0.5 m of obstacle-free space should be taken into account in both directions of movement of the swing.<\/p>\n<div id=\"mcepastebin\" contenteditable=\"true\" data-mce-bogus=\"all\" style=\"position: absolute; top: 95px; width: 10px; height: 10px; overflow: hidden; opacity: 0;\">\u2022 In case of applying a synthetic surface that is on the same level that the surrounding surface, an additional 0.5 m of obstacle-free space should be taken into account in both directions of movement of the swing.<\/div>\n","protected":false},"excerpt":{"rendered":"<p>\u2022 The construction made of steel pipes: \u00d876,1&#215;3,2mm, \u00d857&#215;2,9mm and \u00d848,3&#215;2,9mm \u2022 The nest seat with a diameter of 1m,\u2022 Suspension made of stainless steel chains \u00d8 6mm and reinforced rope,\u2022 the use of Teflon bushings ensures smooth swing. The swing system requires no maintenance. \u2022 All steel elements are hot dip galvanized and painted&hellip;<\/p>\n","protected":false},"featured_media":21390,"comment_status":"open","ping_status":"closed","template":"","meta":{"slim_seo":{"title":"Birds Nest Swing Set - Muller","description":"\u2022 The construction made of steel pipes: \u00d876,1x3,2mm, \u00d857x2,9mm and \u00d848,3x2,9mm \u2022 The nest seat with a diameter of 1m, \u2022 Suspension made of stainless steel chain"}},"product_brand":[],"product_cat":[20],"product_tag":[],"class_list":{"0":"post-1388","1":"product","2":"type-product","3":"status-publish","4":"has-post-thumbnail","6":"product_cat-swings","7":"description-off","9":"first","10":"instock","11":"purchasable","12":"product-type-simple"},"_links":{"self":[{"href":"https:\/\/muller.com.pl\/en\/wp-json\/wp\/v2\/product\/1388","targetHints":{"allow":["GET"]}}],"collection":[{"href":"https:\/\/muller.com.pl\/en\/wp-json\/wp\/v2\/product"}],"about":[{"href":"https:\/\/muller.com.pl\/en\/wp-json\/wp\/v2\/types\/product"}],"replies":[{"embeddable":true,"href":"https:\/\/muller.com.pl\/en\/wp-json\/wp\/v2\/comments?post=1388"}],"wp:featuredmedia":[{"embeddable":true,"href":"https:\/\/muller.com.pl\/en\/wp-json\/wp\/v2\/media\/21390"}],"wp:attachment":[{"href":"https:\/\/muller.com.pl\/en\/wp-json\/wp\/v2\/media?parent=1388"}],"wp:term":[{"taxonomy":"product_brand","embeddable":true,"href":"https:\/\/muller.com.pl\/en\/wp-json\/wp\/v2\/product_brand?post=1388"},{"taxonomy":"product_cat","embeddable":true,"href":"https:\/\/muller.com.pl\/en\/wp-json\/wp\/v2\/product_cat?post=1388"},{"taxonomy":"product_tag","embeddable":true,"href":"https:\/\/muller.com.pl\/en\/wp-json\/wp\/v2\/product_tag?post=1388"}],"curies":[{"name":"wp","href":"https:\/\/api.w.org\/{rel}","templated":true}]}}