{"id":1392,"date":"2024-11-04T23:00:00","date_gmt":"2024-11-04T23:00:00","guid":{"rendered":"https:\/\/muller.com.pl\/hustawka-wagowa-pojedyncza-170-2"},"modified":"2024-05-20T17:59:40","modified_gmt":"2024-05-20T17:59:40","slug":"hustawka-wagowa-pojedyncza-170-2","status":"publish","type":"product","link":"https:\/\/muller.com.pl\/en\/seesaws\/hustawka-wagowa-pojedyncza-170-2","title":{"rendered":"Seesaw"},"content":{"rendered":"<ul>\n<li>Construction made of steel pipes: \u00d8114,3x4mm, \u00d888,9&#215;3,2mm and \u00d830x2mm,<\/li>\n<li>The swing mechanism equipped with bearings requires no maintenance,<\/li>\n<li>The seats made of HDPE board 19mm thick,<\/li>\n<li>All steel elements are hot-dip galvanized&nbsp; and painted with an acrylic, structured lacquer,<\/li>\n<li>The set includes foundations made of concrete class C25\/30.<\/li>\n<\/ul>\n","protected":false},"excerpt":{"rendered":"<p>Construction made of steel pipes: \u00d8114,3x4mm, \u00d888,9&#215;3,2mm and \u00d830x2mm, The swing mechanism equipped with bearings requires no maintenance, The seats made of HDPE board 19mm thick, All steel elements are hot-dip galvanized&nbsp; and painted with an acrylic, structured lacquer, The set includes foundations made of concrete class C25\/30.<\/p>\n","protected":false},"featured_media":3460,"comment_status":"open","ping_status":"closed","template":"","meta":{"slim_seo":{"title":"Seesaw - Muller","description":"Construction made of steel pipes: \u00d8114,3x4mm, \u00d888,9x3,2mm and \u00d830x2mm, The swing mechanism equipped with bearings requires no maintenance, The seats made of HDP"}},"product_brand":[],"product_cat":[165],"product_tag":[],"class_list":{"0":"post-1392","1":"product","2":"type-product","3":"status-publish","4":"has-post-thumbnail","6":"product_cat-seesaws","7":"description-off","9":"first","10":"instock","11":"purchasable","12":"product-type-simple"},"_links":{"self":[{"href":"https:\/\/muller.com.pl\/en\/wp-json\/wp\/v2\/product\/1392","targetHints":{"allow":["GET"]}}],"collection":[{"href":"https:\/\/muller.com.pl\/en\/wp-json\/wp\/v2\/product"}],"about":[{"href":"https:\/\/muller.com.pl\/en\/wp-json\/wp\/v2\/types\/product"}],"replies":[{"embeddable":true,"href":"https:\/\/muller.com.pl\/en\/wp-json\/wp\/v2\/comments?post=1392"}],"wp:featuredmedia":[{"embeddable":true,"href":"https:\/\/muller.com.pl\/en\/wp-json\/wp\/v2\/media\/3460"}],"wp:attachment":[{"href":"https:\/\/muller.com.pl\/en\/wp-json\/wp\/v2\/media?parent=1392"}],"wp:term":[{"taxonomy":"product_brand","embeddable":true,"href":"https:\/\/muller.com.pl\/en\/wp-json\/wp\/v2\/product_brand?post=1392"},{"taxonomy":"product_cat","embeddable":true,"href":"https:\/\/muller.com.pl\/en\/wp-json\/wp\/v2\/product_cat?post=1392"},{"taxonomy":"product_tag","embeddable":true,"href":"https:\/\/muller.com.pl\/en\/wp-json\/wp\/v2\/product_tag?post=1392"}],"curies":[{"name":"wp","href":"https:\/\/api.w.org\/{rel}","templated":true}]}}