{"id":1445,"date":"2012-11-04T23:00:00","date_gmt":"2012-11-04T23:00:00","guid":{"rendered":"https:\/\/muller.com.pl\/regulamin-uzytkowania-podwojny-2"},"modified":"2024-12-13T13:33:36","modified_gmt":"2024-12-13T13:33:36","slug":"regulamin-uzytkowania-podwojny-2","status":"publish","type":"product","link":"https:\/\/muller.com.pl\/en\/information-boards\/regulamin-uzytkowania-podwojny-2","title":{"rendered":"Double Information Board with Rules, 2 posts"},"content":{"rendered":"<ul>\n<li>Construction made of steel pipes \u00d848,3&#215;2,9mm, \u00d830x2mm and rod \u00d816mm,<\/li>\n<li>Board 100x70cm, made sheet metal 2mm thick<\/li>\n<li>All steel elements protected against corrosion (hot-dip galvanized steel)<\/li>\n<li>The set includes foundation mad of concrete of class C25\/30<\/li>\n<\/ul>\n","protected":false},"excerpt":{"rendered":"<p>Construction made of steel pipes \u00d848,3&#215;2,9mm, \u00d830x2mm and rod \u00d816mm, Board 100x70cm, made sheet metal 2mm thick All steel elements protected against corrosion (hot-dip galvanized steel) The set includes foundation mad of concrete of class C25\/30<\/p>\n","protected":false},"featured_media":13228,"comment_status":"open","ping_status":"closed","template":"","meta":{"slim_seo":{"title":"Double Information Board with Rules, 2 posts - Muller","description":"Construction made of steel pipes \u00d848,3x2,9mm, \u00d830x2mm and rod \u00d816mm, Board 100x70cm, made sheet metal 2mm thick All steel elements protected against corrosion ("}},"product_brand":[],"product_cat":[36],"product_tag":[],"class_list":{"0":"post-1445","1":"product","2":"type-product","3":"status-publish","4":"has-post-thumbnail","6":"product_cat-information-boards","7":"description-off","9":"first","10":"instock","11":"purchasable","12":"product-type-variable"},"_links":{"self":[{"href":"https:\/\/muller.com.pl\/en\/wp-json\/wp\/v2\/product\/1445","targetHints":{"allow":["GET"]}}],"collection":[{"href":"https:\/\/muller.com.pl\/en\/wp-json\/wp\/v2\/product"}],"about":[{"href":"https:\/\/muller.com.pl\/en\/wp-json\/wp\/v2\/types\/product"}],"replies":[{"embeddable":true,"href":"https:\/\/muller.com.pl\/en\/wp-json\/wp\/v2\/comments?post=1445"}],"wp:featuredmedia":[{"embeddable":true,"href":"https:\/\/muller.com.pl\/en\/wp-json\/wp\/v2\/media\/13228"}],"wp:attachment":[{"href":"https:\/\/muller.com.pl\/en\/wp-json\/wp\/v2\/media?parent=1445"}],"wp:term":[{"taxonomy":"product_brand","embeddable":true,"href":"https:\/\/muller.com.pl\/en\/wp-json\/wp\/v2\/product_brand?post=1445"},{"taxonomy":"product_cat","embeddable":true,"href":"https:\/\/muller.com.pl\/en\/wp-json\/wp\/v2\/product_cat?post=1445"},{"taxonomy":"product_tag","embeddable":true,"href":"https:\/\/muller.com.pl\/en\/wp-json\/wp\/v2\/product_tag?post=1445"}],"curies":[{"name":"wp","href":"https:\/\/api.w.org\/{rel}","templated":true}]}}