{"id":1560,"date":"2012-11-05T13:06:23","date_gmt":"2012-11-05T13:06:23","guid":{"rendered":"https:\/\/muller.com.pl\/5-slot-circular-bike-stand"},"modified":"2024-07-11T02:04:03","modified_gmt":"2024-07-11T02:04:03","slug":"stojak-na-rowery-5-stanowiskowy","status":"publish","type":"product","link":"https:\/\/muller.com.pl\/en\/bike-stands\/stojak-na-rowery-5-stanowiskowy","title":{"rendered":"5-Slot Circular Bike Stand"},"content":{"rendered":"<div class=\"text\">\n<ul>\n<li>Wymiary urz\u0105dzenia: 1,91 x 0,42 x 0,33 m<\/li>\n<li>Jednorazowo w urz\u0105dzeniu mo\u017cna zaparkowa\u0107 pi\u0119\u0107 rower\u00f3w,<\/li>\n<li>Konstrukcja urz\u0105dzenia wykonana z profilu 50x30x2mm oraz pr\u0119ta \u00d816mm,<\/li>\n<li>Ca\u0142o\u015b\u0107 urz\u0105dzenia ocynkowana metod\u0105 ogniow\u0105, opcjonalnie malowana farbami strukturalnymi<\/li>\n<\/ul>\n<\/div>\n","protected":false},"excerpt":{"rendered":"<p>Wymiary urz\u0105dzenia: 1,91 x 0,42 x 0,33 m Jednorazowo w urz\u0105dzeniu mo\u017cna zaparkowa\u0107 pi\u0119\u0107 rower\u00f3w, Konstrukcja urz\u0105dzenia wykonana z profilu 50x30x2mm oraz pr\u0119ta \u00d816mm, Ca\u0142o\u015b\u0107 urz\u0105dzenia ocynkowana metod\u0105 ogniow\u0105, opcjonalnie malowana farbami strukturalnymi<\/p>\n","protected":false},"featured_media":9467,"comment_status":"open","ping_status":"closed","template":"","meta":{"slim_seo":{"title":"5-Slot Circular Bike Stand - Muller","description":"Wymiary urz\u0105dzenia: 1,91 x 0,42 x 0,33 m Jednorazowo w urz\u0105dzeniu mo\u017cna zaparkowa\u0107 pi\u0119\u0107 rower\u00f3w, Konstrukcja urz\u0105dzenia wykonana z profilu 50x30x2mm oraz pr\u0119ta"}},"product_brand":[],"product_cat":[76],"product_tag":[],"class_list":{"0":"post-1560","1":"product","2":"type-product","3":"status-publish","4":"has-post-thumbnail","6":"product_cat-bike-stands","7":"description-off","9":"first","10":"instock","11":"purchasable","12":"product-type-variable"},"_links":{"self":[{"href":"https:\/\/muller.com.pl\/en\/wp-json\/wp\/v2\/product\/1560","targetHints":{"allow":["GET"]}}],"collection":[{"href":"https:\/\/muller.com.pl\/en\/wp-json\/wp\/v2\/product"}],"about":[{"href":"https:\/\/muller.com.pl\/en\/wp-json\/wp\/v2\/types\/product"}],"replies":[{"embeddable":true,"href":"https:\/\/muller.com.pl\/en\/wp-json\/wp\/v2\/comments?post=1560"}],"wp:featuredmedia":[{"embeddable":true,"href":"https:\/\/muller.com.pl\/en\/wp-json\/wp\/v2\/media\/9467"}],"wp:attachment":[{"href":"https:\/\/muller.com.pl\/en\/wp-json\/wp\/v2\/media?parent=1560"}],"wp:term":[{"taxonomy":"product_brand","embeddable":true,"href":"https:\/\/muller.com.pl\/en\/wp-json\/wp\/v2\/product_brand?post=1560"},{"taxonomy":"product_cat","embeddable":true,"href":"https:\/\/muller.com.pl\/en\/wp-json\/wp\/v2\/product_cat?post=1560"},{"taxonomy":"product_tag","embeddable":true,"href":"https:\/\/muller.com.pl\/en\/wp-json\/wp\/v2\/product_tag?post=1560"}],"curies":[{"name":"wp","href":"https:\/\/api.w.org\/{rel}","templated":true}]}}