{"id":1564,"date":"2012-11-05T13:09:46","date_gmt":"2012-11-05T13:09:46","guid":{"rendered":"https:\/\/muller.com.pl\/4-slot-bike-stand"},"modified":"2024-07-11T02:01:07","modified_gmt":"2024-07-11T02:01:07","slug":"stojak-na-rowery-4-stanowiskowy","status":"publish","type":"product","link":"https:\/\/muller.com.pl\/en\/bike-stands\/stojak-na-rowery-4-stanowiskowy","title":{"rendered":"4-Slot Bike Stand"},"content":{"rendered":"<div class=\"text\">\n<h3>Parametry stojaka :<\/h3>\n<ul>\n<li>Wysoko\u015b\u0107: 76 cm<\/li>\n<li>Szeroko\u015b\u0107: 30 cm<\/li>\n<li>D\u0142ugo\u015b\u0107: 231 cm<\/li>\n<li>Waga: 32\/132 kg<\/li>\n<\/ul>\n<h3>Stojak na rowery i hulajnogi, czterostanowiskowy, w dw\u00f3ch wersjach :<br \/>\ndo postawienia i do wkopania :<\/h3>\n<ul>\n<li>Konstrukcja wykonana jest z rury 48,3&#215;2,9 oraz pr\u0119ta 16 mm.<\/li>\n<li>Ca\u0142a konstrukcja zabezpieczona antykorozyjnie\u00a0i opcjonalnie mo\u017ce by\u0107 malowana lakierami strukturalnymi.<\/li>\n<li>W sk\u0142ad zestawu do wkopania wchodz\u0105 prefabrykaty fundamentowe u\u0142atwiaj\u0105ce monta\u017c w gruncie.<\/li>\n<li>Jednorazowo w urz\u0105dzeniu mo\u017cna zaparkowa\u0107 cztery rowery.<\/li>\n<\/ul>\n<\/div>\n","protected":false},"excerpt":{"rendered":"<p>Parametry stojaka : Wysoko\u015b\u0107: 76 cm Szeroko\u015b\u0107: 30 cm D\u0142ugo\u015b\u0107: 231 cm Waga: 32\/132 kg Stojak na rowery i hulajnogi, czterostanowiskowy, w dw\u00f3ch wersjach : do postawienia i do wkopania : Konstrukcja wykonana jest z rury 48,3&#215;2,9 oraz pr\u0119ta 16 mm. Ca\u0142a konstrukcja zabezpieczona antykorozyjnie\u00a0i opcjonalnie mo\u017ce by\u0107 malowana lakierami strukturalnymi. W sk\u0142ad zestawu do&hellip;<\/p>\n","protected":false},"featured_media":34550,"comment_status":"open","ping_status":"closed","template":"","meta":{"slim_seo":{"title":"4-Slot Bike Stand - Muller","description":"Parametry stojaka : Wysoko\u015b\u0107: 76 cm Szeroko\u015b\u0107: 30 cm D\u0142ugo\u015b\u0107: 231 cm Waga: 32\/132 kg Stojak na rowery i hulajnogi, czterostanowiskowy, w dw\u00f3ch wersjach : do pos"}},"product_brand":[],"product_cat":[76],"product_tag":[],"class_list":{"0":"post-1564","1":"product","2":"type-product","3":"status-publish","4":"has-post-thumbnail","6":"product_cat-bike-stands","7":"description-off","9":"first","10":"instock","11":"purchasable","12":"product-type-variable"},"_links":{"self":[{"href":"https:\/\/muller.com.pl\/en\/wp-json\/wp\/v2\/product\/1564","targetHints":{"allow":["GET"]}}],"collection":[{"href":"https:\/\/muller.com.pl\/en\/wp-json\/wp\/v2\/product"}],"about":[{"href":"https:\/\/muller.com.pl\/en\/wp-json\/wp\/v2\/types\/product"}],"replies":[{"embeddable":true,"href":"https:\/\/muller.com.pl\/en\/wp-json\/wp\/v2\/comments?post=1564"}],"wp:featuredmedia":[{"embeddable":true,"href":"https:\/\/muller.com.pl\/en\/wp-json\/wp\/v2\/media\/34550"}],"wp:attachment":[{"href":"https:\/\/muller.com.pl\/en\/wp-json\/wp\/v2\/media?parent=1564"}],"wp:term":[{"taxonomy":"product_brand","embeddable":true,"href":"https:\/\/muller.com.pl\/en\/wp-json\/wp\/v2\/product_brand?post=1564"},{"taxonomy":"product_cat","embeddable":true,"href":"https:\/\/muller.com.pl\/en\/wp-json\/wp\/v2\/product_cat?post=1564"},{"taxonomy":"product_tag","embeddable":true,"href":"https:\/\/muller.com.pl\/en\/wp-json\/wp\/v2\/product_tag?post=1564"}],"curies":[{"name":"wp","href":"https:\/\/api.w.org\/{rel}","templated":true}]}}