{"id":1714,"date":"2024-09-18T09:25:00","date_gmt":"2024-09-18T09:25:00","guid":{"rendered":"https:\/\/muller.com.pl\/prasa-nozna-2"},"modified":"2024-05-15T18:31:23","modified_gmt":"2024-05-15T18:31:23","slug":"prasa-nozna-2","status":"publish","type":"product","link":"https:\/\/muller.com.pl\/en\/outdoor-fitness\/prasa-nozna-2","title":{"rendered":"Leg Press"},"content":{"rendered":"<ul>\n<li>A solid steel construction made of round pipes \u00f876,1&#215;3,2mm and 48,3&#215;2,9mm,<\/li>\n<li>An arm of the device made of \u00f860,3&#215;2,9mm pipes<\/li>\n<li>The seat and the back rest made of durable 15mm HDPE sheet<\/li>\n<li>Anti-slip footrests made of epoxy resin<\/li>\n<li>The device mechanism bases on slide bearings which shall not require a maintenance<\/li>\n<li>All steel elements are protected against corrosion and painted with an acrylic lacquer<\/li>\n<li>The device should be mounted to the Pylon of Tytan System series<\/li>\n<\/ul>\n<h3>Working muscles:<\/h3>\n<div class=\"row\">\n<div class=\"col-sm-4 col-md-4\">&nbsp;<\/div>\n<\/div>\n<p><img fetchpriority=\"high\" decoding=\"async\" class=\"img-responsive size-full wp-image-1712\" src=\"https:\/\/muller.com.pl\/wp-content\/uploads\/2014\/04\/glowne-miesnie-zaangazowane-podczas-cwiczen-prasa-nozna-26069-167.jpg\" alt=\"Prasa no\u017cna - g\u0142\u00f3wne mi\u0119\u015bnie zaanga\u017cowane podczas \u0107wicze\u0144\" title=\"Prasa no\u017cna - g\u0142\u00f3wne mi\u0119\u015bnie zaanga\u017cowane podczas \u0107wicze\u0144\" width=\"300\" height=\"397\" srcset=\"https:\/\/muller.com.pl\/wp-content\/uploads\/2014\/04\/glowne-miesnie-zaangazowane-podczas-cwiczen-prasa-nozna-26069-167.jpg 547w, https:\/\/muller.com.pl\/wp-content\/uploads\/2014\/04\/glowne-miesnie-zaangazowane-podczas-cwiczen-prasa-nozna-26069-167-64x85.jpg 64w, https:\/\/muller.com.pl\/wp-content\/uploads\/2014\/04\/glowne-miesnie-zaangazowane-podczas-cwiczen-prasa-nozna-26069-167-227x300.jpg 227w\" sizes=\"(max-width: 300px) 100vw, 300px\" \/><\/p>\n","protected":false},"excerpt":{"rendered":"<p>A solid steel construction made of round pipes \u00f876,1&#215;3,2mm and 48,3&#215;2,9mm, An arm of the device made of \u00f860,3&#215;2,9mm pipes The seat and the back rest made of durable 15mm HDPE sheet Anti-slip footrests made of epoxy resin The device mechanism bases on slide bearings which shall not require a maintenance All steel elements are&hellip;<\/p>\n","protected":false},"featured_media":11219,"comment_status":"open","ping_status":"closed","template":"","meta":{"slim_seo":{"title":"Leg Press - Muller","description":"A solid steel construction made of round pipes \u00f876,1x3,2mm and 48,3x2,9mm, An arm of the device made of \u00f860,3x2,9mm pipes The seat and the back rest made of dur"}},"product_brand":[],"product_cat":[120],"product_tag":[],"class_list":{"0":"post-1714","1":"product","2":"type-product","3":"status-publish","4":"has-post-thumbnail","6":"product_cat-outdoor-fitness","7":"description-off","9":"first","10":"instock","11":"purchasable","12":"product-type-simple"},"_links":{"self":[{"href":"https:\/\/muller.com.pl\/en\/wp-json\/wp\/v2\/product\/1714","targetHints":{"allow":["GET"]}}],"collection":[{"href":"https:\/\/muller.com.pl\/en\/wp-json\/wp\/v2\/product"}],"about":[{"href":"https:\/\/muller.com.pl\/en\/wp-json\/wp\/v2\/types\/product"}],"replies":[{"embeddable":true,"href":"https:\/\/muller.com.pl\/en\/wp-json\/wp\/v2\/comments?post=1714"}],"wp:featuredmedia":[{"embeddable":true,"href":"https:\/\/muller.com.pl\/en\/wp-json\/wp\/v2\/media\/11219"}],"wp:attachment":[{"href":"https:\/\/muller.com.pl\/en\/wp-json\/wp\/v2\/media?parent=1714"}],"wp:term":[{"taxonomy":"product_brand","embeddable":true,"href":"https:\/\/muller.com.pl\/en\/wp-json\/wp\/v2\/product_brand?post=1714"},{"taxonomy":"product_cat","embeddable":true,"href":"https:\/\/muller.com.pl\/en\/wp-json\/wp\/v2\/product_cat?post=1714"},{"taxonomy":"product_tag","embeddable":true,"href":"https:\/\/muller.com.pl\/en\/wp-json\/wp\/v2\/product_tag?post=1714"}],"curies":[{"name":"wp","href":"https:\/\/api.w.org\/{rel}","templated":true}]}}