{"id":1717,"date":"2024-09-18T09:19:00","date_gmt":"2024-09-18T09:19:00","guid":{"rendered":"https:\/\/muller.com.pl\/wyciskanie-siedzac-2"},"modified":"2024-05-15T18:31:18","modified_gmt":"2024-05-15T18:31:18","slug":"wyciskanie-siedzac-2","status":"publish","type":"product","link":"https:\/\/muller.com.pl\/en\/outdoor-fitness\/wyciskanie-siedzac-2","title":{"rendered":"Sitting Press"},"content":{"rendered":"<ul>\n<li>A solid steel construction made of round pipes \u00f876,1&#215;3,2mm<\/li>\n<li>An arm of the device made of \u00f848,3&#215;29 with handles of \u00f816 rod covered by an artificial material<\/li>\n<li>The seat made of durable 15mm HDPE sheet<\/li>\n<li>Automatic rubber stringing units provide incremental rise of resistant of gym device<\/li>\n<li>The device is equipped with shock absorber which protects against a sudden drawing back of the arms<\/li>\n<li>All steel elements are protected against corrosion and painted with an acrylic lacquer<\/li>\n<li>The device should be mounted to the Pylon of Tytan System series<\/li>\n<\/ul>\n<h3>Working muscles:<\/h3>\n<p>&nbsp;<\/p>\n<p><img fetchpriority=\"high\" decoding=\"async\" class=\"img-responsive size-full wp-image-1715\" src=\"https:\/\/muller.com.pl\/wp-content\/uploads\/2014\/04\/glowne-miesnie-zaangazowane-podczas-cwiczen-wyciskanie-siedzac-26099-aac.jpg\" alt=\"Wyciskanie siedz\u0105c - g\u0142\u00f3wne mi\u0119\u015bnie zaanga\u017cowane podczas \u0107wicze\u0144\" title=\"Wyciskanie siedz\u0105c - g\u0142\u00f3wne mi\u0119\u015bnie zaanga\u017cowane podczas \u0107wicze\u0144\" width=\"300\" height=\"399\" srcset=\"https:\/\/muller.com.pl\/wp-content\/uploads\/2014\/04\/glowne-miesnie-zaangazowane-podczas-cwiczen-wyciskanie-siedzac-26099-aac.jpg 484w, https:\/\/muller.com.pl\/wp-content\/uploads\/2014\/04\/glowne-miesnie-zaangazowane-podczas-cwiczen-wyciskanie-siedzac-26099-aac-64x85.jpg 64w, https:\/\/muller.com.pl\/wp-content\/uploads\/2014\/04\/glowne-miesnie-zaangazowane-podczas-cwiczen-wyciskanie-siedzac-26099-aac-226x300.jpg 226w\" sizes=\"(max-width: 300px) 100vw, 300px\" \/><\/p>\n","protected":false},"excerpt":{"rendered":"<p>A solid steel construction made of round pipes \u00f876,1&#215;3,2mm An arm of the device made of \u00f848,3&#215;29 with handles of \u00f816 rod covered by an artificial material The seat made of durable 15mm HDPE sheet Automatic rubber stringing units provide incremental rise of resistant of gym device The device is equipped with shock absorber which&hellip;<\/p>\n","protected":false},"featured_media":11133,"comment_status":"open","ping_status":"closed","template":"","meta":{"slim_seo":{"title":"Sitting Press - Muller","description":"A solid steel construction made of round pipes \u00f876,1x3,2mm An arm of the device made of \u00f848,3x29 with handles of \u00f816 rod covered by an artificial material The s"}},"product_brand":[],"product_cat":[120],"product_tag":[],"class_list":{"0":"post-1717","1":"product","2":"type-product","3":"status-publish","4":"has-post-thumbnail","6":"product_cat-outdoor-fitness","7":"description-off","9":"first","10":"instock","11":"purchasable","12":"product-type-simple"},"_links":{"self":[{"href":"https:\/\/muller.com.pl\/en\/wp-json\/wp\/v2\/product\/1717","targetHints":{"allow":["GET"]}}],"collection":[{"href":"https:\/\/muller.com.pl\/en\/wp-json\/wp\/v2\/product"}],"about":[{"href":"https:\/\/muller.com.pl\/en\/wp-json\/wp\/v2\/types\/product"}],"replies":[{"embeddable":true,"href":"https:\/\/muller.com.pl\/en\/wp-json\/wp\/v2\/comments?post=1717"}],"wp:featuredmedia":[{"embeddable":true,"href":"https:\/\/muller.com.pl\/en\/wp-json\/wp\/v2\/media\/11133"}],"wp:attachment":[{"href":"https:\/\/muller.com.pl\/en\/wp-json\/wp\/v2\/media?parent=1717"}],"wp:term":[{"taxonomy":"product_brand","embeddable":true,"href":"https:\/\/muller.com.pl\/en\/wp-json\/wp\/v2\/product_brand?post=1717"},{"taxonomy":"product_cat","embeddable":true,"href":"https:\/\/muller.com.pl\/en\/wp-json\/wp\/v2\/product_cat?post=1717"},{"taxonomy":"product_tag","embeddable":true,"href":"https:\/\/muller.com.pl\/en\/wp-json\/wp\/v2\/product_tag?post=1717"}],"curies":[{"name":"wp","href":"https:\/\/api.w.org\/{rel}","templated":true}]}}