{"id":1723,"date":"2024-09-18T09:16:00","date_gmt":"2024-09-18T09:16:00","guid":{"rendered":"https:\/\/muller.com.pl\/jezdziec-2"},"modified":"2024-05-15T18:31:18","modified_gmt":"2024-05-15T18:31:18","slug":"jezdziec-2","status":"publish","type":"product","link":"https:\/\/muller.com.pl\/en\/outdoor-fitness\/jezdziec-2","title":{"rendered":"Horse Rider"},"content":{"rendered":"<ul>\n<li>A solid steel construction made of round pipes \u00f860,3&#215;2,9mm<\/li>\n<li>An arm of the device made of \u00f838&#215;2,6mm pipe<\/li>\n<li>The seat made of durable 15mm HDPE sheet<\/li>\n<li>Handles made of \u00f816 rod covered by an artificial material<\/li>\n<li>The device is equipped with maintenance-free, automatic rubber stringing units<\/li>\n<li>All steel elements are protected against corrosion and painted with an acrylic lacquer<\/li>\n<li>The device should be mounted to the Pylon of Tytan System series<\/li>\n<\/ul>\n<h3>Working muscles:<\/h3>\n<p>&nbsp;<\/p>\n<p><img fetchpriority=\"high\" decoding=\"async\" class=\"img-responsive size-full wp-image-1721\" src=\"https:\/\/muller.com.pl\/wp-content\/uploads\/2014\/04\/glowne-miesnie-zaangazowane-podczas-cwiczen-jezdziec-26129-19c.jpg\" alt=\"Je\u017adziec - g\u0142\u00f3wne mi\u0119\u015bnie zaanga\u017cowane podczas \u0107wicze\u0144\" title=\"Je\u017adziec - g\u0142\u00f3wne mi\u0119\u015bnie zaanga\u017cowane podczas \u0107wicze\u0144\" width=\"300\" height=\"398\" srcset=\"https:\/\/muller.com.pl\/wp-content\/uploads\/2014\/04\/glowne-miesnie-zaangazowane-podczas-cwiczen-jezdziec-26129-19c.jpg 546w, https:\/\/muller.com.pl\/wp-content\/uploads\/2014\/04\/glowne-miesnie-zaangazowane-podczas-cwiczen-jezdziec-26129-19c-64x85.jpg 64w, https:\/\/muller.com.pl\/wp-content\/uploads\/2014\/04\/glowne-miesnie-zaangazowane-podczas-cwiczen-jezdziec-26129-19c-226x300.jpg 226w\" sizes=\"(max-width: 300px) 100vw, 300px\" \/><\/p>\n","protected":false},"excerpt":{"rendered":"<p>A solid steel construction made of round pipes \u00f860,3&#215;2,9mm An arm of the device made of \u00f838&#215;2,6mm pipe The seat made of durable 15mm HDPE sheet Handles made of \u00f816 rod covered by an artificial material The device is equipped with maintenance-free, automatic rubber stringing units All steel elements are protected against corrosion and painted&hellip;<\/p>\n","protected":false},"featured_media":11119,"comment_status":"open","ping_status":"closed","template":"","meta":{"slim_seo":{"title":"Horse Rider - Muller","description":"A solid steel construction made of round pipes \u00f860,3x2,9mm An arm of the device made of \u00f838x2,6mm pipe The seat made of durable 15mm HDPE sheet Handles made of"}},"product_brand":[],"product_cat":[120],"product_tag":[],"class_list":{"0":"post-1723","1":"product","2":"type-product","3":"status-publish","4":"has-post-thumbnail","6":"product_cat-outdoor-fitness","7":"description-off","9":"first","10":"instock","11":"purchasable","12":"product-type-simple"},"_links":{"self":[{"href":"https:\/\/muller.com.pl\/en\/wp-json\/wp\/v2\/product\/1723","targetHints":{"allow":["GET"]}}],"collection":[{"href":"https:\/\/muller.com.pl\/en\/wp-json\/wp\/v2\/product"}],"about":[{"href":"https:\/\/muller.com.pl\/en\/wp-json\/wp\/v2\/types\/product"}],"replies":[{"embeddable":true,"href":"https:\/\/muller.com.pl\/en\/wp-json\/wp\/v2\/comments?post=1723"}],"wp:featuredmedia":[{"embeddable":true,"href":"https:\/\/muller.com.pl\/en\/wp-json\/wp\/v2\/media\/11119"}],"wp:attachment":[{"href":"https:\/\/muller.com.pl\/en\/wp-json\/wp\/v2\/media?parent=1723"}],"wp:term":[{"taxonomy":"product_brand","embeddable":true,"href":"https:\/\/muller.com.pl\/en\/wp-json\/wp\/v2\/product_brand?post=1723"},{"taxonomy":"product_cat","embeddable":true,"href":"https:\/\/muller.com.pl\/en\/wp-json\/wp\/v2\/product_cat?post=1723"},{"taxonomy":"product_tag","embeddable":true,"href":"https:\/\/muller.com.pl\/en\/wp-json\/wp\/v2\/product_tag?post=1723"}],"curies":[{"name":"wp","href":"https:\/\/api.w.org\/{rel}","templated":true}]}}