{"id":1726,"date":"2024-09-18T09:20:00","date_gmt":"2024-09-18T09:20:00","guid":{"rendered":"https:\/\/muller.com.pl\/narty-biegowe-2"},"modified":"2024-05-15T18:31:16","modified_gmt":"2024-05-15T18:31:16","slug":"narty-biegowe-2","status":"publish","type":"product","link":"https:\/\/muller.com.pl\/en\/outdoor-fitness\/narty-biegowe-2","title":{"rendered":"Cross-Country Ski Machine"},"content":{"rendered":"<ul>\n<li>A solid steel construction made of round pipes \u00f876,1 x 3,2 mm<\/li>\n<li>Arms of the device made of \u00f848,3 x 2,9 mm pipe<\/li>\n<li>Handles made of \u00f838&#215;2,6mm pipe<\/li>\n<li>Anti-slip footrests made of epoxy resin<\/li>\n<li>All steel elements are protected against corrosion and painted with an acrylic lacquer\n<li>The device should be mounted to the Pylon of Tytan System series<\/li>\n<\/li>\n<\/ul>\n<h3>Working muscles:<\/h3>\n<p>&nbsp;<\/p>\n<p><img fetchpriority=\"high\" decoding=\"async\" class=\"img-responsive size-full wp-image-1724\" src=\"https:\/\/muller.com.pl\/wp-content\/uploads\/2014\/04\/glowne-miesnie-zaangazowane-podczas-cwiczen-narty-biegowe-26089-d6b.jpg\" alt=\"Narty biegowe - g\u0142\u00f3wne mi\u0119\u015bnie zaanga\u017cowane podczas \u0107wicze\u0144\" title=\"Narty biegowe - g\u0142\u00f3wne mi\u0119\u015bnie zaanga\u017cowane podczas \u0107wicze\u0144\" width=\"300\" height=\"398\" srcset=\"https:\/\/muller.com.pl\/wp-content\/uploads\/2014\/04\/glowne-miesnie-zaangazowane-podczas-cwiczen-narty-biegowe-26089-d6b.jpg 546w, https:\/\/muller.com.pl\/wp-content\/uploads\/2014\/04\/glowne-miesnie-zaangazowane-podczas-cwiczen-narty-biegowe-26089-d6b-64x85.jpg 64w, https:\/\/muller.com.pl\/wp-content\/uploads\/2014\/04\/glowne-miesnie-zaangazowane-podczas-cwiczen-narty-biegowe-26089-d6b-226x300.jpg 226w\" sizes=\"(max-width: 300px) 100vw, 300px\" \/><\/p>\n","protected":false},"excerpt":{"rendered":"<p>A solid steel construction made of round pipes \u00f876,1 x 3,2 mm Arms of the device made of \u00f848,3 x 2,9 mm pipe Handles made of \u00f838&#215;2,6mm pipe Anti-slip footrests made of epoxy resin All steel elements are protected against corrosion and painted with an acrylic lacquer The device should be mounted to the Pylon&hellip;<\/p>\n","protected":false},"featured_media":11077,"comment_status":"open","ping_status":"closed","template":"","meta":{"slim_seo":{"title":"Cross-Country Ski Machine - Muller","description":"A solid steel construction made of round pipes \u00f876,1 x 3,2 mm Arms of the device made of \u00f848,3 x 2,9 mm pipe Handles made of \u00f838x2,6mm pipe Anti-slip footrests"}},"product_brand":[],"product_cat":[120],"product_tag":[],"class_list":{"0":"post-1726","1":"product","2":"type-product","3":"status-publish","4":"has-post-thumbnail","6":"product_cat-outdoor-fitness","7":"description-off","9":"first","10":"instock","11":"purchasable","12":"product-type-simple"},"_links":{"self":[{"href":"https:\/\/muller.com.pl\/en\/wp-json\/wp\/v2\/product\/1726","targetHints":{"allow":["GET"]}}],"collection":[{"href":"https:\/\/muller.com.pl\/en\/wp-json\/wp\/v2\/product"}],"about":[{"href":"https:\/\/muller.com.pl\/en\/wp-json\/wp\/v2\/types\/product"}],"replies":[{"embeddable":true,"href":"https:\/\/muller.com.pl\/en\/wp-json\/wp\/v2\/comments?post=1726"}],"wp:featuredmedia":[{"embeddable":true,"href":"https:\/\/muller.com.pl\/en\/wp-json\/wp\/v2\/media\/11077"}],"wp:attachment":[{"href":"https:\/\/muller.com.pl\/en\/wp-json\/wp\/v2\/media?parent=1726"}],"wp:term":[{"taxonomy":"product_brand","embeddable":true,"href":"https:\/\/muller.com.pl\/en\/wp-json\/wp\/v2\/product_brand?post=1726"},{"taxonomy":"product_cat","embeddable":true,"href":"https:\/\/muller.com.pl\/en\/wp-json\/wp\/v2\/product_cat?post=1726"},{"taxonomy":"product_tag","embeddable":true,"href":"https:\/\/muller.com.pl\/en\/wp-json\/wp\/v2\/product_tag?post=1726"}],"curies":[{"name":"wp","href":"https:\/\/api.w.org\/{rel}","templated":true}]}}