{"id":1729,"date":"2024-09-18T09:24:00","date_gmt":"2024-09-18T09:24:00","guid":{"rendered":"https:\/\/muller.com.pl\/prostownik-plecow-2"},"modified":"2024-05-15T18:31:22","modified_gmt":"2024-05-15T18:31:22","slug":"prostownik-plecow-2","status":"publish","type":"product","link":"https:\/\/muller.com.pl\/en\/outdoor-fitness\/prostownik-plecow-2","title":{"rendered":"Back Extension"},"content":{"rendered":"<ul>\n<li>A solid steel construction made of round pipes \u00f860,3&#215;2,9mm and \u00f838&#215;2,6mm<\/li>\n<li>The back rest made of durable 15mm HDPE sheet<\/li>\n<li>Anti-slip footrests made of epoxy resin<\/li>\n<li>All steel elements are protected against corrosion and painted with an acrylic lacquer\n<li>The device should be mounted to the Pylon of Tytan System series<\/li>\n<\/li>\n<\/ul>\n<h3>Working muscles<\/h3>\n<div class=\"row\">\n<div class=\"col-sm-4 col-md-4\">&nbsp;<\/div>\n<\/div>\n<p><img fetchpriority=\"high\" decoding=\"async\" class=\"img-responsive size-full wp-image-1727\" src=\"https:\/\/muller.com.pl\/wp-content\/uploads\/2014\/07\/glowne-miesnie-zaangazowane-podczas-cwiczen-prostownik-plecow-26079-513.jpg\" alt=\"Prostownik Plec\u00f3w - g\u0142\u00f3wne mi\u0119\u015bnie zaanga\u017cowane podczas \u0107wicze\u0144\" title=\"Prostownik Plec\u00f3w - g\u0142\u00f3wne mi\u0119\u015bnie zaanga\u017cowane podczas \u0107wicze\u0144\" width=\"300\" height=\"398\" srcset=\"https:\/\/muller.com.pl\/wp-content\/uploads\/2014\/07\/glowne-miesnie-zaangazowane-podczas-cwiczen-prostownik-plecow-26079-513.jpg 547w, https:\/\/muller.com.pl\/wp-content\/uploads\/2014\/07\/glowne-miesnie-zaangazowane-podczas-cwiczen-prostownik-plecow-26079-513-64x85.jpg 64w, https:\/\/muller.com.pl\/wp-content\/uploads\/2014\/07\/glowne-miesnie-zaangazowane-podczas-cwiczen-prostownik-plecow-26079-513-226x300.jpg 226w\" sizes=\"(max-width: 300px) 100vw, 300px\" \/><\/p>\n","protected":false},"excerpt":{"rendered":"<p>A solid steel construction made of round pipes \u00f860,3&#215;2,9mm and \u00f838&#215;2,6mm The back rest made of durable 15mm HDPE sheet Anti-slip footrests made of epoxy resin All steel elements are protected against corrosion and painted with an acrylic lacquer The device should be mounted to the Pylon of Tytan System series Working muscles &nbsp;<\/p>\n","protected":false},"featured_media":11190,"comment_status":"open","ping_status":"closed","template":"","meta":{"slim_seo":{"title":"Back Extension - Muller","description":"A solid steel construction made of round pipes \u00f860,3x2,9mm and \u00f838x2,6mm The back rest made of durable 15mm HDPE sheet Anti-slip footrests made of epoxy resin A"}},"product_brand":[],"product_cat":[120],"product_tag":[],"class_list":{"0":"post-1729","1":"product","2":"type-product","3":"status-publish","4":"has-post-thumbnail","6":"product_cat-outdoor-fitness","7":"description-off","9":"first","10":"instock","11":"purchasable","12":"product-type-simple"},"_links":{"self":[{"href":"https:\/\/muller.com.pl\/en\/wp-json\/wp\/v2\/product\/1729","targetHints":{"allow":["GET"]}}],"collection":[{"href":"https:\/\/muller.com.pl\/en\/wp-json\/wp\/v2\/product"}],"about":[{"href":"https:\/\/muller.com.pl\/en\/wp-json\/wp\/v2\/types\/product"}],"replies":[{"embeddable":true,"href":"https:\/\/muller.com.pl\/en\/wp-json\/wp\/v2\/comments?post=1729"}],"wp:featuredmedia":[{"embeddable":true,"href":"https:\/\/muller.com.pl\/en\/wp-json\/wp\/v2\/media\/11190"}],"wp:attachment":[{"href":"https:\/\/muller.com.pl\/en\/wp-json\/wp\/v2\/media?parent=1729"}],"wp:term":[{"taxonomy":"product_brand","embeddable":true,"href":"https:\/\/muller.com.pl\/en\/wp-json\/wp\/v2\/product_brand?post=1729"},{"taxonomy":"product_cat","embeddable":true,"href":"https:\/\/muller.com.pl\/en\/wp-json\/wp\/v2\/product_cat?post=1729"},{"taxonomy":"product_tag","embeddable":true,"href":"https:\/\/muller.com.pl\/en\/wp-json\/wp\/v2\/product_tag?post=1729"}],"curies":[{"name":"wp","href":"https:\/\/api.w.org\/{rel}","templated":true}]}}