{"id":1732,"date":"2024-09-18T09:30:00","date_gmt":"2024-09-18T09:30:00","guid":{"rendered":"https:\/\/muller.com.pl\/motyl-tytan-2"},"modified":"2024-04-24T11:21:18","modified_gmt":"2024-04-24T11:21:18","slug":"motyl-tytan-2","status":"publish","type":"product","link":"https:\/\/muller.com.pl\/en\/outdoor-fitness\/motyl-tytan-2","title":{"rendered":"Butterfly"},"content":{"rendered":"<ul>\n<li>A solid steel construction made of round pipes \u00f860,3&#215;2,9mm<\/li>\n<li>The seat and the back rest made of durable 15mm HDPE sheet<\/li>\n<li>An arm of the device made of \u00f848,3&#215;2,9mm pipe with a handle of \u00f816 rod covered by an artificial material<\/li>\n<li>Automatic, maintenance-free rubber stringing units provide incremental rise of resistance of gym device<\/li>\n<li>The construction possess a protection against sudden drawing back of the device arms<\/li>\n<li>All steel elements are protected against corrosion and painted with acrylic lacquer<br \/>The device should be mounted to the Pylon of Tytan System series<\/li>\n<\/ul>\n<h3>Working muscles:<\/h3>\n<p>&nbsp;<\/p>\n<p><img fetchpriority=\"high\" decoding=\"async\" class=\"img-responsive size-full wp-image-1730\" src=\"https:\/\/muller.com.pl\/wp-content\/uploads\/2014\/02\/glowne-miesnie-zaangazowane-podczas-cwiczen-motyl-tytan-26059-2ef.jpg\" alt=\"Motyl - g\u0142\u00f3wne mi\u0119\u015bnie zaanga\u017cowane podczas \u0107wicze\u0144\" title=\"Motyl - g\u0142\u00f3wne mi\u0119\u015bnie zaanga\u017cowane podczas \u0107wicze\u0144\" width=\"300\" height=\"397\" srcset=\"https:\/\/muller.com.pl\/wp-content\/uploads\/2014\/02\/glowne-miesnie-zaangazowane-podczas-cwiczen-motyl-tytan-26059-2ef.jpg 742w, https:\/\/muller.com.pl\/wp-content\/uploads\/2014\/02\/glowne-miesnie-zaangazowane-podczas-cwiczen-motyl-tytan-26059-2ef-600x795.jpg 600w, https:\/\/muller.com.pl\/wp-content\/uploads\/2014\/02\/glowne-miesnie-zaangazowane-podczas-cwiczen-motyl-tytan-26059-2ef-64x85.jpg 64w, https:\/\/muller.com.pl\/wp-content\/uploads\/2014\/02\/glowne-miesnie-zaangazowane-podczas-cwiczen-motyl-tytan-26059-2ef-226x300.jpg 226w\" sizes=\"(max-width: 300px) 100vw, 300px\" \/><\/p>\n","protected":false},"excerpt":{"rendered":"<p>A solid steel construction made of round pipes \u00f860,3&#215;2,9mm The seat and the back rest made of durable 15mm HDPE sheet An arm of the device made of \u00f848,3&#215;2,9mm pipe with a handle of \u00f816 rod covered by an artificial material Automatic, maintenance-free rubber stringing units provide incremental rise of resistance of gym device The&hellip;<\/p>\n","protected":false},"featured_media":10895,"comment_status":"open","ping_status":"closed","template":"","meta":{"slim_seo":{"title":"Butterfly - Muller","description":"A solid steel construction made of round pipes \u00f860,3x2,9mm The seat and the back rest made of durable 15mm HDPE sheet An arm of the device made of \u00f848,3x2,9mm p"}},"product_brand":[],"product_cat":[120],"product_tag":[],"class_list":{"0":"post-1732","1":"product","2":"type-product","3":"status-publish","4":"has-post-thumbnail","6":"product_cat-outdoor-fitness","7":"description-off","9":"first","10":"instock","11":"shipping-taxable","12":"purchasable","13":"product-type-simple"},"_links":{"self":[{"href":"https:\/\/muller.com.pl\/en\/wp-json\/wp\/v2\/product\/1732","targetHints":{"allow":["GET"]}}],"collection":[{"href":"https:\/\/muller.com.pl\/en\/wp-json\/wp\/v2\/product"}],"about":[{"href":"https:\/\/muller.com.pl\/en\/wp-json\/wp\/v2\/types\/product"}],"replies":[{"embeddable":true,"href":"https:\/\/muller.com.pl\/en\/wp-json\/wp\/v2\/comments?post=1732"}],"wp:featuredmedia":[{"embeddable":true,"href":"https:\/\/muller.com.pl\/en\/wp-json\/wp\/v2\/media\/10895"}],"wp:attachment":[{"href":"https:\/\/muller.com.pl\/en\/wp-json\/wp\/v2\/media?parent=1732"}],"wp:term":[{"taxonomy":"product_brand","embeddable":true,"href":"https:\/\/muller.com.pl\/en\/wp-json\/wp\/v2\/product_brand?post=1732"},{"taxonomy":"product_cat","embeddable":true,"href":"https:\/\/muller.com.pl\/en\/wp-json\/wp\/v2\/product_cat?post=1732"},{"taxonomy":"product_tag","embeddable":true,"href":"https:\/\/muller.com.pl\/en\/wp-json\/wp\/v2\/product_tag?post=1732"}],"curies":[{"name":"wp","href":"https:\/\/api.w.org\/{rel}","templated":true}]}}