{"id":1740,"date":"2024-09-18T09:13:00","date_gmt":"2024-09-18T09:13:00","guid":{"rendered":"https:\/\/muller.com.pl\/lawka-do-cwiczen-miesni-ud-2"},"modified":"2024-07-11T19:01:36","modified_gmt":"2024-07-11T19:01:36","slug":"lawka-do-cwiczen-miesni-ud-2","status":"publish","type":"product","link":"https:\/\/muller.com.pl\/en\/outdoor-fitness\/lawka-do-cwiczen-miesni-ud-2","title":{"rendered":"Bench with Leg Curl"},"content":{"rendered":"<ul>\n<li>A solid steel construction made of round pipes \u00f860,3&#215;2,9mm and 48,3&#215;2,9mm<\/li>\n<li>An arm of the device made of pipes \u00f848,3&#215;2,9mm and \u00f830x2mm<\/li>\n<li>The seat made of durable 15mm HDPE sheet<\/li>\n<li>Automatic, maintenance-free rubber stringing units provide incremental rise of resistant of gym device<\/li>\n<li>All steel elements are protected against corrosion and painted with an acrylic lacquer<\/li>\n<li>The device is designed for exercises in the prone position or in the supine position<\/li>\n<li>The device should be mounted to the Pylon of Tytan System series<\/li>\n<\/ul>\n<h3>Working muscles:<\/h3>\n<div style=\"float: left;\"><img fetchpriority=\"high\" decoding=\"async\" class=\" size-full wp-image-1736\" src=\"https:\/\/muller.com.pl\/wp-content\/uploads\/2014\/02\/glowne-miesnie-zaangazowane-podczas-cwiczen-lawka-do-cwiczen-miesni-ud-26159-1-81e.jpg\" width=\"250\" height=\"331\" srcset=\"https:\/\/muller.com.pl\/wp-content\/uploads\/2014\/02\/glowne-miesnie-zaangazowane-podczas-cwiczen-lawka-do-cwiczen-miesni-ud-26159-1-81e.jpg 547w, https:\/\/muller.com.pl\/wp-content\/uploads\/2014\/02\/glowne-miesnie-zaangazowane-podczas-cwiczen-lawka-do-cwiczen-miesni-ud-26159-1-81e-64x85.jpg 64w, https:\/\/muller.com.pl\/wp-content\/uploads\/2014\/02\/glowne-miesnie-zaangazowane-podczas-cwiczen-lawka-do-cwiczen-miesni-ud-26159-1-81e-227x300.jpg 227w\" sizes=\"(max-width: 250px) 100vw, 250px\" \/><\/div>\n<div style=\"position: absolute; left: 35%;\"><img decoding=\"async\" class=\" size-full wp-image-1738\" src=\"https:\/\/muller.com.pl\/wp-content\/uploads\/2014\/02\/glowne-miesnie-zaangazowane-podczas-cwiczen-lawka-do-cwiczen-miesni-ud-26159-2-c64.jpg\" width=\"250\" height=\"331\" srcset=\"https:\/\/muller.com.pl\/wp-content\/uploads\/2014\/02\/glowne-miesnie-zaangazowane-podczas-cwiczen-lawka-do-cwiczen-miesni-ud-26159-2-c64.jpg 547w, https:\/\/muller.com.pl\/wp-content\/uploads\/2014\/02\/glowne-miesnie-zaangazowane-podczas-cwiczen-lawka-do-cwiczen-miesni-ud-26159-2-c64-64x85.jpg 64w, https:\/\/muller.com.pl\/wp-content\/uploads\/2014\/02\/glowne-miesnie-zaangazowane-podczas-cwiczen-lawka-do-cwiczen-miesni-ud-26159-2-c64-227x300.jpg 227w\" sizes=\"(max-width: 250px) 100vw, 250px\" \/><\/div>\n<p>&nbsp;<\/p>\n","protected":false},"excerpt":{"rendered":"<p>A solid steel construction made of round pipes \u00f860,3&#215;2,9mm and 48,3&#215;2,9mm An arm of the device made of pipes \u00f848,3&#215;2,9mm and \u00f830x2mm The seat made of durable 15mm HDPE sheet Automatic, maintenance-free rubber stringing units provide incremental rise of resistant of gym device All steel elements are protected against corrosion and painted with an acrylic&hellip;<\/p>\n","protected":false},"featured_media":11034,"comment_status":"open","ping_status":"closed","template":"","meta":{"slim_seo":{"title":"Bench with Leg Curl - Muller","description":"A solid steel construction made of round pipes \u00f860,3x2,9mm and 48,3x2,9mm An arm of the device made of pipes \u00f848,3x2,9mm and \u00f830x2mm The seat made of durable 15"}},"product_brand":[],"product_cat":[120],"product_tag":[],"class_list":{"0":"post-1740","1":"product","2":"type-product","3":"status-publish","4":"has-post-thumbnail","6":"product_cat-outdoor-fitness","7":"description-off","9":"first","10":"instock","11":"purchasable","12":"product-type-simple"},"_links":{"self":[{"href":"https:\/\/muller.com.pl\/en\/wp-json\/wp\/v2\/product\/1740","targetHints":{"allow":["GET"]}}],"collection":[{"href":"https:\/\/muller.com.pl\/en\/wp-json\/wp\/v2\/product"}],"about":[{"href":"https:\/\/muller.com.pl\/en\/wp-json\/wp\/v2\/types\/product"}],"replies":[{"embeddable":true,"href":"https:\/\/muller.com.pl\/en\/wp-json\/wp\/v2\/comments?post=1740"}],"wp:featuredmedia":[{"embeddable":true,"href":"https:\/\/muller.com.pl\/en\/wp-json\/wp\/v2\/media\/11034"}],"wp:attachment":[{"href":"https:\/\/muller.com.pl\/en\/wp-json\/wp\/v2\/media?parent=1740"}],"wp:term":[{"taxonomy":"product_brand","embeddable":true,"href":"https:\/\/muller.com.pl\/en\/wp-json\/wp\/v2\/product_brand?post=1740"},{"taxonomy":"product_cat","embeddable":true,"href":"https:\/\/muller.com.pl\/en\/wp-json\/wp\/v2\/product_cat?post=1740"},{"taxonomy":"product_tag","embeddable":true,"href":"https:\/\/muller.com.pl\/en\/wp-json\/wp\/v2\/product_tag?post=1740"}],"curies":[{"name":"wp","href":"https:\/\/api.w.org\/{rel}","templated":true}]}}