{"id":1743,"date":"2014-02-25T23:00:00","date_gmt":"2014-02-25T23:00:00","guid":{"rendered":"https:\/\/muller.com.pl\/sztanga-w-lezeniu-tytan-2"},"modified":"2024-04-24T11:21:19","modified_gmt":"2024-04-24T11:21:19","slug":"sztanga-w-lezeniu-tytan-2","status":"publish","type":"product","link":"https:\/\/muller.com.pl\/en\/nowosci\/sztanga-w-lezeniu-tytan-2","title":{"rendered":"Bench Press"},"content":{"rendered":"<ul>\n<li>A solid steel construction made of round pipe \u00f876,1 x 3,2mm<\/li>\n<li>An arm of the device made of \u00f848,3&#215;2,9mm pipe with handles of \u00f816 rod covered by an artificial material<\/li>\n<li>The seat made of durable 15mm HDPE sheet<\/li>\n<li>Automatic rubber stringing units provide incremental rise of resistant of gym device<\/li>\n<li>The construction possess a protection against sudden drawing back of the device arms<\/li>\n<li>All steel elements are protected against corrosion and painted with an acrylic lacquer<\/li>\n<li>The device should be mounted to the Pylon of Tytan System series<\/li>\n<\/ul>\n<h3>Working muscles:<\/h3>\n<p>&nbsp;<\/p>\n<p><img fetchpriority=\"high\" decoding=\"async\" class=\"img-responsive size-full wp-image-1741\" src=\"https:\/\/muller.com.pl\/wp-content\/uploads\/2014\/02\/glowne-miesnie-zaangazowane-podczas-cwiczen-sztanga-w-lezeniu-26209-ffc.jpg\" alt=\"Sztanga w le\u017ceniu - g\u0142\u00f3wne mi\u0119\u015bnie zaanga\u017cowane podczas \u0107wicze\u0144\" title=\"Sztanga w le\u017ceniu - g\u0142\u00f3wne mi\u0119\u015bnie zaanga\u017cowane podczas \u0107wicze\u0144\" width=\"300\" height=\"398\" srcset=\"https:\/\/muller.com.pl\/wp-content\/uploads\/2014\/02\/glowne-miesnie-zaangazowane-podczas-cwiczen-sztanga-w-lezeniu-26209-ffc.jpg 520w, https:\/\/muller.com.pl\/wp-content\/uploads\/2014\/02\/glowne-miesnie-zaangazowane-podczas-cwiczen-sztanga-w-lezeniu-26209-ffc-64x85.jpg 64w, https:\/\/muller.com.pl\/wp-content\/uploads\/2014\/02\/glowne-miesnie-zaangazowane-podczas-cwiczen-sztanga-w-lezeniu-26209-ffc-226x300.jpg 226w\" sizes=\"(max-width: 300px) 100vw, 300px\" \/><\/p>\n","protected":false},"excerpt":{"rendered":"<p>A solid steel construction made of round pipe \u00f876,1 x 3,2mm An arm of the device made of \u00f848,3&#215;2,9mm pipe with handles of \u00f816 rod covered by an artificial material The seat made of durable 15mm HDPE sheet Automatic rubber stringing units provide incremental rise of resistant of gym device The construction possess a protection&hellip;<\/p>\n","protected":false},"featured_media":0,"comment_status":"open","ping_status":"closed","template":"","meta":{"slim_seo":{"title":"Bench Press - Muller","description":"A solid steel construction made of round pipe \u00f876,1 x 3,2mm An arm of the device made of \u00f848,3x2,9mm pipe with handles of \u00f816 rod covered by an artificial mater"}},"product_brand":[],"product_cat":[586],"product_tag":[],"class_list":{"0":"post-1743","1":"product","2":"type-product","3":"status-publish","5":"product_cat-nowosci","6":"description-off","8":"first","9":"instock","10":"shipping-taxable","11":"purchasable","12":"product-type-simple"},"_links":{"self":[{"href":"https:\/\/muller.com.pl\/en\/wp-json\/wp\/v2\/product\/1743","targetHints":{"allow":["GET"]}}],"collection":[{"href":"https:\/\/muller.com.pl\/en\/wp-json\/wp\/v2\/product"}],"about":[{"href":"https:\/\/muller.com.pl\/en\/wp-json\/wp\/v2\/types\/product"}],"replies":[{"embeddable":true,"href":"https:\/\/muller.com.pl\/en\/wp-json\/wp\/v2\/comments?post=1743"}],"wp:attachment":[{"href":"https:\/\/muller.com.pl\/en\/wp-json\/wp\/v2\/media?parent=1743"}],"wp:term":[{"taxonomy":"product_brand","embeddable":true,"href":"https:\/\/muller.com.pl\/en\/wp-json\/wp\/v2\/product_brand?post=1743"},{"taxonomy":"product_cat","embeddable":true,"href":"https:\/\/muller.com.pl\/en\/wp-json\/wp\/v2\/product_cat?post=1743"},{"taxonomy":"product_tag","embeddable":true,"href":"https:\/\/muller.com.pl\/en\/wp-json\/wp\/v2\/product_tag?post=1743"}],"curies":[{"name":"wp","href":"https:\/\/api.w.org\/{rel}","templated":true}]}}