{"id":1746,"date":"2024-09-18T09:08:00","date_gmt":"2024-09-18T09:08:00","guid":{"rendered":"https:\/\/muller.com.pl\/twister-tytan-2"},"modified":"2024-05-15T18:31:10","modified_gmt":"2024-05-15T18:31:10","slug":"twister-tytan-2","status":"publish","type":"product","link":"https:\/\/muller.com.pl\/en\/outdoor-fitness\/twister-tytan-2","title":{"rendered":"Standing Twister"},"content":{"rendered":"<ul>\n<li>A solid steel construction made of round pipes \u00f876,1 x 3,2mm<\/li>\n<li>The handle made of \u00f838&#215;2,6mm pipe provides stable support during exercises<\/li>\n<li>The rotating disc mounted on drum \u00f8470mm, covered by an anti-slip plate<\/li>\n<li>The return spring provides a smooth and incremental rise of resistant of gym device<\/li>\n<li>The maximum twist angle is 105<sup>\u00ba<\/sup> to the right and to the left, which prevents injuries<\/li>\n<li>All steel elements are protected against corrosion and painted with an acrylic lacquer\n<li>The device should be mounted to the Pylon of Tytan System series<\/li>\n<\/li>\n<\/ul>\n<h3>Working muscles:<\/h3>\n<p>&nbsp;<\/p>\n<p><img fetchpriority=\"high\" decoding=\"async\" class=\"img-responsive size-full wp-image-1744\" src=\"https:\/\/muller.com.pl\/wp-content\/uploads\/2014\/02\/glowne-miesnie-zaangazowane-podczas-cwiczen-twister-26259-128.jpg\" alt=\"Twister - g\u0142\u00f3wne mi\u0119\u015bnie zaanga\u017cowane podczas \u0107wicze\u0144\" title=\"Twister - g\u0142\u00f3wne mi\u0119\u015bnie zaanga\u017cowane podczas \u0107wicze\u0144\" width=\"300\" height=\"397\" srcset=\"https:\/\/muller.com.pl\/wp-content\/uploads\/2014\/02\/glowne-miesnie-zaangazowane-podczas-cwiczen-twister-26259-128.jpg 539w, https:\/\/muller.com.pl\/wp-content\/uploads\/2014\/02\/glowne-miesnie-zaangazowane-podczas-cwiczen-twister-26259-128-64x85.jpg 64w, https:\/\/muller.com.pl\/wp-content\/uploads\/2014\/02\/glowne-miesnie-zaangazowane-podczas-cwiczen-twister-26259-128-227x300.jpg 227w\" sizes=\"(max-width: 300px) 100vw, 300px\" \/><\/p>\n","protected":false},"excerpt":{"rendered":"<p>A solid steel construction made of round pipes \u00f876,1 x 3,2mm The handle made of \u00f838&#215;2,6mm pipe provides stable support during exercises The rotating disc mounted on drum \u00f8470mm, covered by an anti-slip plate The return spring provides a smooth and incremental rise of resistant of gym device The maximum twist angle is 105\u00ba to&hellip;<\/p>\n","protected":false},"featured_media":19002,"comment_status":"open","ping_status":"closed","template":"","meta":{"slim_seo":{"title":"Standing Twister - Muller","description":"A solid steel construction made of round pipes \u00f876,1 x 3,2mm The handle made of \u00f838x2,6mm pipe provides stable support during exercises The rotating disc mounte"}},"product_brand":[],"product_cat":[120],"product_tag":[],"class_list":{"0":"post-1746","1":"product","2":"type-product","3":"status-publish","4":"has-post-thumbnail","6":"product_cat-outdoor-fitness","7":"description-off","9":"first","10":"instock","11":"shipping-taxable","12":"purchasable","13":"product-type-simple"},"_links":{"self":[{"href":"https:\/\/muller.com.pl\/en\/wp-json\/wp\/v2\/product\/1746","targetHints":{"allow":["GET"]}}],"collection":[{"href":"https:\/\/muller.com.pl\/en\/wp-json\/wp\/v2\/product"}],"about":[{"href":"https:\/\/muller.com.pl\/en\/wp-json\/wp\/v2\/types\/product"}],"replies":[{"embeddable":true,"href":"https:\/\/muller.com.pl\/en\/wp-json\/wp\/v2\/comments?post=1746"}],"wp:featuredmedia":[{"embeddable":true,"href":"https:\/\/muller.com.pl\/en\/wp-json\/wp\/v2\/media\/19002"}],"wp:attachment":[{"href":"https:\/\/muller.com.pl\/en\/wp-json\/wp\/v2\/media?parent=1746"}],"wp:term":[{"taxonomy":"product_brand","embeddable":true,"href":"https:\/\/muller.com.pl\/en\/wp-json\/wp\/v2\/product_brand?post=1746"},{"taxonomy":"product_cat","embeddable":true,"href":"https:\/\/muller.com.pl\/en\/wp-json\/wp\/v2\/product_cat?post=1746"},{"taxonomy":"product_tag","embeddable":true,"href":"https:\/\/muller.com.pl\/en\/wp-json\/wp\/v2\/product_tag?post=1746"}],"curies":[{"name":"wp","href":"https:\/\/api.w.org\/{rel}","templated":true}]}}