{"id":1749,"date":"2024-09-18T09:05:00","date_gmt":"2024-09-18T09:05:00","guid":{"rendered":"https:\/\/muller.com.pl\/zestaw-ft-7-2"},"modified":"2024-04-24T11:21:19","modified_gmt":"2024-04-24T11:21:19","slug":"zestaw-ft-7-2","status":"publish","type":"product","link":"https:\/\/muller.com.pl\/en\/outdoor-fitness\/zestaw-ft-7-2","title":{"rendered":"Stepper"},"content":{"rendered":"<ul>\n<li>A solid steel construction made of round pipes \u00f860,3 x 2,9mm<\/li>\n<li>The leg rests made of \u00f857 x 2,9mm pipe with anti-slip footrests made of epoxy resin<\/li>\n<li>The handle made of \u00f838&#215;2,6mm pipe provides stable support during exercises<\/li>\n<li>Automatic, maintenance-free rubber stringing units provide incremental rise of resistant of gym device<\/li>\n<li>All steel elements are protected against corrosion and painted with an acrylic lacquer\n<li>The device should be mounted to the Pylon of Tytan System series<\/li>\n<\/li>\n<\/ul>\n<h3>Working muscles:<\/h3>\n<p>&nbsp;<\/p>\n<p><img fetchpriority=\"high\" decoding=\"async\" class=\"img-responsive size-full wp-image-1747\" src=\"https:\/\/muller.com.pl\/wp-content\/uploads\/2014\/02\/glowne-miesnie-zaangazowane-podczas-cwiczen-steper-26309-3f4.jpg\" alt=\"Steper - g\u0142\u00f3wne mi\u0119\u015bnie zaanga\u017cowane podczas \u0107wicze\u0144\" title=\"Steper - g\u0142\u00f3wne mi\u0119\u015bnie zaanga\u017cowane podczas \u0107wicze\u0144\" width=\"300\" height=\"397\" srcset=\"https:\/\/muller.com.pl\/wp-content\/uploads\/2014\/02\/glowne-miesnie-zaangazowane-podczas-cwiczen-steper-26309-3f4.jpg 547w, https:\/\/muller.com.pl\/wp-content\/uploads\/2014\/02\/glowne-miesnie-zaangazowane-podczas-cwiczen-steper-26309-3f4-64x85.jpg 64w, https:\/\/muller.com.pl\/wp-content\/uploads\/2014\/02\/glowne-miesnie-zaangazowane-podczas-cwiczen-steper-26309-3f4-227x300.jpg 227w\" sizes=\"(max-width: 300px) 100vw, 300px\" \/><\/p>\n","protected":false},"excerpt":{"rendered":"<p>A solid steel construction made of round pipes \u00f860,3 x 2,9mm The leg rests made of \u00f857 x 2,9mm pipe with anti-slip footrests made of epoxy resin The handle made of \u00f838&#215;2,6mm pipe provides stable support during exercises Automatic, maintenance-free rubber stringing units provide incremental rise of resistant of gym device All steel elements are&hellip;<\/p>\n","protected":false},"featured_media":10909,"comment_status":"open","ping_status":"closed","template":"","meta":{"slim_seo":{"title":"Stepper - Muller","description":"A solid steel construction made of round pipes \u00f860,3 x 2,9mm The leg rests made of \u00f857 x 2,9mm pipe with anti-slip footrests made of epoxy resin The handle made"}},"product_brand":[],"product_cat":[120],"product_tag":[],"class_list":{"0":"post-1749","1":"product","2":"type-product","3":"status-publish","4":"has-post-thumbnail","6":"product_cat-outdoor-fitness","7":"description-off","9":"first","10":"instock","11":"shipping-taxable","12":"purchasable","13":"product-type-simple"},"_links":{"self":[{"href":"https:\/\/muller.com.pl\/en\/wp-json\/wp\/v2\/product\/1749","targetHints":{"allow":["GET"]}}],"collection":[{"href":"https:\/\/muller.com.pl\/en\/wp-json\/wp\/v2\/product"}],"about":[{"href":"https:\/\/muller.com.pl\/en\/wp-json\/wp\/v2\/types\/product"}],"replies":[{"embeddable":true,"href":"https:\/\/muller.com.pl\/en\/wp-json\/wp\/v2\/comments?post=1749"}],"wp:featuredmedia":[{"embeddable":true,"href":"https:\/\/muller.com.pl\/en\/wp-json\/wp\/v2\/media\/10909"}],"wp:attachment":[{"href":"https:\/\/muller.com.pl\/en\/wp-json\/wp\/v2\/media?parent=1749"}],"wp:term":[{"taxonomy":"product_brand","embeddable":true,"href":"https:\/\/muller.com.pl\/en\/wp-json\/wp\/v2\/product_brand?post=1749"},{"taxonomy":"product_cat","embeddable":true,"href":"https:\/\/muller.com.pl\/en\/wp-json\/wp\/v2\/product_cat?post=1749"},{"taxonomy":"product_tag","embeddable":true,"href":"https:\/\/muller.com.pl\/en\/wp-json\/wp\/v2\/product_tag?post=1749"}],"curies":[{"name":"wp","href":"https:\/\/api.w.org\/{rel}","templated":true}]}}