{"id":1752,"date":"2024-09-18T09:04:00","date_gmt":"2024-09-18T09:04:00","guid":{"rendered":"https:\/\/muller.com.pl\/klatka-piersiowa-2"},"modified":"2024-05-15T18:31:13","modified_gmt":"2024-05-15T18:31:13","slug":"klatka-piersiowa-2","status":"publish","type":"product","link":"https:\/\/muller.com.pl\/en\/outdoor-fitness\/klatka-piersiowa-2","title":{"rendered":"Lat Pull Down"},"content":{"rendered":"<ul>\n<li>A solid steel construction made of round pipe \u00f876,1 x 3,2mm<\/li>\n<li>An arm of the device made of \u00f848,3&#215;2,9mm pipe with handles of \u00f816 rod covered by an artificial material<\/li>\n<li>The seat and the back rest made of durable 15mm HDPE sheet<\/li>\n<li>Automatic, maintenance-free rubber stringing units provide incremental rise of resistant of gym device<\/li>\n<li>The construction possess a protection against sudden drawing back of the device arms<\/li>\n<li>All steel elements are protected against corrosion and painted with an acrylic lacquer\n<li>The device should be mounted to the Pylon of Tytan System series<\/li>\n<\/li>\n<\/ul>\n<h3>Working muscles:<\/h3>\n<p>&nbsp;<\/p>\n<p><img fetchpriority=\"high\" decoding=\"async\" class=\"img-responsive size-full wp-image-1750\" src=\"https:\/\/muller.com.pl\/wp-content\/uploads\/2014\/02\/glowne-miesnie-zaangazowane-podczas-cwiczen-klatka-piersiowa-26359-aed.jpg\" alt=\"Urz\u0105dzenie do \u0107wicze\u0144 mi\u0119\u015bni klatki piersiowej - g\u0142\u00f3wne mi\u0119\u015bnie zaanga\u017cowane podczas \u0107wicze\u0144\" title=\"Urz\u0105dzenie do \u0107wicze\u0144 mi\u0119\u015bni klatki piersiowej - g\u0142\u00f3wne mi\u0119\u015bnie zaanga\u017cowane podczas \u0107wicze\u0144\" width=\"300\" height=\"397\" srcset=\"https:\/\/muller.com.pl\/wp-content\/uploads\/2014\/02\/glowne-miesnie-zaangazowane-podczas-cwiczen-klatka-piersiowa-26359-aed.jpg 547w, https:\/\/muller.com.pl\/wp-content\/uploads\/2014\/02\/glowne-miesnie-zaangazowane-podczas-cwiczen-klatka-piersiowa-26359-aed-64x85.jpg 64w, https:\/\/muller.com.pl\/wp-content\/uploads\/2014\/02\/glowne-miesnie-zaangazowane-podczas-cwiczen-klatka-piersiowa-26359-aed-227x300.jpg 227w\" sizes=\"(max-width: 300px) 100vw, 300px\" \/><\/p>\n","protected":false},"excerpt":{"rendered":"<p>A solid steel construction made of round pipe \u00f876,1 x 3,2mm An arm of the device made of \u00f848,3&#215;2,9mm pipe with handles of \u00f816 rod covered by an artificial material The seat and the back rest made of durable 15mm HDPE sheet Automatic, maintenance-free rubber stringing units provide incremental rise of resistant of gym device&hellip;<\/p>\n","protected":false},"featured_media":11020,"comment_status":"open","ping_status":"closed","template":"","meta":{"slim_seo":{"title":"Lat Pull Down - Muller","description":"A solid steel construction made of round pipe \u00f876,1 x 3,2mm An arm of the device made of \u00f848,3x2,9mm pipe with handles of \u00f816 rod covered by an artificial mater"}},"product_brand":[],"product_cat":[120],"product_tag":[],"class_list":{"0":"post-1752","1":"product","2":"type-product","3":"status-publish","4":"has-post-thumbnail","6":"product_cat-outdoor-fitness","7":"description-off","9":"first","10":"instock","11":"purchasable","12":"product-type-simple"},"_links":{"self":[{"href":"https:\/\/muller.com.pl\/en\/wp-json\/wp\/v2\/product\/1752","targetHints":{"allow":["GET"]}}],"collection":[{"href":"https:\/\/muller.com.pl\/en\/wp-json\/wp\/v2\/product"}],"about":[{"href":"https:\/\/muller.com.pl\/en\/wp-json\/wp\/v2\/types\/product"}],"replies":[{"embeddable":true,"href":"https:\/\/muller.com.pl\/en\/wp-json\/wp\/v2\/comments?post=1752"}],"wp:featuredmedia":[{"embeddable":true,"href":"https:\/\/muller.com.pl\/en\/wp-json\/wp\/v2\/media\/11020"}],"wp:attachment":[{"href":"https:\/\/muller.com.pl\/en\/wp-json\/wp\/v2\/media?parent=1752"}],"wp:term":[{"taxonomy":"product_brand","embeddable":true,"href":"https:\/\/muller.com.pl\/en\/wp-json\/wp\/v2\/product_brand?post=1752"},{"taxonomy":"product_cat","embeddable":true,"href":"https:\/\/muller.com.pl\/en\/wp-json\/wp\/v2\/product_cat?post=1752"},{"taxonomy":"product_tag","embeddable":true,"href":"https:\/\/muller.com.pl\/en\/wp-json\/wp\/v2\/product_tag?post=1752"}],"curies":[{"name":"wp","href":"https:\/\/api.w.org\/{rel}","templated":true}]}}