{"id":1766,"date":"2024-09-18T08:59:00","date_gmt":"2024-09-18T08:59:00","guid":{"rendered":"https:\/\/muller.com.pl\/narciarz-biegowy-tytan-2"},"modified":"2024-04-24T11:21:19","modified_gmt":"2024-04-24T11:21:19","slug":"narciarz-biegowy-tytan-2","status":"publish","type":"product","link":"https:\/\/muller.com.pl\/en\/outdoor-fitness\/narciarz-biegowy-tytan-2","title":{"rendered":"Elliptical Cross Trainer"},"content":{"rendered":"<ul>\n<li>A solid steel construction made of round pipe \u00f888,9 x 3,2mm<\/li>\n<li>The leg rests made of \u00f848,3 x 2,9mm pipe with anti-slip footrests made of epoxy resin<\/li>\n<li>The handles made of \u00f838 x 2,6mm pipe provides stable support during exercises<\/li>\n<li>The device mechanism bases on bearings which shall not require a maintenance<\/li>\n<li>All steel elements are protected against corrosion and painted with an acrylic lacquer\n<li>The device should be mounted to the Pylon of Tytan System series<\/li>\n<\/li>\n<\/ul>\n<h3>Working muscles:<\/h3>\n<p>&nbsp;<\/p>\n<p><img fetchpriority=\"high\" decoding=\"async\" class=\"img-responsive size-full wp-image-1764\" src=\"https:\/\/muller.com.pl\/wp-content\/uploads\/2014\/02\/glowne-miesnie-zaangazowane-podczas-cwiczen-narciaz-biegowy-26559-870.jpg\" alt=\"Narcia\u017c biegowy - g\u0142\u00f3wne mi\u0119\u015bnie zaanga\u017cowane podczas \u0107wicze\u0144\" title=\"Narcia\u017c biegowy - g\u0142\u00f3wne mi\u0119\u015bnie zaanga\u017cowane podczas \u0107wicze\u0144\" width=\"300\" height=\"397\" srcset=\"https:\/\/muller.com.pl\/wp-content\/uploads\/2014\/02\/glowne-miesnie-zaangazowane-podczas-cwiczen-narciaz-biegowy-26559-870.jpg 547w, https:\/\/muller.com.pl\/wp-content\/uploads\/2014\/02\/glowne-miesnie-zaangazowane-podczas-cwiczen-narciaz-biegowy-26559-870-64x85.jpg 64w, https:\/\/muller.com.pl\/wp-content\/uploads\/2014\/02\/glowne-miesnie-zaangazowane-podczas-cwiczen-narciaz-biegowy-26559-870-227x300.jpg 227w\" sizes=\"(max-width: 300px) 100vw, 300px\" \/><\/p>\n","protected":false},"excerpt":{"rendered":"<p>A solid steel construction made of round pipe \u00f888,9 x 3,2mm The leg rests made of \u00f848,3 x 2,9mm pipe with anti-slip footrests made of epoxy resin The handles made of \u00f838 x 2,6mm pipe provides stable support during exercises The device mechanism bases on bearings which shall not require a maintenance All steel elements&hellip;<\/p>\n","protected":false},"featured_media":11063,"comment_status":"open","ping_status":"closed","template":"","meta":{"slim_seo":{"title":"Elliptical Cross Trainer - Muller","description":"A solid steel construction made of round pipe \u00f888,9 x 3,2mm The leg rests made of \u00f848,3 x 2,9mm pipe with anti-slip footrests made of epoxy resin The handles ma"}},"product_brand":[],"product_cat":[120],"product_tag":[],"class_list":{"0":"post-1766","1":"product","2":"type-product","3":"status-publish","4":"has-post-thumbnail","6":"product_cat-outdoor-fitness","7":"description-off","9":"first","10":"instock","11":"purchasable","12":"product-type-simple"},"_links":{"self":[{"href":"https:\/\/muller.com.pl\/en\/wp-json\/wp\/v2\/product\/1766","targetHints":{"allow":["GET"]}}],"collection":[{"href":"https:\/\/muller.com.pl\/en\/wp-json\/wp\/v2\/product"}],"about":[{"href":"https:\/\/muller.com.pl\/en\/wp-json\/wp\/v2\/types\/product"}],"replies":[{"embeddable":true,"href":"https:\/\/muller.com.pl\/en\/wp-json\/wp\/v2\/comments?post=1766"}],"wp:featuredmedia":[{"embeddable":true,"href":"https:\/\/muller.com.pl\/en\/wp-json\/wp\/v2\/media\/11063"}],"wp:attachment":[{"href":"https:\/\/muller.com.pl\/en\/wp-json\/wp\/v2\/media?parent=1766"}],"wp:term":[{"taxonomy":"product_brand","embeddable":true,"href":"https:\/\/muller.com.pl\/en\/wp-json\/wp\/v2\/product_brand?post=1766"},{"taxonomy":"product_cat","embeddable":true,"href":"https:\/\/muller.com.pl\/en\/wp-json\/wp\/v2\/product_cat?post=1766"},{"taxonomy":"product_tag","embeddable":true,"href":"https:\/\/muller.com.pl\/en\/wp-json\/wp\/v2\/product_tag?post=1766"}],"curies":[{"name":"wp","href":"https:\/\/api.w.org\/{rel}","templated":true}]}}