{"id":1778,"date":"2024-09-18T08:50:00","date_gmt":"2024-09-18T08:50:00","guid":{"rendered":"https:\/\/muller.com.pl\/rowerek-tytan-2"},"modified":"2024-05-15T18:31:07","modified_gmt":"2024-05-15T18:31:07","slug":"rowerek-tytan-2","status":"publish","type":"product","link":"https:\/\/muller.com.pl\/en\/outdoor-fitness\/rowerek-tytan-2","title":{"rendered":"Spinning Bike"},"content":{"rendered":"<ul>\n<li>A solid steel construction made of round pipes \u00f876,1 x 3,2mm<\/li>\n<li>The handle made of \u00f820 rod covered by an artificial material<\/li>\n<li>The seat and the back rest made of durable 15mm HDPE sheet<\/li>\n<li>The device mechanism bases on bearings which shall not require a maintenance<\/li>\n<li>Resistance regulation<\/li>\n<li>All steel elements are protected against corrosion and painted with an acrylic lacquer\n<li>The device should be mounted to the Pylon of Tytan System series&nbsp;<\/li>\n<\/li>\n<\/ul>\n<h3>Working muscles:<\/h3>\n<p>&nbsp;<\/p>\n<p><img fetchpriority=\"high\" decoding=\"async\" class=\"img-responsive size-full wp-image-1776\" src=\"https:\/\/muller.com.pl\/wp-content\/uploads\/2014\/02\/glowne-miesnie-zaangazowane-podczas-cwiczen-rowerek-26759-8fe.jpg\" alt=\"Rowerek - g\u0142\u00f3wne mi\u0119\u015bnie zaanga\u017cowane podczas \u0107wicze\u0144\" title=\"Rowerek - g\u0142\u00f3wne mi\u0119\u015bnie zaanga\u017cowane podczas \u0107wicze\u0144\" width=\"300\" height=\"398\" srcset=\"https:\/\/muller.com.pl\/wp-content\/uploads\/2014\/02\/glowne-miesnie-zaangazowane-podczas-cwiczen-rowerek-26759-8fe.jpg 546w, https:\/\/muller.com.pl\/wp-content\/uploads\/2014\/02\/glowne-miesnie-zaangazowane-podczas-cwiczen-rowerek-26759-8fe-64x85.jpg 64w, https:\/\/muller.com.pl\/wp-content\/uploads\/2014\/02\/glowne-miesnie-zaangazowane-podczas-cwiczen-rowerek-26759-8fe-226x300.jpg 226w\" sizes=\"(max-width: 300px) 100vw, 300px\" \/><\/p>\n","protected":false},"excerpt":{"rendered":"<p>A solid steel construction made of round pipes \u00f876,1 x 3,2mm The handle made of \u00f820 rod covered by an artificial material The seat and the back rest made of durable 15mm HDPE sheet The device mechanism bases on bearings which shall not require a maintenance Resistance regulation All steel elements are protected against corrosion&hellip;<\/p>\n","protected":false},"featured_media":10880,"comment_status":"open","ping_status":"closed","template":"","meta":{"slim_seo":{"title":"Spinning Bike - Muller","description":"A solid steel construction made of round pipes \u00f876,1 x 3,2mm The handle made of \u00f820 rod covered by an artificial material The seat and the back rest made of dur"}},"product_brand":[],"product_cat":[120],"product_tag":[],"class_list":{"0":"post-1778","1":"product","2":"type-product","3":"status-publish","4":"has-post-thumbnail","6":"product_cat-outdoor-fitness","7":"description-off","9":"first","10":"instock","11":"shipping-taxable","12":"purchasable","13":"product-type-simple"},"_links":{"self":[{"href":"https:\/\/muller.com.pl\/en\/wp-json\/wp\/v2\/product\/1778","targetHints":{"allow":["GET"]}}],"collection":[{"href":"https:\/\/muller.com.pl\/en\/wp-json\/wp\/v2\/product"}],"about":[{"href":"https:\/\/muller.com.pl\/en\/wp-json\/wp\/v2\/types\/product"}],"replies":[{"embeddable":true,"href":"https:\/\/muller.com.pl\/en\/wp-json\/wp\/v2\/comments?post=1778"}],"wp:featuredmedia":[{"embeddable":true,"href":"https:\/\/muller.com.pl\/en\/wp-json\/wp\/v2\/media\/10880"}],"wp:attachment":[{"href":"https:\/\/muller.com.pl\/en\/wp-json\/wp\/v2\/media?parent=1778"}],"wp:term":[{"taxonomy":"product_brand","embeddable":true,"href":"https:\/\/muller.com.pl\/en\/wp-json\/wp\/v2\/product_brand?post=1778"},{"taxonomy":"product_cat","embeddable":true,"href":"https:\/\/muller.com.pl\/en\/wp-json\/wp\/v2\/product_cat?post=1778"},{"taxonomy":"product_tag","embeddable":true,"href":"https:\/\/muller.com.pl\/en\/wp-json\/wp\/v2\/product_tag?post=1778"}],"curies":[{"name":"wp","href":"https:\/\/api.w.org\/{rel}","templated":true}]}}