{"id":1784,"date":"2024-09-18T08:44:00","date_gmt":"2024-09-18T08:44:00","guid":{"rendered":"https:\/\/muller.com.pl\/sternik-3-tytan-2"},"modified":"2024-05-15T18:31:20","modified_gmt":"2024-05-15T18:31:20","slug":"sternik-3-tytan-2","status":"publish","type":"product","link":"https:\/\/muller.com.pl\/en\/outdoor-fitness\/sternik-3-tytan-2","title":{"rendered":"Tai Chi Discs 3"},"content":{"rendered":"<ul>\n<li>A solid steel construction made of round pipes \u00f876,1 x 3,2mm<\/li>\n<li>The discs made of 8 mm HPL sheet<\/li>\n<li>The device mechanism bases on bearings which shall not require a maintenance<\/li>\n<li>All steel elements are protected against corrosion and painted with an acrylic lacquer\n<li>The device should be mounted to the Pylon of Tytan System series<\/li>\n<\/li>\n<\/ul>\n<h3>Working muscles:<\/h3>\n<p>&nbsp;<\/p>\n<p><img fetchpriority=\"high\" decoding=\"async\" class=\"img-responsive size-full wp-image-1782\" src=\"https:\/\/muller.com.pl\/wp-content\/uploads\/2014\/02\/glowne-miesnie-zaangazowane-podczas-cwiczen-sternik-3-26859-df1.jpg\" alt=\"Sternik 3 - g\u0142\u00f3wne mi\u0119\u015bnie zaanga\u017cowane podczas \u0107wicze\u0144\" title=\"Sternik 3 - g\u0142\u00f3wne mi\u0119\u015bnie zaanga\u017cowane podczas \u0107wicze\u0144\" width=\"300\" height=\"398\" srcset=\"https:\/\/muller.com.pl\/wp-content\/uploads\/2014\/02\/glowne-miesnie-zaangazowane-podczas-cwiczen-sternik-3-26859-df1.jpg 546w, https:\/\/muller.com.pl\/wp-content\/uploads\/2014\/02\/glowne-miesnie-zaangazowane-podczas-cwiczen-sternik-3-26859-df1-64x85.jpg 64w, https:\/\/muller.com.pl\/wp-content\/uploads\/2014\/02\/glowne-miesnie-zaangazowane-podczas-cwiczen-sternik-3-26859-df1-226x300.jpg 226w\" sizes=\"(max-width: 300px) 100vw, 300px\" \/><\/p>\n","protected":false},"excerpt":{"rendered":"<p>A solid steel construction made of round pipes \u00f876,1 x 3,2mm The discs made of 8 mm HPL sheet The device mechanism bases on bearings which shall not require a maintenance All steel elements are protected against corrosion and painted with an acrylic lacquer The device should be mounted to the Pylon of Tytan System&hellip;<\/p>\n","protected":false},"featured_media":11161,"comment_status":"open","ping_status":"closed","template":"","meta":{"slim_seo":{"title":"Tai Chi Discs 3 - Muller","description":"A solid steel construction made of round pipes \u00f876,1 x 3,2mm The discs made of 8 mm HPL sheet The device mechanism bases on bearings which shall not require a m"}},"product_brand":[],"product_cat":[120],"product_tag":[],"class_list":{"0":"post-1784","1":"product","2":"type-product","3":"status-publish","4":"has-post-thumbnail","6":"product_cat-outdoor-fitness","7":"description-off","9":"first","10":"instock","11":"purchasable","12":"product-type-simple"},"_links":{"self":[{"href":"https:\/\/muller.com.pl\/en\/wp-json\/wp\/v2\/product\/1784","targetHints":{"allow":["GET"]}}],"collection":[{"href":"https:\/\/muller.com.pl\/en\/wp-json\/wp\/v2\/product"}],"about":[{"href":"https:\/\/muller.com.pl\/en\/wp-json\/wp\/v2\/types\/product"}],"replies":[{"embeddable":true,"href":"https:\/\/muller.com.pl\/en\/wp-json\/wp\/v2\/comments?post=1784"}],"wp:featuredmedia":[{"embeddable":true,"href":"https:\/\/muller.com.pl\/en\/wp-json\/wp\/v2\/media\/11161"}],"wp:attachment":[{"href":"https:\/\/muller.com.pl\/en\/wp-json\/wp\/v2\/media?parent=1784"}],"wp:term":[{"taxonomy":"product_brand","embeddable":true,"href":"https:\/\/muller.com.pl\/en\/wp-json\/wp\/v2\/product_brand?post=1784"},{"taxonomy":"product_cat","embeddable":true,"href":"https:\/\/muller.com.pl\/en\/wp-json\/wp\/v2\/product_cat?post=1784"},{"taxonomy":"product_tag","embeddable":true,"href":"https:\/\/muller.com.pl\/en\/wp-json\/wp\/v2\/product_tag?post=1784"}],"curies":[{"name":"wp","href":"https:\/\/api.w.org\/{rel}","templated":true}]}}