{"id":1787,"date":"2024-09-18T08:41:00","date_gmt":"2024-09-18T08:41:00","guid":{"rendered":"https:\/\/muller.com.pl\/drabinka-2"},"modified":"2024-05-15T18:31:24","modified_gmt":"2024-05-15T18:31:24","slug":"drabinka-2","status":"publish","type":"product","link":"https:\/\/muller.com.pl\/en\/outdoor-fitness\/drabinka-2","title":{"rendered":"Ladder"},"content":{"rendered":"<ul>\n<li>A solid steel construction made of round pipes \u00f848,3&#215;2,9mm<\/li>\n<li>The rungs of ladder made of \u00f838&#215;2,6mm pipes<\/li>\n<li>The device intended to training arm muscles. May be used as a support for stretching exercises<\/li>\n<li>All steel elements are protected against corrosion and painted with an acrylic lacquer<\/li>\n<\/ul>\n<p>The device should be mounted to the Pylon of Tytan System series<\/p>\n<h3>Working muscles:<\/h3>\n<p>&nbsp;<\/p>\n<p><img fetchpriority=\"high\" decoding=\"async\" class=\"img-responsive size-full wp-image-1785\" src=\"https:\/\/muller.com.pl\/wp-content\/uploads\/2014\/02\/glowne-miesnie-zaangazowane-podczas-cwiczen-drabinka-26909-773.jpg\" alt=\"Drabinka - g\u0142\u00f3wne mi\u0119\u015bnie zaanga\u017cowane podczas \u0107wicze\u0144\" title=\"Drabinka - g\u0142\u00f3wne mi\u0119\u015bnie zaanga\u017cowane podczas \u0107wicze\u0144\" width=\"300\" height=\"397\" srcset=\"https:\/\/muller.com.pl\/wp-content\/uploads\/2014\/02\/glowne-miesnie-zaangazowane-podczas-cwiczen-drabinka-26909-773.jpg 547w, https:\/\/muller.com.pl\/wp-content\/uploads\/2014\/02\/glowne-miesnie-zaangazowane-podczas-cwiczen-drabinka-26909-773-64x85.jpg 64w, https:\/\/muller.com.pl\/wp-content\/uploads\/2014\/02\/glowne-miesnie-zaangazowane-podczas-cwiczen-drabinka-26909-773-227x300.jpg 227w\" sizes=\"(max-width: 300px) 100vw, 300px\" \/><\/p>\n","protected":false},"excerpt":{"rendered":"<p>A solid steel construction made of round pipes \u00f848,3&#215;2,9mm The rungs of ladder made of \u00f838&#215;2,6mm pipes The device intended to training arm muscles. May be used as a support for stretching exercises All steel elements are protected against corrosion and painted with an acrylic lacquer The device should be mounted to the Pylon of&hellip;<\/p>\n","protected":false},"featured_media":28816,"comment_status":"open","ping_status":"closed","template":"","meta":{"slim_seo":{"title":"Ladder - Muller","description":"A solid steel construction made of round pipes \u00f848,3x2,9mm The rungs of ladder made of \u00f838x2,6mm pipes The device intended to training arm muscles. May be used"}},"product_brand":[],"product_cat":[120],"product_tag":[],"class_list":{"0":"post-1787","1":"product","2":"type-product","3":"status-publish","4":"has-post-thumbnail","6":"product_cat-outdoor-fitness","7":"description-off","9":"first","10":"instock","11":"purchasable","12":"product-type-simple"},"_links":{"self":[{"href":"https:\/\/muller.com.pl\/en\/wp-json\/wp\/v2\/product\/1787","targetHints":{"allow":["GET"]}}],"collection":[{"href":"https:\/\/muller.com.pl\/en\/wp-json\/wp\/v2\/product"}],"about":[{"href":"https:\/\/muller.com.pl\/en\/wp-json\/wp\/v2\/types\/product"}],"replies":[{"embeddable":true,"href":"https:\/\/muller.com.pl\/en\/wp-json\/wp\/v2\/comments?post=1787"}],"wp:featuredmedia":[{"embeddable":true,"href":"https:\/\/muller.com.pl\/en\/wp-json\/wp\/v2\/media\/28816"}],"wp:attachment":[{"href":"https:\/\/muller.com.pl\/en\/wp-json\/wp\/v2\/media?parent=1787"}],"wp:term":[{"taxonomy":"product_brand","embeddable":true,"href":"https:\/\/muller.com.pl\/en\/wp-json\/wp\/v2\/product_brand?post=1787"},{"taxonomy":"product_cat","embeddable":true,"href":"https:\/\/muller.com.pl\/en\/wp-json\/wp\/v2\/product_cat?post=1787"},{"taxonomy":"product_tag","embeddable":true,"href":"https:\/\/muller.com.pl\/en\/wp-json\/wp\/v2\/product_tag?post=1787"}],"curies":[{"name":"wp","href":"https:\/\/api.w.org\/{rel}","templated":true}]}}