{"id":1930,"date":"2015-01-25T23:00:00","date_gmt":"2015-01-25T23:00:00","guid":{"rendered":"https:\/\/muller.com.pl\/street-workout-7-2"},"modified":"2024-05-15T14:46:11","modified_gmt":"2024-05-15T14:46:11","slug":"street-workout-7-2","status":"publish","type":"product","link":"https:\/\/muller.com.pl\/en\/street-workout-exercise-sets\/street-workout-7-2","title":{"rendered":"Street Workout Set no. 7"},"content":{"rendered":"<ul>\n<li>All posts made of closed profiles 100x100x3mm<\/li>\n<li>All bars made of pipes: \u00f833,7x4mm and \u00f8 38,4mm<\/li>\n<li>Horizontal ladder made of \u00d838x4mm and \u00d833,7x4mm pipes<\/li>\n<li>Exercise ladder made of \u00d833,7x4mm pipe<\/li>\n<li>Exercise bench made of 15mm HDPE sheet<\/li>\n<li>Parallel bars made of \u00d838x4mm pipe<\/li>\n<li>Exercise pole made of \u00d838x4mm pipe<\/li>\n<li>All steel elements are protected against corrosion and painted with an acrylic lacquer<\/li>\n<li>The set includes foundations made of concrete class C25\/30\n<li>All posts shall be set in concrete class C16\/20<\/li>\n<\/li>\n<\/ul>\n<p><span style=\"font-size: 14pt;\"><strong>Components of the Set<\/strong><\/span><\/p>\n<ul>\n<li>Pull-up bar \u2013 5pcs.<\/li>\n<li>Ladder \u2013 1pc.<\/li>\n<li>Horizontal ladder \u2013 1pc.<\/li>\n<li>Exercise pole \u2013 1pc.<\/li>\n<li>High parallel bars \u2013 1set<\/li>\n<li>Low parallel bars \u2013 1set<\/li>\n<li>Exercise bench with small ladder \u2013 1pc.\n<li>Long bar \u2013 4pcs.<\/li>\n<\/li>\n<\/ul>\n","protected":false},"excerpt":{"rendered":"<p>All posts made of closed profiles 100x100x3mm All bars made of pipes: \u00f833,7x4mm and \u00f8 38,4mm Horizontal ladder made of \u00d838x4mm and \u00d833,7x4mm pipes Exercise ladder made of \u00d833,7x4mm pipe Exercise bench made of 15mm HDPE sheet Parallel bars made of \u00d838x4mm pipe Exercise pole made of \u00d838x4mm pipe All steel elements are protected against&hellip;<\/p>\n","protected":false},"featured_media":10076,"comment_status":"open","ping_status":"closed","template":"","meta":{"slim_seo":{"title":"Street Workout Set no. 7 - Muller","description":"All posts made of closed profiles 100x100x3mm All bars made of pipes: \u00f833,7x4mm and \u00f8 38,4mm Horizontal ladder made of \u00d838x4mm and \u00d833,7x4mm pipes Exercise ladd"}},"product_brand":[],"product_cat":[159],"product_tag":[],"class_list":{"0":"post-1930","1":"product","2":"type-product","3":"status-publish","4":"has-post-thumbnail","6":"product_cat-street-workout-exercise-sets","7":"description-off","9":"first","10":"instock","11":"purchasable","12":"product-type-simple"},"_links":{"self":[{"href":"https:\/\/muller.com.pl\/en\/wp-json\/wp\/v2\/product\/1930","targetHints":{"allow":["GET"]}}],"collection":[{"href":"https:\/\/muller.com.pl\/en\/wp-json\/wp\/v2\/product"}],"about":[{"href":"https:\/\/muller.com.pl\/en\/wp-json\/wp\/v2\/types\/product"}],"replies":[{"embeddable":true,"href":"https:\/\/muller.com.pl\/en\/wp-json\/wp\/v2\/comments?post=1930"}],"wp:featuredmedia":[{"embeddable":true,"href":"https:\/\/muller.com.pl\/en\/wp-json\/wp\/v2\/media\/10076"}],"wp:attachment":[{"href":"https:\/\/muller.com.pl\/en\/wp-json\/wp\/v2\/media?parent=1930"}],"wp:term":[{"taxonomy":"product_brand","embeddable":true,"href":"https:\/\/muller.com.pl\/en\/wp-json\/wp\/v2\/product_brand?post=1930"},{"taxonomy":"product_cat","embeddable":true,"href":"https:\/\/muller.com.pl\/en\/wp-json\/wp\/v2\/product_cat?post=1930"},{"taxonomy":"product_tag","embeddable":true,"href":"https:\/\/muller.com.pl\/en\/wp-json\/wp\/v2\/product_tag?post=1930"}],"curies":[{"name":"wp","href":"https:\/\/api.w.org\/{rel}","templated":true}]}}