{"id":1981,"date":"2024-09-18T09:12:00","date_gmt":"2024-09-18T09:12:00","guid":{"rendered":"https:\/\/muller.com.pl\/modlitewnik-2"},"modified":"2024-05-15T18:31:20","modified_gmt":"2024-05-15T18:31:20","slug":"modlitewnik-2","status":"publish","type":"product","link":"https:\/\/muller.com.pl\/en\/outdoor-fitness\/modlitewnik-2","title":{"rendered":"Preacher Curl"},"content":{"rendered":"<ul>\n<li>A solid steel construction made of round pipe \u00d860,3&#215;2,9mm, \u00d848,3&#215;2,9mm and \u00d838&#215;2,6mm<\/li>\n<li>The seat and the surface elements made of durable 15mm HDPE sheet<\/li>\n<li>Automatic, maintenance-free rubber stringing units provide incremental rise of resistant of gym device<\/li>\n<li>All steel elements are protected against corrosion and painted with an acrylic lacquer<\/li>\n<li>The device should be mounted to the Pylon of Tytan System series<\/li>\n<\/ul>\n<h3>Working muscles:<\/h3>\n<p>&nbsp;<\/p>\n<p><img fetchpriority=\"high\" decoding=\"async\" class=\"img-responsive size-full wp-image-1979\" src=\"https:\/\/muller.com.pl\/wp-content\/uploads\/2015\/07\/glowne-miesnie-zaangazowane-podczas-cwiczen-modlitewnik-26169-7f2.jpg\" alt=\"Modlitewnik - g\u0142\u00f3wne mi\u0119\u015bnie zaanga\u017cowane podczas \u0107wicze\u0144\" title=\"Modlitewnik - g\u0142\u00f3wne mi\u0119\u015bnie zaanga\u017cowane podczas \u0107wicze\u0144\" width=\"300\" height=\"397\" srcset=\"https:\/\/muller.com.pl\/wp-content\/uploads\/2015\/07\/glowne-miesnie-zaangazowane-podczas-cwiczen-modlitewnik-26169-7f2.jpg 547w, https:\/\/muller.com.pl\/wp-content\/uploads\/2015\/07\/glowne-miesnie-zaangazowane-podczas-cwiczen-modlitewnik-26169-7f2-64x85.jpg 64w, https:\/\/muller.com.pl\/wp-content\/uploads\/2015\/07\/glowne-miesnie-zaangazowane-podczas-cwiczen-modlitewnik-26169-7f2-227x300.jpg 227w\" sizes=\"(max-width: 300px) 100vw, 300px\" \/><\/p>\n","protected":false},"excerpt":{"rendered":"<p>A solid steel construction made of round pipe \u00d860,3&#215;2,9mm, \u00d848,3&#215;2,9mm and \u00d838&#215;2,6mm The seat and the surface elements made of durable 15mm HDPE sheet Automatic, maintenance-free rubber stringing units provide incremental rise of resistant of gym device All steel elements are protected against corrosion and painted with an acrylic lacquer The device should be mounted&hellip;<\/p>\n","protected":false},"featured_media":11147,"comment_status":"open","ping_status":"closed","template":"","meta":{"slim_seo":{"title":"Preacher Curl - Muller","description":"A solid steel construction made of round pipe \u00d860,3x2,9mm, \u00d848,3x2,9mm and \u00d838x2,6mm The seat and the surface elements made of durable 15mm HDPE sheet Automatic"}},"product_brand":[],"product_cat":[120],"product_tag":[],"class_list":{"0":"post-1981","1":"product","2":"type-product","3":"status-publish","4":"has-post-thumbnail","6":"product_cat-outdoor-fitness","7":"description-off","9":"first","10":"instock","11":"purchasable","12":"product-type-simple"},"_links":{"self":[{"href":"https:\/\/muller.com.pl\/en\/wp-json\/wp\/v2\/product\/1981","targetHints":{"allow":["GET"]}}],"collection":[{"href":"https:\/\/muller.com.pl\/en\/wp-json\/wp\/v2\/product"}],"about":[{"href":"https:\/\/muller.com.pl\/en\/wp-json\/wp\/v2\/types\/product"}],"replies":[{"embeddable":true,"href":"https:\/\/muller.com.pl\/en\/wp-json\/wp\/v2\/comments?post=1981"}],"wp:featuredmedia":[{"embeddable":true,"href":"https:\/\/muller.com.pl\/en\/wp-json\/wp\/v2\/media\/11147"}],"wp:attachment":[{"href":"https:\/\/muller.com.pl\/en\/wp-json\/wp\/v2\/media?parent=1981"}],"wp:term":[{"taxonomy":"product_brand","embeddable":true,"href":"https:\/\/muller.com.pl\/en\/wp-json\/wp\/v2\/product_brand?post=1981"},{"taxonomy":"product_cat","embeddable":true,"href":"https:\/\/muller.com.pl\/en\/wp-json\/wp\/v2\/product_cat?post=1981"},{"taxonomy":"product_tag","embeddable":true,"href":"https:\/\/muller.com.pl\/en\/wp-json\/wp\/v2\/product_tag?post=1981"}],"curies":[{"name":"wp","href":"https:\/\/api.w.org\/{rel}","templated":true}]}}