{"id":1983,"date":"2017-06-07T10:52:00","date_gmt":"2017-06-07T10:52:00","guid":{"rendered":"https:\/\/muller.com.pl\/street-workout-12-2"},"modified":"2024-05-15T14:46:13","modified_gmt":"2024-05-15T14:46:13","slug":"street-workout-12-2","status":"publish","type":"product","link":"https:\/\/muller.com.pl\/en\/street-workout-exercise-sets\/street-workout-12-2","title":{"rendered":"Street Workout Set no. 12"},"content":{"rendered":"<ul>\n<li>All posts made of closed profiles 100x100x3mm<\/li>\n<li>Bars and ladders made of \u00f833,7x4mm pipes<\/li>\n<li>Horizontal ladder made of pipes: \u00f838x4mm and \u00f833,7x4mm<\/li>\n<li>Knee raise dip station made of pipes: \u00f857&#215;2,9mm and \u00f830x2mm<\/li>\n<li>Seat of the exercise bench made of 15mm HDPE sheet<\/li>\n<li>All steel elements are protected against corrosion and painted with an acrylic lacquer<\/li>\n<li>The set includes foundations made of concrete class C25\/30<\/li>\n<li>All posts shall be set in concrete class C16\/20<\/li>\n<\/ul>\n<p><span style=\"font-size: 14pt;\"><strong>Components of the Set<\/strong><\/span><\/p>\n<ul>\n<li>Ladder \u2013 2 pcs.<\/li>\n<li>Horizontal ladder \u2013 1 pc.<\/li>\n<li>Exercise bench with small ladder \u2013 1 pc.<\/li>\n<li>Knee raise dip station \u2013 1 pc.\n<li>Pull-up bar \u2013 7 pcs.<\/li>\n<\/li>\n<\/ul>\n","protected":false},"excerpt":{"rendered":"<p>All posts made of closed profiles 100x100x3mm Bars and ladders made of \u00f833,7x4mm pipes Horizontal ladder made of pipes: \u00f838x4mm and \u00f833,7x4mm Knee raise dip station made of pipes: \u00f857&#215;2,9mm and \u00f830x2mm Seat of the exercise bench made of 15mm HDPE sheet All steel elements are protected against corrosion and painted with an acrylic lacquer&hellip;<\/p>\n","protected":false},"featured_media":10133,"comment_status":"open","ping_status":"closed","template":"","meta":{"slim_seo":{"title":"Street Workout Set no. 12 - Muller","description":"All posts made of closed profiles 100x100x3mm Bars and ladders made of \u00f833,7x4mm pipes Horizontal ladder made of pipes: \u00f838x4mm and \u00f833,7x4mm Knee raise dip sta"}},"product_brand":[],"product_cat":[159],"product_tag":[],"class_list":{"0":"post-1983","1":"product","2":"type-product","3":"status-publish","4":"has-post-thumbnail","6":"product_cat-street-workout-exercise-sets","7":"description-off","9":"first","10":"instock","11":"purchasable","12":"product-type-simple"},"_links":{"self":[{"href":"https:\/\/muller.com.pl\/en\/wp-json\/wp\/v2\/product\/1983","targetHints":{"allow":["GET"]}}],"collection":[{"href":"https:\/\/muller.com.pl\/en\/wp-json\/wp\/v2\/product"}],"about":[{"href":"https:\/\/muller.com.pl\/en\/wp-json\/wp\/v2\/types\/product"}],"replies":[{"embeddable":true,"href":"https:\/\/muller.com.pl\/en\/wp-json\/wp\/v2\/comments?post=1983"}],"wp:featuredmedia":[{"embeddable":true,"href":"https:\/\/muller.com.pl\/en\/wp-json\/wp\/v2\/media\/10133"}],"wp:attachment":[{"href":"https:\/\/muller.com.pl\/en\/wp-json\/wp\/v2\/media?parent=1983"}],"wp:term":[{"taxonomy":"product_brand","embeddable":true,"href":"https:\/\/muller.com.pl\/en\/wp-json\/wp\/v2\/product_brand?post=1983"},{"taxonomy":"product_cat","embeddable":true,"href":"https:\/\/muller.com.pl\/en\/wp-json\/wp\/v2\/product_cat?post=1983"},{"taxonomy":"product_tag","embeddable":true,"href":"https:\/\/muller.com.pl\/en\/wp-json\/wp\/v2\/product_tag?post=1983"}],"curies":[{"name":"wp","href":"https:\/\/api.w.org\/{rel}","templated":true}]}}