{"id":1984,"date":"2017-06-07T10:51:00","date_gmt":"2017-06-07T10:51:00","guid":{"rendered":"https:\/\/muller.com.pl\/street-workout-11-2"},"modified":"2024-05-15T14:46:12","modified_gmt":"2024-05-15T14:46:12","slug":"street-workout-11-2","status":"publish","type":"product","link":"https:\/\/muller.com.pl\/en\/street-workout-exercise-sets\/street-workout-11-2","title":{"rendered":"Street Workout Set no. 11"},"content":{"rendered":"<ul>\n<li>All posts made of closed profiles 100x100x3mm<\/li>\n<li>Construction made of pipes: \u00f833,7x4mm, \u00f838x4mm and \u00f848,3&#215;2,9mm<\/li>\n<li>Log roll made of \u00f8133x4mm pipe and lined with planks<\/li>\n<li>Gymnastic rings made of stainless steel pipe \u00f830x2mm and armed rope \u00f816mm<\/li>\n<li>All steel elements are protected against corrosion and painted with an acrylic lacquer<\/li>\n<li>The set includes foundations made of concrete class C25\/30\n<li>All posts shall be set in concrete class C16\/20<\/li>\n<\/li>\n<\/ul>\n<p><span style=\"font-size: 14pt;\"><strong>Components of the Set<\/strong><\/span><\/p>\n<ul>\n<li>Exercise bench with small ladder \u2013 2 pcs.<\/li>\n<li>Parallel bar \u2013 3 pcs.<\/li>\n<li>Slanted bar \u2013 1 pc.<\/li>\n<li>Exercise pole \u2013 1 pc.<\/li>\n<li>Gymnastic rings \u2013 1 set<\/li>\n<li>Log roll \u2013 1 pc.<\/li>\n<li>Push-up bar \u2013 2 pcs.<\/li>\n<li>Horizontal snake ladder \u2013 1 pc.\n<li>Pull-up bar \u2013 4 pcs.<\/li>\n<\/li>\n<\/ul>\n<p>&nbsp;<\/p>\n","protected":false},"excerpt":{"rendered":"<p>All posts made of closed profiles 100x100x3mm Construction made of pipes: \u00f833,7x4mm, \u00f838x4mm and \u00f848,3&#215;2,9mm Log roll made of \u00f8133x4mm pipe and lined with planks Gymnastic rings made of stainless steel pipe \u00f830x2mm and armed rope \u00f816mm All steel elements are protected against corrosion and painted with an acrylic lacquer The set includes foundations made&hellip;<\/p>\n","protected":false},"featured_media":10123,"comment_status":"open","ping_status":"closed","template":"","meta":{"slim_seo":{"title":"Street Workout Set no. 11 - Muller","description":"All posts made of closed profiles 100x100x3mm Construction made of pipes: \u00f833,7x4mm, \u00f838x4mm and \u00f848,3x2,9mm Log roll made of \u00f8133x4mm pipe and lined with plank"}},"product_brand":[],"product_cat":[159],"product_tag":[],"class_list":{"0":"post-1984","1":"product","2":"type-product","3":"status-publish","4":"has-post-thumbnail","6":"product_cat-street-workout-exercise-sets","7":"description-off","9":"first","10":"instock","11":"purchasable","12":"product-type-simple"},"_links":{"self":[{"href":"https:\/\/muller.com.pl\/en\/wp-json\/wp\/v2\/product\/1984","targetHints":{"allow":["GET"]}}],"collection":[{"href":"https:\/\/muller.com.pl\/en\/wp-json\/wp\/v2\/product"}],"about":[{"href":"https:\/\/muller.com.pl\/en\/wp-json\/wp\/v2\/types\/product"}],"replies":[{"embeddable":true,"href":"https:\/\/muller.com.pl\/en\/wp-json\/wp\/v2\/comments?post=1984"}],"wp:featuredmedia":[{"embeddable":true,"href":"https:\/\/muller.com.pl\/en\/wp-json\/wp\/v2\/media\/10123"}],"wp:attachment":[{"href":"https:\/\/muller.com.pl\/en\/wp-json\/wp\/v2\/media?parent=1984"}],"wp:term":[{"taxonomy":"product_brand","embeddable":true,"href":"https:\/\/muller.com.pl\/en\/wp-json\/wp\/v2\/product_brand?post=1984"},{"taxonomy":"product_cat","embeddable":true,"href":"https:\/\/muller.com.pl\/en\/wp-json\/wp\/v2\/product_cat?post=1984"},{"taxonomy":"product_tag","embeddable":true,"href":"https:\/\/muller.com.pl\/en\/wp-json\/wp\/v2\/product_tag?post=1984"}],"curies":[{"name":"wp","href":"https:\/\/api.w.org\/{rel}","templated":true}]}}