{"id":1996,"date":"2016-01-13T23:00:00","date_gmt":"2016-01-13T23:00:00","guid":{"rendered":"https:\/\/muller.com.pl\/spetane-dlonie-ii-2"},"modified":"2024-05-15T14:53:31","modified_gmt":"2024-05-15T14:53:31","slug":"spetane-dlonie-ii-2","status":"publish","type":"product","link":"https:\/\/muller.com.pl\/en\/street-workout-equipment\/spetane-dlonie-ii-2","title":{"rendered":"Hanging Exercise Oval Machine"},"content":{"rendered":"<ul>\n<li>Construction made of pipes: \u00d8114,3x4mm, \u00d876,1&#215;3,2mm and \u00d830x2mm,<\/li>\n<li>Guideway made of stainless steel profile \u00d860,3&#215;2,6mm<\/li>\n<li>Handles made of 19mm HDPE sheet<\/li>\n<li>All steel elements are protected against corrosion and painted with an acrylic lacquer<\/li>\n<li>The set includes foundations made of concrete class C25\/30<\/li>\n<\/ul>\n","protected":false},"excerpt":{"rendered":"<p>Construction made of pipes: \u00d8114,3x4mm, \u00d876,1&#215;3,2mm and \u00d830x2mm, Guideway made of stainless steel profile \u00d860,3&#215;2,6mm Handles made of 19mm HDPE sheet All steel elements are protected against corrosion and painted with an acrylic lacquer The set includes foundations made of concrete class C25\/30<\/p>\n","protected":false},"featured_media":10593,"comment_status":"open","ping_status":"closed","template":"","meta":{"slim_seo":{"title":"Hanging Exercise Oval Machine - Muller","description":"Construction made of pipes: \u00d8114,3x4mm, \u00d876,1x3,2mm and \u00d830x2mm, Guideway made of stainless steel profile \u00d860,3x2,6mm Handles made of 19mm HDPE sheet All steel"}},"product_brand":[],"product_cat":[163],"product_tag":[],"class_list":{"0":"post-1996","1":"product","2":"type-product","3":"status-publish","4":"has-post-thumbnail","6":"product_cat-street-workout-equipment","7":"description-off","9":"first","10":"instock","11":"purchasable","12":"product-type-simple"},"_links":{"self":[{"href":"https:\/\/muller.com.pl\/en\/wp-json\/wp\/v2\/product\/1996","targetHints":{"allow":["GET"]}}],"collection":[{"href":"https:\/\/muller.com.pl\/en\/wp-json\/wp\/v2\/product"}],"about":[{"href":"https:\/\/muller.com.pl\/en\/wp-json\/wp\/v2\/types\/product"}],"replies":[{"embeddable":true,"href":"https:\/\/muller.com.pl\/en\/wp-json\/wp\/v2\/comments?post=1996"}],"wp:featuredmedia":[{"embeddable":true,"href":"https:\/\/muller.com.pl\/en\/wp-json\/wp\/v2\/media\/10593"}],"wp:attachment":[{"href":"https:\/\/muller.com.pl\/en\/wp-json\/wp\/v2\/media?parent=1996"}],"wp:term":[{"taxonomy":"product_brand","embeddable":true,"href":"https:\/\/muller.com.pl\/en\/wp-json\/wp\/v2\/product_brand?post=1996"},{"taxonomy":"product_cat","embeddable":true,"href":"https:\/\/muller.com.pl\/en\/wp-json\/wp\/v2\/product_cat?post=1996"},{"taxonomy":"product_tag","embeddable":true,"href":"https:\/\/muller.com.pl\/en\/wp-json\/wp\/v2\/product_tag?post=1996"}],"curies":[{"name":"wp","href":"https:\/\/api.w.org\/{rel}","templated":true}]}}