{"id":2081,"date":"2022-09-18T09:10:32","date_gmt":"2022-09-18T09:10:32","guid":{"rendered":"https:\/\/muller.com.pl\/wyciskanie-dla-niepelnosprawnych-2"},"modified":"2024-05-20T18:01:17","modified_gmt":"2024-05-20T18:01:17","slug":"wyciskanie-dla-niepelnosprawnych-2","status":"publish","type":"product","link":"https:\/\/muller.com.pl\/en\/inclusive-equipment\/wyciskanie-dla-niepelnosprawnych-2","title":{"rendered":"Wheelchair Accessible Sitting Press"},"content":{"rendered":"<ul>\n<li>The device is designed for people with disabilities<\/li>\n<li>A solid steel construction made of round pipe \u00f876,1 x 3,2mm<\/li>\n<li>An arm of the device made of \u00f848,3&#215;2,9mm pipe with handles of \u00f816 rod covered by an artificial material<\/li>\n<li>Automatic rubber stringing units provide incremental rise of resistant of gym device<\/li>\n<li>The construction possess a protection against sudden drawing back of the device arms<\/li>\n<li>All steel elements are protected against corrosion and painted with an acrylic lacquer\n<li>The device should be mounted to the Pylon of Tytan System series<\/li>\n<\/li>\n<\/ul>\n<h3>Working muscles:<\/h3>\n<p>&nbsp;<\/p>\n<p><img fetchpriority=\"high\" decoding=\"async\" class=\"img-responsive size-full wp-image-2079\" src=\"https:\/\/muller.com.pl\/wp-content\/uploads\/2017\/03\/glowne-miesnie-zaangazowane-podczas-cwiczen-wyciskanie-dla-niepelnosprawnych-26189-9da.jpg\" alt=\"Wyciskanie dla niepe\u0142nosprawnych - g\u0142\u00f3wne mi\u0119\u015bnie zaanga\u017cowane podczas \u0107wicze\u0144\" title=\"Wyciskanie dla niepe\u0142nosprawnych - g\u0142\u00f3wne mi\u0119\u015bnie zaanga\u017cowane podczas \u0107wicze\u0144\" width=\"300\" height=\"398\" srcset=\"https:\/\/muller.com.pl\/wp-content\/uploads\/2017\/03\/glowne-miesnie-zaangazowane-podczas-cwiczen-wyciskanie-dla-niepelnosprawnych-26189-9da.jpg 535w, https:\/\/muller.com.pl\/wp-content\/uploads\/2017\/03\/glowne-miesnie-zaangazowane-podczas-cwiczen-wyciskanie-dla-niepelnosprawnych-26189-9da-64x85.jpg 64w, https:\/\/muller.com.pl\/wp-content\/uploads\/2017\/03\/glowne-miesnie-zaangazowane-podczas-cwiczen-wyciskanie-dla-niepelnosprawnych-26189-9da-226x300.jpg 226w\" sizes=\"(max-width: 300px) 100vw, 300px\" \/><\/p>\n","protected":false},"excerpt":{"rendered":"<p>The device is designed for people with disabilities A solid steel construction made of round pipe \u00f876,1 x 3,2mm An arm of the device made of \u00f848,3&#215;2,9mm pipe with handles of \u00f816 rod covered by an artificial material Automatic rubber stringing units provide incremental rise of resistant of gym device The construction possess a protection&hellip;<\/p>\n","protected":false},"featured_media":5720,"comment_status":"open","ping_status":"closed","template":"","meta":{"slim_seo":{"title":"Wheelchair Accessible Sitting Press - Muller","description":"The device is designed for people with disabilities A solid steel construction made of round pipe \u00f876,1 x 3,2mm An arm of the device made of \u00f848,3x2,9mm pipe wi"}},"product_brand":[],"product_cat":[120,154],"product_tag":[],"class_list":{"0":"post-2081","1":"product","2":"type-product","3":"status-publish","4":"has-post-thumbnail","6":"product_cat-outdoor-fitness","7":"product_cat-inclusive-equipment","8":"description-off","10":"first","11":"instock","12":"featured","13":"purchasable","14":"product-type-simple"},"_links":{"self":[{"href":"https:\/\/muller.com.pl\/en\/wp-json\/wp\/v2\/product\/2081","targetHints":{"allow":["GET"]}}],"collection":[{"href":"https:\/\/muller.com.pl\/en\/wp-json\/wp\/v2\/product"}],"about":[{"href":"https:\/\/muller.com.pl\/en\/wp-json\/wp\/v2\/types\/product"}],"replies":[{"embeddable":true,"href":"https:\/\/muller.com.pl\/en\/wp-json\/wp\/v2\/comments?post=2081"}],"wp:featuredmedia":[{"embeddable":true,"href":"https:\/\/muller.com.pl\/en\/wp-json\/wp\/v2\/media\/5720"}],"wp:attachment":[{"href":"https:\/\/muller.com.pl\/en\/wp-json\/wp\/v2\/media?parent=2081"}],"wp:term":[{"taxonomy":"product_brand","embeddable":true,"href":"https:\/\/muller.com.pl\/en\/wp-json\/wp\/v2\/product_brand?post=2081"},{"taxonomy":"product_cat","embeddable":true,"href":"https:\/\/muller.com.pl\/en\/wp-json\/wp\/v2\/product_cat?post=2081"},{"taxonomy":"product_tag","embeddable":true,"href":"https:\/\/muller.com.pl\/en\/wp-json\/wp\/v2\/product_tag?post=2081"}],"curies":[{"name":"wp","href":"https:\/\/api.w.org\/{rel}","templated":true}]}}