{"id":2084,"date":"2022-09-18T09:11:32","date_gmt":"2022-09-18T09:11:32","guid":{"rendered":"https:\/\/muller.com.pl\/motyl-dla-niepelnosprawnych-2"},"modified":"2024-05-20T18:01:16","modified_gmt":"2024-05-20T18:01:16","slug":"motyl-dla-niepelnosprawnych-2","status":"publish","type":"product","link":"https:\/\/muller.com.pl\/en\/inclusive-equipment\/motyl-dla-niepelnosprawnych-2","title":{"rendered":"Wheelchair Accessible Butterfly"},"content":{"rendered":"<ul>\n<li>The device is designed for people with disabilities<\/li>\n<li>A solid steel construction made of round pipes \u00f860,3&#215;2,9mm<\/li>\n<li>The back rest made of durable 15mm HDPE sheet<\/li>\n<li>An arm of the device made of \u00f848,3&#215;2,9mm pipe with handles of \u00f816 rod covered by an artificial material<\/li>\n<li>Automatic rubber stringing units provide incremental rise of resistant of gym device<\/li>\n<li>The construction possess a protection against sudden drawing back of the device arms<\/li>\n<li>All steel elements are protected against corrosion and painted with an acrylic lacquer\n<li>The device should be mounted to the Pylon of Tytan System series<\/li>\n<\/li>\n<\/ul>\n<h3>Working muscles:<\/h3>\n<p><img fetchpriority=\"high\" decoding=\"async\" class=\"img-responsive size-full wp-image-2082\" src=\"https:\/\/muller.com.pl\/wp-content\/uploads\/2017\/03\/glowne-miesnie-zaangazowane-podczas-cwiczen-motyl-dla-niepelnosprawnych-26179-6d7.jpg\" alt=\"Motyl dla niepe\u0142nosprawnych - g\u0142\u00f3wne mi\u0119\u015bnie zaanga\u017cowane podczas \u0107wicze\u0144\" title=\"Motyl dla niepe\u0142nosprawnych - g\u0142\u00f3wne mi\u0119\u015bnie zaanga\u017cowane podczas \u0107wicze\u0144\" width=\"300\" height=\"397\" srcset=\"https:\/\/muller.com.pl\/wp-content\/uploads\/2017\/03\/glowne-miesnie-zaangazowane-podczas-cwiczen-motyl-dla-niepelnosprawnych-26179-6d7.jpg 742w, https:\/\/muller.com.pl\/wp-content\/uploads\/2017\/03\/glowne-miesnie-zaangazowane-podczas-cwiczen-motyl-dla-niepelnosprawnych-26179-6d7-600x795.jpg 600w, https:\/\/muller.com.pl\/wp-content\/uploads\/2017\/03\/glowne-miesnie-zaangazowane-podczas-cwiczen-motyl-dla-niepelnosprawnych-26179-6d7-64x85.jpg 64w, https:\/\/muller.com.pl\/wp-content\/uploads\/2017\/03\/glowne-miesnie-zaangazowane-podczas-cwiczen-motyl-dla-niepelnosprawnych-26179-6d7-226x300.jpg 226w\" sizes=\"(max-width: 300px) 100vw, 300px\" \/><\/p>\n","protected":false},"excerpt":{"rendered":"<p>The device is designed for people with disabilities A solid steel construction made of round pipes \u00f860,3&#215;2,9mm The back rest made of durable 15mm HDPE sheet An arm of the device made of \u00f848,3&#215;2,9mm pipe with handles of \u00f816 rod covered by an artificial material Automatic rubber stringing units provide incremental rise of resistant of&hellip;<\/p>\n","protected":false},"featured_media":5712,"comment_status":"open","ping_status":"closed","template":"","meta":{"slim_seo":{"title":"Wheelchair Accessible Butterfly - Muller","description":"The device is designed for people with disabilities A solid steel construction made of round pipes \u00f860,3x2,9mm The back rest made of durable 15mm HDPE sheet An"}},"product_brand":[],"product_cat":[120,154],"product_tag":[],"class_list":{"0":"post-2084","1":"product","2":"type-product","3":"status-publish","4":"has-post-thumbnail","6":"product_cat-outdoor-fitness","7":"product_cat-inclusive-equipment","8":"description-off","10":"first","11":"instock","12":"purchasable","13":"product-type-simple"},"_links":{"self":[{"href":"https:\/\/muller.com.pl\/en\/wp-json\/wp\/v2\/product\/2084","targetHints":{"allow":["GET"]}}],"collection":[{"href":"https:\/\/muller.com.pl\/en\/wp-json\/wp\/v2\/product"}],"about":[{"href":"https:\/\/muller.com.pl\/en\/wp-json\/wp\/v2\/types\/product"}],"replies":[{"embeddable":true,"href":"https:\/\/muller.com.pl\/en\/wp-json\/wp\/v2\/comments?post=2084"}],"wp:featuredmedia":[{"embeddable":true,"href":"https:\/\/muller.com.pl\/en\/wp-json\/wp\/v2\/media\/5712"}],"wp:attachment":[{"href":"https:\/\/muller.com.pl\/en\/wp-json\/wp\/v2\/media?parent=2084"}],"wp:term":[{"taxonomy":"product_brand","embeddable":true,"href":"https:\/\/muller.com.pl\/en\/wp-json\/wp\/v2\/product_brand?post=2084"},{"taxonomy":"product_cat","embeddable":true,"href":"https:\/\/muller.com.pl\/en\/wp-json\/wp\/v2\/product_cat?post=2084"},{"taxonomy":"product_tag","embeddable":true,"href":"https:\/\/muller.com.pl\/en\/wp-json\/wp\/v2\/product_tag?post=2084"}],"curies":[{"name":"wp","href":"https:\/\/api.w.org\/{rel}","templated":true}]}}