{"id":2086,"date":"2017-04-25T08:00:39","date_gmt":"2017-04-25T08:00:39","guid":{"rendered":"https:\/\/muller.com.pl\/karuzela-integracyjna-2"},"modified":"2025-09-18T11:34:11","modified_gmt":"2025-09-18T11:34:11","slug":"karuzela-integracyjna-2","status":"publish","type":"product","link":"https:\/\/muller.com.pl\/en\/inclusive-equipment\/karuzela-integracyjna-2","title":{"rendered":"Wheelchair Accessible Merry Go Round"},"content":{"rendered":"<ul>\n<li>A solid steel construction made of profiles: 40x40x3mm, pipe \u00d876,1&#215;3,2mm, \u00d840&#215;2,5mm, \u00d838&#215;2,6mm and also of 5mm and 2mm steel sheet<\/li>\n<li>The side surfaces made of 6mm HPL sheet<\/li>\n<li>The steering wheel made of 19mm HDPE sheet<\/li>\n<li>The device is equipped with a drive system and a breaking system which protects against uncontrolled turning<\/li>\n<li>The platform made of an anti-slip, waterproof plywood, 21mm thick<\/li>\n<li>All steel elements are protected against corrosion<\/li>\n<li>Includes a foundation made of concrete class C25\/30 which make installation easier<\/li>\n<\/ul>\n","protected":false},"excerpt":{"rendered":"<p>A solid steel construction made of profiles: 40x40x3mm, pipe \u00d876,1&#215;3,2mm, \u00d840&#215;2,5mm, \u00d838&#215;2,6mm and also of 5mm and 2mm steel sheet The side surfaces made of 6mm HPL sheet The steering wheel made of 19mm HDPE sheet The device is equipped with a drive system and a breaking system which protects against uncontrolled turning The platform&hellip;<\/p>\n","protected":false},"featured_media":33908,"comment_status":"open","ping_status":"closed","template":"","meta":{"slim_seo":{"title":"Wheelchair Accessible Merry Go Round - Muller","description":"A solid steel construction made of profiles: 40x40x3mm, pipe \u00d876,1x3,2mm, \u00d840x2,5mm, \u00d838x2,6mm and also of 5mm and 2mm steel sheet The side surfaces made of 6mm"}},"product_brand":[],"product_cat":[24,154],"product_tag":[],"class_list":{"0":"post-2086","1":"product","2":"type-product","3":"status-publish","4":"has-post-thumbnail","6":"product_cat-spinners-roundabouts-carousels","7":"product_cat-inclusive-equipment","8":"description-off","10":"first","11":"instock","12":"purchasable","13":"product-type-simple"},"_links":{"self":[{"href":"https:\/\/muller.com.pl\/en\/wp-json\/wp\/v2\/product\/2086","targetHints":{"allow":["GET"]}}],"collection":[{"href":"https:\/\/muller.com.pl\/en\/wp-json\/wp\/v2\/product"}],"about":[{"href":"https:\/\/muller.com.pl\/en\/wp-json\/wp\/v2\/types\/product"}],"replies":[{"embeddable":true,"href":"https:\/\/muller.com.pl\/en\/wp-json\/wp\/v2\/comments?post=2086"}],"wp:featuredmedia":[{"embeddable":true,"href":"https:\/\/muller.com.pl\/en\/wp-json\/wp\/v2\/media\/33908"}],"wp:attachment":[{"href":"https:\/\/muller.com.pl\/en\/wp-json\/wp\/v2\/media?parent=2086"}],"wp:term":[{"taxonomy":"product_brand","embeddable":true,"href":"https:\/\/muller.com.pl\/en\/wp-json\/wp\/v2\/product_brand?post=2086"},{"taxonomy":"product_cat","embeddable":true,"href":"https:\/\/muller.com.pl\/en\/wp-json\/wp\/v2\/product_cat?post=2086"},{"taxonomy":"product_tag","embeddable":true,"href":"https:\/\/muller.com.pl\/en\/wp-json\/wp\/v2\/product_tag?post=2086"}],"curies":[{"name":"wp","href":"https:\/\/api.w.org\/{rel}","templated":true}]}}