{"id":2095,"date":"2024-05-26T11:41:54","date_gmt":"2024-05-26T11:41:54","guid":{"rendered":"https:\/\/muller.com.pl\/bujak-dzonka-2"},"modified":"2024-05-21T00:12:17","modified_gmt":"2024-05-21T00:12:17","slug":"bujak-dzonka-2","status":"publish","type":"product","link":"https:\/\/muller.com.pl\/en\/playgrounds\/bujak-dzonka-2","title":{"rendered":"Junk Ship Rocker"},"content":{"rendered":"<ul>\n<li>Construction made of steel profiles: 70x70x3mm, 120x40x3m and steel pipes: \u00d889,3&#215;3,2mm, \u00d860,3&#215;2,9mm, \u00d848,3&#215;2,9mm, \u00d838&#215;2,6mm i \u00d830x2mm,<\/li>\n<li>The surface made of anti-slip, waterproof plywood, 18mm thick<\/li>\n<li>The device is equipped with the automatic, maintenance-free rubber stringing units<\/li>\n<li>All steel elements are protected against corrosion and painted with an acrylic lacquer\n<li>The set includes a foundation made of concrete of class C25\/30 which make installation easier<\/li>\n<\/li>\n<\/ul>\n","protected":false},"excerpt":{"rendered":"<p>Construction made of steel profiles: 70x70x3mm, 120x40x3m and steel pipes: \u00d889,3&#215;3,2mm, \u00d860,3&#215;2,9mm, \u00d848,3&#215;2,9mm, \u00d838&#215;2,6mm i \u00d830x2mm, The surface made of anti-slip, waterproof plywood, 18mm thick The device is equipped with the automatic, maintenance-free rubber stringing units All steel elements are protected against corrosion and painted with an acrylic lacquer The set includes a foundation made&hellip;<\/p>\n","protected":false},"featured_media":4239,"comment_status":"closed","ping_status":"open","template":"","meta":{"slim_seo":{"title":"Junk Ship Rocker - Muller","description":"Construction made of steel profiles: 70x70x3mm, 120x40x3m and steel pipes: \u00d889,3x3,2mm, \u00d860,3x2,9mm, \u00d848,3x2,9mm, \u00d838x2,6mm i \u00d830x2mm, The surface made of anti-"}},"product_brand":[],"product_cat":[28,118],"product_tag":[],"class_list":{"0":"post-2095","1":"product","2":"type-product","3":"status-publish","4":"has-post-thumbnail","6":"product_cat-rockers","7":"product_cat-playgrounds","8":"description-off","10":"first","11":"instock","12":"purchasable","13":"product-type-simple"},"_links":{"self":[{"href":"https:\/\/muller.com.pl\/en\/wp-json\/wp\/v2\/product\/2095","targetHints":{"allow":["GET"]}}],"collection":[{"href":"https:\/\/muller.com.pl\/en\/wp-json\/wp\/v2\/product"}],"about":[{"href":"https:\/\/muller.com.pl\/en\/wp-json\/wp\/v2\/types\/product"}],"replies":[{"embeddable":true,"href":"https:\/\/muller.com.pl\/en\/wp-json\/wp\/v2\/comments?post=2095"}],"wp:featuredmedia":[{"embeddable":true,"href":"https:\/\/muller.com.pl\/en\/wp-json\/wp\/v2\/media\/4239"}],"wp:attachment":[{"href":"https:\/\/muller.com.pl\/en\/wp-json\/wp\/v2\/media?parent=2095"}],"wp:term":[{"taxonomy":"product_brand","embeddable":true,"href":"https:\/\/muller.com.pl\/en\/wp-json\/wp\/v2\/product_brand?post=2095"},{"taxonomy":"product_cat","embeddable":true,"href":"https:\/\/muller.com.pl\/en\/wp-json\/wp\/v2\/product_cat?post=2095"},{"taxonomy":"product_tag","embeddable":true,"href":"https:\/\/muller.com.pl\/en\/wp-json\/wp\/v2\/product_tag?post=2095"}],"curies":[{"name":"wp","href":"https:\/\/api.w.org\/{rel}","templated":true}]}}