{"id":2101,"date":"2017-06-07T11:05:35","date_gmt":"2017-06-07T11:05:35","guid":{"rendered":"https:\/\/muller.com.pl\/street-workout-16-2"},"modified":"2024-05-15T14:46:14","modified_gmt":"2024-05-15T14:46:14","slug":"street-workout-16-2","status":"publish","type":"product","link":"https:\/\/muller.com.pl\/en\/street-workout-exercise-sets\/street-workout-16-2","title":{"rendered":"Street Workout Set no. 16"},"content":{"rendered":"<ul>\n<li>All posts made of closed profiles 100x100x3mm<\/li>\n<li>Bars and ladder made of \u00f833,7x4mm pipes<\/li>\n<li>Gymnastic rings made of stainless steel pipe \u00f830x2mm and armed rope \u00f816mm<\/li>\n<li>Horizontal ladder made of pipes: \u00d833,7x4mm and \u00d838x4mm<\/li>\n<li>Exercise bench made of profiles: 40x40x3mm, 30x18x2mmwith 15mm HDPE seat<\/li>\n<li>Parallel bars made of \u00f838x4mm pipe<\/li>\n<li>All steel elements are protected against corrosion and painted with an acrylic lacquer<\/li>\n<li>The set includes foundations made of concrete class C25\/30<\/li>\n<li>All posts shall be set in concrete class C16\/20<\/li>\n<\/ul>\n<p><span style=\"font-size: 14pt;\"><strong>Components of the Set<\/strong><\/span><\/p>\n<ul>\n<li>Gymnastic rings \u2013 1pc.<\/li>\n<li>Horizontal ladder \u2013 1pc.<\/li>\n<li>Ladder &#8211; 1pc.<\/li>\n<li>Push-up bars \u2013 1set<\/li>\n<li>Triple parallel bars \u2013 1set<\/li>\n<li>Exercise bench with small ladder \u2013 1pc.\n<li>Pull-up bar \u2013 14pcs.<\/li>\n<\/li>\n<\/ul>\n","protected":false},"excerpt":{"rendered":"<p>All posts made of closed profiles 100x100x3mm Bars and ladder made of \u00f833,7x4mm pipes Gymnastic rings made of stainless steel pipe \u00f830x2mm and armed rope \u00f816mm Horizontal ladder made of pipes: \u00d833,7x4mm and \u00d838x4mm Exercise bench made of profiles: 40x40x3mm, 30x18x2mmwith 15mm HDPE seat Parallel bars made of \u00f838x4mm pipe All steel elements are protected&hellip;<\/p>\n","protected":false},"featured_media":10172,"comment_status":"open","ping_status":"closed","template":"","meta":{"slim_seo":{"title":"Street Workout Set no. 16 - Muller","description":"All posts made of closed profiles 100x100x3mm Bars and ladder made of \u00f833,7x4mm pipes Gymnastic rings made of stainless steel pipe \u00f830x2mm and armed rope \u00f816mm"}},"product_brand":[],"product_cat":[159],"product_tag":[],"class_list":{"0":"post-2101","1":"product","2":"type-product","3":"status-publish","4":"has-post-thumbnail","6":"product_cat-street-workout-exercise-sets","7":"description-off","9":"first","10":"instock","11":"purchasable","12":"product-type-simple"},"_links":{"self":[{"href":"https:\/\/muller.com.pl\/en\/wp-json\/wp\/v2\/product\/2101","targetHints":{"allow":["GET"]}}],"collection":[{"href":"https:\/\/muller.com.pl\/en\/wp-json\/wp\/v2\/product"}],"about":[{"href":"https:\/\/muller.com.pl\/en\/wp-json\/wp\/v2\/types\/product"}],"replies":[{"embeddable":true,"href":"https:\/\/muller.com.pl\/en\/wp-json\/wp\/v2\/comments?post=2101"}],"wp:featuredmedia":[{"embeddable":true,"href":"https:\/\/muller.com.pl\/en\/wp-json\/wp\/v2\/media\/10172"}],"wp:attachment":[{"href":"https:\/\/muller.com.pl\/en\/wp-json\/wp\/v2\/media?parent=2101"}],"wp:term":[{"taxonomy":"product_brand","embeddable":true,"href":"https:\/\/muller.com.pl\/en\/wp-json\/wp\/v2\/product_brand?post=2101"},{"taxonomy":"product_cat","embeddable":true,"href":"https:\/\/muller.com.pl\/en\/wp-json\/wp\/v2\/product_cat?post=2101"},{"taxonomy":"product_tag","embeddable":true,"href":"https:\/\/muller.com.pl\/en\/wp-json\/wp\/v2\/product_tag?post=2101"}],"curies":[{"name":"wp","href":"https:\/\/api.w.org\/{rel}","templated":true}]}}