{"id":2117,"date":"2017-10-02T08:43:58","date_gmt":"2017-10-02T08:43:58","guid":{"rendered":"https:\/\/muller.com.pl\/zespol-drabinek-2"},"modified":"2024-05-15T14:53:25","modified_gmt":"2024-05-15T14:53:25","slug":"zespol-drabinek-2","status":"publish","type":"product","link":"https:\/\/muller.com.pl\/en\/street-workout-equipment\/zespol-drabinek-2","title":{"rendered":"Gymnastic Ladders"},"content":{"rendered":"<ul>\n<li>All posts made of closed profiles 100x100x3mm<\/li>\n<li>Ladder made of \u00d833,7X4mm pipes<\/li>\n<li>Horizontal ladder made of pipes: \u00d833,7x4mm and \u00d838x4mm<\/li>\n<li>All steel elements are protected against corrosion and painted with an acrylic lacquer<\/li>\n<li>The set includes foundations made of concrete class C25\/30\n<li>All posts shall be set in concrete class C16\/20<\/li>\n<\/li>\n<\/ul>\n","protected":false},"excerpt":{"rendered":"<p>All posts made of closed profiles 100x100x3mm Ladder made of \u00d833,7X4mm pipes Horizontal ladder made of pipes: \u00d833,7x4mm and \u00d838x4mm All steel elements are protected against corrosion and painted with an acrylic lacquer The set includes foundations made of concrete class C25\/30 All posts shall be set in concrete class C16\/20<\/p>\n","protected":false},"featured_media":10444,"comment_status":"open","ping_status":"closed","template":"","meta":{"slim_seo":{"title":"Gymnastic Ladders - Muller","description":"All posts made of closed profiles 100x100x3mm Ladder made of \u00d833,7X4mm pipes Horizontal ladder made of pipes: \u00d833,7x4mm and \u00d838x4mm All steel elements are prote"}},"product_brand":[],"product_cat":[163],"product_tag":[],"class_list":{"0":"post-2117","1":"product","2":"type-product","3":"status-publish","4":"has-post-thumbnail","6":"product_cat-street-workout-equipment","7":"description-off","9":"first","10":"instock","11":"purchasable","12":"product-type-simple"},"_links":{"self":[{"href":"https:\/\/muller.com.pl\/en\/wp-json\/wp\/v2\/product\/2117","targetHints":{"allow":["GET"]}}],"collection":[{"href":"https:\/\/muller.com.pl\/en\/wp-json\/wp\/v2\/product"}],"about":[{"href":"https:\/\/muller.com.pl\/en\/wp-json\/wp\/v2\/types\/product"}],"replies":[{"embeddable":true,"href":"https:\/\/muller.com.pl\/en\/wp-json\/wp\/v2\/comments?post=2117"}],"wp:featuredmedia":[{"embeddable":true,"href":"https:\/\/muller.com.pl\/en\/wp-json\/wp\/v2\/media\/10444"}],"wp:attachment":[{"href":"https:\/\/muller.com.pl\/en\/wp-json\/wp\/v2\/media?parent=2117"}],"wp:term":[{"taxonomy":"product_brand","embeddable":true,"href":"https:\/\/muller.com.pl\/en\/wp-json\/wp\/v2\/product_brand?post=2117"},{"taxonomy":"product_cat","embeddable":true,"href":"https:\/\/muller.com.pl\/en\/wp-json\/wp\/v2\/product_cat?post=2117"},{"taxonomy":"product_tag","embeddable":true,"href":"https:\/\/muller.com.pl\/en\/wp-json\/wp\/v2\/product_tag?post=2117"}],"curies":[{"name":"wp","href":"https:\/\/api.w.org\/{rel}","templated":true}]}}