{"id":2121,"date":"2017-11-13T08:41:36","date_gmt":"2017-11-13T08:41:36","guid":{"rendered":"https:\/\/muller.com.pl\/street-workout-20-2"},"modified":"2024-10-03T07:12:10","modified_gmt":"2024-10-03T07:12:10","slug":"street-workout-20-2","status":"publish","type":"product","link":"https:\/\/muller.com.pl\/en\/street-workout-exercise-sets\/street-workout-20-2","title":{"rendered":"Street Workout Set no. 20"},"content":{"rendered":"<ul>\n<li>All posts made of closed profiles 100x100x3mm<\/li>\n<li>Bars and ladder made of \u00f833,7x4mm pipes<\/li>\n<li>Horizontal ladder made of pipes: \u00d838x4mm and \u00d833,7x4mm<\/li>\n<li>Exercise pole and parallel bars made of \u00f838x4mm<\/li>\n<li>Seat of the exercise bench made of 15mm HDPE sheet<\/li>\n<li>Push-up bars made of \u00d848,3&#215;2,9mm pipe<\/li>\n<li>\u00f840mm jute climbing rope<\/li>\n<li>Gymnastic rings made of stainless steel pipe \u00f830x2mm and armed rope \u00f816mm<\/li>\n<li>All steel elements are protected against corrosion and painted with an acrylic lacquer<\/li>\n<li>The set includes foundations made of concrete class C25\/30<\/li>\n<li>All posts shall be set in concrete class C16\/20<\/li>\n<\/ul>\n<p><span style=\"font-size: 14pt;\"><strong>Components of the Set<\/strong><\/span><\/p>\n<ul>\n<li>Pull-up bars \u2013 1set<\/li>\n<li>Triple parallel bars \u2013 1 set<\/li>\n<li>Exercise bench with small ladder \u2013 1pc.<\/li>\n<li>Climbing rope \u2013 1pc.<\/li>\n<li>Gymnastic rings \u2013 1pc.<\/li>\n<li>Horizontal ladder \u2013 1pc.<\/li>\n<li>Ladder \u2013 1pc.<\/li>\n<li>Exercise pole \u2013 1pc.<\/li>\n<li>Pull-up bar \u2013 11pcs.<\/li>\n<li>Horizontal snake ladder \u2013 1pc.<\/li>\n<\/ul>\n","protected":false},"excerpt":{"rendered":"<p>All posts made of closed profiles 100x100x3mm Bars and ladder made of \u00f833,7x4mm pipes Horizontal ladder made of pipes: \u00d838x4mm and \u00d833,7x4mm Exercise pole and parallel bars made of \u00f838x4mm Seat of the exercise bench made of 15mm HDPE sheet Push-up bars made of \u00d848,3&#215;2,9mm pipe \u00f840mm jute climbing rope Gymnastic rings made of stainless&hellip;<\/p>\n","protected":false},"featured_media":29598,"comment_status":"open","ping_status":"closed","template":"","meta":{"slim_seo":{"title":"Street Workout Set no. 20 - Muller","description":"All posts made of closed profiles 100x100x3mm Bars and ladder made of \u00f833,7x4mm pipes Horizontal ladder made of pipes: \u00d838x4mm and \u00d833,7x4mm Exercise pole and p"}},"product_brand":[],"product_cat":[159],"product_tag":[],"class_list":{"0":"post-2121","1":"product","2":"type-product","3":"status-publish","4":"has-post-thumbnail","6":"product_cat-street-workout-exercise-sets","7":"description-off","9":"first","10":"instock","11":"purchasable","12":"product-type-simple"},"_links":{"self":[{"href":"https:\/\/muller.com.pl\/en\/wp-json\/wp\/v2\/product\/2121","targetHints":{"allow":["GET"]}}],"collection":[{"href":"https:\/\/muller.com.pl\/en\/wp-json\/wp\/v2\/product"}],"about":[{"href":"https:\/\/muller.com.pl\/en\/wp-json\/wp\/v2\/types\/product"}],"replies":[{"embeddable":true,"href":"https:\/\/muller.com.pl\/en\/wp-json\/wp\/v2\/comments?post=2121"}],"wp:featuredmedia":[{"embeddable":true,"href":"https:\/\/muller.com.pl\/en\/wp-json\/wp\/v2\/media\/29598"}],"wp:attachment":[{"href":"https:\/\/muller.com.pl\/en\/wp-json\/wp\/v2\/media?parent=2121"}],"wp:term":[{"taxonomy":"product_brand","embeddable":true,"href":"https:\/\/muller.com.pl\/en\/wp-json\/wp\/v2\/product_brand?post=2121"},{"taxonomy":"product_cat","embeddable":true,"href":"https:\/\/muller.com.pl\/en\/wp-json\/wp\/v2\/product_cat?post=2121"},{"taxonomy":"product_tag","embeddable":true,"href":"https:\/\/muller.com.pl\/en\/wp-json\/wp\/v2\/product_tag?post=2121"}],"curies":[{"name":"wp","href":"https:\/\/api.w.org\/{rel}","templated":true}]}}