{"id":2123,"date":"2017-11-13T08:46:55","date_gmt":"2017-11-13T08:46:55","guid":{"rendered":"https:\/\/muller.com.pl\/street-workout-22-2"},"modified":"2024-05-15T14:46:18","modified_gmt":"2024-05-15T14:46:18","slug":"street-workout-22-2","status":"publish","type":"product","link":"https:\/\/muller.com.pl\/en\/street-workout-exercise-sets\/street-workout-22-2","title":{"rendered":"Street Workout Set no. 22"},"content":{"rendered":"<ul>\n<li>All posts made of closed profiles 100x100x3mm<\/li>\n<li>Bars and ladders made of \u00f833,7x4mm pipes<\/li>\n<li>Exercise pole made of \u00f848,3&#215;2,9mm pipe<\/li>\n<li>Horizontal ladder made of \u00d833,7x4mm and \u00d838x4mm pipes<\/li>\n<li>Seat of the exercise bench made of 15mm HDPE sheet<\/li>\n<li>All steel elements are protected against corrosion and painted with an acrylic lacquer<\/li>\n<li>The set includes foundations made of concrete class C25\/30\n<li>All posts shall be set in concrete class C16\/20<\/li>\n<\/li>\n<\/ul>\n<p><span style=\"font-size: 14pt;\"><strong>Components of the Set<\/strong><\/span><\/p>\n<ul>\n<li>Horizontal ladder \u2013 1pc.<\/li>\n<li>Ladder \u2013 1pc.<\/li>\n<li>Exercise bench with small ladder \u2013 1pc.<\/li>\n<li>Pull-up bar \u2013 7pcs.<\/li>\n<li>Parallel bars \u2013 2sets<\/li>\n<li>Exercise pole \u2013 1pc.\n<li>Push-up bars \u2013 1set<\/li>\n<\/li>\n<\/ul>\n","protected":false},"excerpt":{"rendered":"<p>All posts made of closed profiles 100x100x3mm Bars and ladders made of \u00f833,7x4mm pipes Exercise pole made of \u00f848,3&#215;2,9mm pipe Horizontal ladder made of \u00d833,7x4mm and \u00d838x4mm pipes Seat of the exercise bench made of 15mm HDPE sheet All steel elements are protected against corrosion and painted with an acrylic lacquer The set includes foundations&hellip;<\/p>\n","protected":false},"featured_media":10230,"comment_status":"open","ping_status":"closed","template":"","meta":{"slim_seo":{"title":"Street Workout Set no. 22 - Muller","description":"All posts made of closed profiles 100x100x3mm Bars and ladders made of \u00f833,7x4mm pipes Exercise pole made of \u00f848,3x2,9mm pipe Horizontal ladder made of \u00d833,7x4m"}},"product_brand":[],"product_cat":[159],"product_tag":[],"class_list":{"0":"post-2123","1":"product","2":"type-product","3":"status-publish","4":"has-post-thumbnail","6":"product_cat-street-workout-exercise-sets","7":"description-off","9":"first","10":"instock","11":"purchasable","12":"product-type-simple"},"_links":{"self":[{"href":"https:\/\/muller.com.pl\/en\/wp-json\/wp\/v2\/product\/2123","targetHints":{"allow":["GET"]}}],"collection":[{"href":"https:\/\/muller.com.pl\/en\/wp-json\/wp\/v2\/product"}],"about":[{"href":"https:\/\/muller.com.pl\/en\/wp-json\/wp\/v2\/types\/product"}],"replies":[{"embeddable":true,"href":"https:\/\/muller.com.pl\/en\/wp-json\/wp\/v2\/comments?post=2123"}],"wp:featuredmedia":[{"embeddable":true,"href":"https:\/\/muller.com.pl\/en\/wp-json\/wp\/v2\/media\/10230"}],"wp:attachment":[{"href":"https:\/\/muller.com.pl\/en\/wp-json\/wp\/v2\/media?parent=2123"}],"wp:term":[{"taxonomy":"product_brand","embeddable":true,"href":"https:\/\/muller.com.pl\/en\/wp-json\/wp\/v2\/product_brand?post=2123"},{"taxonomy":"product_cat","embeddable":true,"href":"https:\/\/muller.com.pl\/en\/wp-json\/wp\/v2\/product_cat?post=2123"},{"taxonomy":"product_tag","embeddable":true,"href":"https:\/\/muller.com.pl\/en\/wp-json\/wp\/v2\/product_tag?post=2123"}],"curies":[{"name":"wp","href":"https:\/\/api.w.org\/{rel}","templated":true}]}}