{"id":2131,"date":"2018-02-12T07:11:41","date_gmt":"2018-02-12T07:11:41","guid":{"rendered":"https:\/\/muller.com.pl\/street-workout-26-2"},"modified":"2024-10-23T08:49:49","modified_gmt":"2024-10-23T08:49:49","slug":"street-workout-26-2","status":"publish","type":"product","link":"https:\/\/muller.com.pl\/en\/street-workout-exercise-sets\/street-workout-26-2","title":{"rendered":"Street Workout Set no. 26"},"content":{"rendered":"<ul>\n<li>All posts made of closed profiles 100x100x3mm<\/li>\n<li>Bars and ladder made of \u00f833,7x4mm pipes<\/li>\n<li>Gymnastic rings made of stainless steel pipe \u00f830x2mm and armed rope \u00f816mm<\/li>\n<li>Parallel bars and exercise pole made of pipe \u00d838x4mm,<\/li>\n<li>Horizontal ladder made of \u00d833,7x4mm and \u00d838x4mm pipes<\/li>\n<li>Seat of the exercise bench made of 15mm HDPE sheet<\/li>\n<li>\u00f840mm jute climbing rope<\/li>\n<li>All steel elements are protected against corrosion and painted with an acrylic lacquer<\/li>\n<li>The set includes foundations made of concrete class C25\/30<\/li>\n<li>All posts shall be set in concrete class C16\/20<\/li>\n<\/ul>\n<p><span style=\"font-size: 14pt;\"><strong>Components of the Set<\/strong><\/span><\/p>\n<ul>\n<li>Triple parallel bars \u2013 1 set<\/li>\n<li>Exercise bench with small ladder \u2013 1pc.<\/li>\n<li>Horizontal ladder \u2013 1pc.<\/li>\n<li>Ladder \u2013 1pc.<\/li>\n<li>Slanted ladder \u2013 1pc.<\/li>\n<li>Horizontal snake ladder \u2013 1pc.<\/li>\n<li>Pull-up bar \u2013 9pcs.<\/li>\n<li>Gymnastic rings &#8211; 1set<\/li>\n<li>Exercise pole &#8211; 1pc.\\<\/li>\n<li>Climbing rope \u2013 1pc.<\/li>\n<\/ul>\n","protected":false},"excerpt":{"rendered":"<p>All posts made of closed profiles 100x100x3mm Bars and ladder made of \u00f833,7x4mm pipes Gymnastic rings made of stainless steel pipe \u00f830x2mm and armed rope \u00f816mm Parallel bars and exercise pole made of pipe \u00d838x4mm, Horizontal ladder made of \u00d833,7x4mm and \u00d838x4mm pipes Seat of the exercise bench made of 15mm HDPE sheet \u00f840mm jute&hellip;<\/p>\n","protected":false},"featured_media":30101,"comment_status":"open","ping_status":"closed","template":"","meta":{"slim_seo":{"title":"Street Workout Set no. 26 - Muller","description":"All posts made of closed profiles 100x100x3mm Bars and ladder made of \u00f833,7x4mm pipes Gymnastic rings made of stainless steel pipe \u00f830x2mm and armed rope \u00f816mm"}},"product_brand":[],"product_cat":[159],"product_tag":[],"class_list":{"0":"post-2131","1":"product","2":"type-product","3":"status-publish","4":"has-post-thumbnail","6":"product_cat-street-workout-exercise-sets","7":"description-off","9":"first","10":"instock","11":"purchasable","12":"product-type-simple"},"_links":{"self":[{"href":"https:\/\/muller.com.pl\/en\/wp-json\/wp\/v2\/product\/2131","targetHints":{"allow":["GET"]}}],"collection":[{"href":"https:\/\/muller.com.pl\/en\/wp-json\/wp\/v2\/product"}],"about":[{"href":"https:\/\/muller.com.pl\/en\/wp-json\/wp\/v2\/types\/product"}],"replies":[{"embeddable":true,"href":"https:\/\/muller.com.pl\/en\/wp-json\/wp\/v2\/comments?post=2131"}],"wp:featuredmedia":[{"embeddable":true,"href":"https:\/\/muller.com.pl\/en\/wp-json\/wp\/v2\/media\/30101"}],"wp:attachment":[{"href":"https:\/\/muller.com.pl\/en\/wp-json\/wp\/v2\/media?parent=2131"}],"wp:term":[{"taxonomy":"product_brand","embeddable":true,"href":"https:\/\/muller.com.pl\/en\/wp-json\/wp\/v2\/product_brand?post=2131"},{"taxonomy":"product_cat","embeddable":true,"href":"https:\/\/muller.com.pl\/en\/wp-json\/wp\/v2\/product_cat?post=2131"},{"taxonomy":"product_tag","embeddable":true,"href":"https:\/\/muller.com.pl\/en\/wp-json\/wp\/v2\/product_tag?post=2131"}],"curies":[{"name":"wp","href":"https:\/\/api.w.org\/{rel}","templated":true}]}}