{"id":2132,"date":"2018-03-16T13:21:10","date_gmt":"2018-03-16T13:21:10","guid":{"rendered":"https:\/\/muller.com.pl\/sky-surfer-2"},"modified":"2024-07-11T11:00:39","modified_gmt":"2024-07-11T11:00:39","slug":"sky-surfer-2","status":"publish","type":"product","link":"https:\/\/muller.com.pl\/en\/brand-new\/sky-surfer-2","title":{"rendered":"Sky Surfer Board Rider"},"content":{"rendered":"<ul>\n<li>Construction made of stainless steel pipe \u00d860,3&#215;2,6mm and \u00d830x2mm, and stainless steel sheet 4mm thick.<\/li>\n<li>Armed rope \u00d816mm thick<\/li>\n<li>Surface elements made of 8mm HPL sheet<\/li>\n<li>Board equipped with maintenance-free bearing rollers<\/li>\n<li>Surface of the board made of anti-slip HDPE sheet 18mm thick<\/li>\n<li>All steel elements are protected against corrosion and painted with an acrylic lacquer<\/li>\n<li>The set includes a foundation made of concrete of class C25\/30 which make installation easier<\/li>\n<\/ul>\n","protected":false},"excerpt":{"rendered":"<p>Construction made of stainless steel pipe \u00d860,3&#215;2,6mm and \u00d830x2mm, and stainless steel sheet 4mm thick. Armed rope \u00d816mm thick Surface elements made of 8mm HPL sheet Board equipped with maintenance-free bearing rollers Surface of the board made of anti-slip HDPE sheet 18mm thick All steel elements are protected against corrosion and painted with an acrylic&hellip;<\/p>\n","protected":false},"featured_media":3408,"comment_status":"open","ping_status":"closed","template":"","meta":{"slim_seo":{"title":"Sky Surfer Board Rider - Muller","description":"Construction made of stainless steel pipe \u00d860,3x2,6mm and \u00d830x2mm, and stainless steel sheet 4mm thick. Armed rope \u00d816mm thick Surface elements made of 8mm HPL"}},"product_brand":[],"product_cat":[20,1093],"product_tag":[],"class_list":{"0":"post-2132","1":"product","2":"type-product","3":"status-publish","4":"has-post-thumbnail","6":"product_cat-swings","7":"product_cat-brand-new","8":"description-off","10":"first","11":"instock","12":"purchasable","13":"product-type-simple"},"_links":{"self":[{"href":"https:\/\/muller.com.pl\/en\/wp-json\/wp\/v2\/product\/2132","targetHints":{"allow":["GET"]}}],"collection":[{"href":"https:\/\/muller.com.pl\/en\/wp-json\/wp\/v2\/product"}],"about":[{"href":"https:\/\/muller.com.pl\/en\/wp-json\/wp\/v2\/types\/product"}],"replies":[{"embeddable":true,"href":"https:\/\/muller.com.pl\/en\/wp-json\/wp\/v2\/comments?post=2132"}],"wp:featuredmedia":[{"embeddable":true,"href":"https:\/\/muller.com.pl\/en\/wp-json\/wp\/v2\/media\/3408"}],"wp:attachment":[{"href":"https:\/\/muller.com.pl\/en\/wp-json\/wp\/v2\/media?parent=2132"}],"wp:term":[{"taxonomy":"product_brand","embeddable":true,"href":"https:\/\/muller.com.pl\/en\/wp-json\/wp\/v2\/product_brand?post=2132"},{"taxonomy":"product_cat","embeddable":true,"href":"https:\/\/muller.com.pl\/en\/wp-json\/wp\/v2\/product_cat?post=2132"},{"taxonomy":"product_tag","embeddable":true,"href":"https:\/\/muller.com.pl\/en\/wp-json\/wp\/v2\/product_tag?post=2132"}],"curies":[{"name":"wp","href":"https:\/\/api.w.org\/{rel}","templated":true}]}}