{"id":2134,"date":"2019-08-08T10:05:35","date_gmt":"2019-08-08T10:05:35","guid":{"rendered":"https:\/\/muller.com.pl\/street-workout-35"},"modified":"2024-08-02T12:40:26","modified_gmt":"2024-08-02T12:40:26","slug":"street-workout-35","status":"publish","type":"product","link":"https:\/\/muller.com.pl\/en\/street-workout-exercise-sets\/street-workout-35","title":{"rendered":"Street Workout Set no. 35"},"content":{"rendered":"<ul>\n<li>All posts made of closed profiles 100x100x3mm<\/li>\n<li>Bars and ladder made of \u00f833,7x4mm pipes<\/li>\n<li>Horizontal ladder made of pipes: \u00d838x4mm and \u00d833,7x4mm<\/li>\n<li>Exercise pole and parallel bars made \u00d838x4mm pipes<\/li>\n<li>Push-up bars made of \u00f848,3&#215;2,9mm pipes<\/li>\n<li>Seat of the exercise bench made of 15mm HDPE sheet<\/li>\n<li>All steel elements are protected against corrosion and painted with an acrylic lacquer<\/li>\n<li>The set includes foundations made of concrete class C25\/30<\/li>\n<li>All posts shall be set in concrete class C16\/20<\/li>\n<\/ul>\n<p><span style=\"font-size: 14pt;\"><strong>Components of the Set<\/strong><\/span><\/p>\n<ul>\n<li>Exercise bench with small ladder \u2013 1pc.<\/li>\n<li>Double parallel bars \u2013 1 set<\/li>\n<li>Horizontal ladder \u2013 1pc.<\/li>\n<li>Ladder \u2013 1 pc.<\/li>\n<li>Exercise pole \u2013 1 pc.<\/li>\n<li>Push-up bars \u2013 1 set<\/li>\n<li>Pull-up bar \u2013 5 pcs.<\/li>\n<\/ul>\n<p>&nbsp;<\/p>\n","protected":false},"excerpt":{"rendered":"<p>All posts made of closed profiles 100x100x3mm Bars and ladder made of \u00f833,7x4mm pipes Horizontal ladder made of pipes: \u00d838x4mm and \u00d833,7x4mm Exercise pole and parallel bars made \u00d838x4mm pipes Push-up bars made of \u00f848,3&#215;2,9mm pipes Seat of the exercise bench made of 15mm HDPE sheet All steel elements are protected against corrosion and painted&hellip;<\/p>\n","protected":false},"featured_media":10346,"comment_status":"open","ping_status":"closed","template":"","meta":{"slim_seo":{"title":"Street Workout Set no. 35 - Muller","description":"All posts made of closed profiles 100x100x3mm Bars and ladder made of \u00f833,7x4mm pipes Horizontal ladder made of pipes: \u00d838x4mm and \u00d833,7x4mm Exercise pole and p"}},"product_brand":[],"product_cat":[159],"product_tag":[],"class_list":{"0":"post-2134","1":"product","2":"type-product","3":"status-publish","4":"has-post-thumbnail","6":"product_cat-street-workout-exercise-sets","7":"description-off","9":"first","10":"instock","11":"purchasable","12":"product-type-simple"},"_links":{"self":[{"href":"https:\/\/muller.com.pl\/en\/wp-json\/wp\/v2\/product\/2134","targetHints":{"allow":["GET"]}}],"collection":[{"href":"https:\/\/muller.com.pl\/en\/wp-json\/wp\/v2\/product"}],"about":[{"href":"https:\/\/muller.com.pl\/en\/wp-json\/wp\/v2\/types\/product"}],"replies":[{"embeddable":true,"href":"https:\/\/muller.com.pl\/en\/wp-json\/wp\/v2\/comments?post=2134"}],"wp:featuredmedia":[{"embeddable":true,"href":"https:\/\/muller.com.pl\/en\/wp-json\/wp\/v2\/media\/10346"}],"wp:attachment":[{"href":"https:\/\/muller.com.pl\/en\/wp-json\/wp\/v2\/media?parent=2134"}],"wp:term":[{"taxonomy":"product_brand","embeddable":true,"href":"https:\/\/muller.com.pl\/en\/wp-json\/wp\/v2\/product_brand?post=2134"},{"taxonomy":"product_cat","embeddable":true,"href":"https:\/\/muller.com.pl\/en\/wp-json\/wp\/v2\/product_cat?post=2134"},{"taxonomy":"product_tag","embeddable":true,"href":"https:\/\/muller.com.pl\/en\/wp-json\/wp\/v2\/product_tag?post=2134"}],"curies":[{"name":"wp","href":"https:\/\/api.w.org\/{rel}","templated":true}]}}