{"id":2140,"date":"2019-04-12T12:42:46","date_gmt":"2019-04-12T12:42:46","guid":{"rendered":"https:\/\/muller.com.pl\/konik-wyscigowy-2"},"modified":"2024-05-20T18:01:42","modified_gmt":"2024-05-20T18:01:42","slug":"konik-wyscigowy-2","status":"publish","type":"product","link":"https:\/\/muller.com.pl\/en\/agility-training-equipment\/konik-wyscigowy-2","title":{"rendered":"Horse Racing"},"content":{"rendered":"<ul>\n<li>The racetrack made of steel profiles&nbsp;40x40x3mm, 40x80x3mm and stainless steel pipe: \u00d860,3&#215;2,6mm<\/li>\n<li>The vehicle made of steel pipes&nbsp;\u00d848,3&#215;2,9 and \u00d838&#215;2,6mm<\/li>\n<li>Surface elements of the vehicle made of 10mm HDPE sheet<\/li>\n<li>The user set in motion the vehicle by bouncing on it<\/li>\n<li>The racetrack can be freely modified by using available modules<\/li>\n<li>All steel elements are protected against corrosion and painted with an acrylic lacquer<\/li>\n<li>The set includes a foundation made of concrete of class C25\/30 which make installation easier<\/li>\n<\/ul>\n","protected":false},"excerpt":{"rendered":"<p>The racetrack made of steel profiles&nbsp;40x40x3mm, 40x80x3mm and stainless steel pipe: \u00d860,3&#215;2,6mm The vehicle made of steel pipes&nbsp;\u00d848,3&#215;2,9 and \u00d838&#215;2,6mm Surface elements of the vehicle made of 10mm HDPE sheet The user set in motion the vehicle by bouncing on it The racetrack can be freely modified by using available modules All steel elements are&hellip;<\/p>\n","protected":false},"featured_media":6298,"comment_status":"open","ping_status":"open","template":"","meta":{"slim_seo":{"title":"Horse Racing - Muller","description":"The racetrack made of steel profiles&nbsp;40x40x3mm, 40x80x3mm and stainless steel pipe: \u00d860,3x2,6mm The vehicle made of steel pipes&nbsp;\u00d848,3x2,9 and \u00d838x2,6m"}},"product_brand":[],"product_cat":[8],"product_tag":[],"class_list":{"0":"post-2140","1":"product","2":"type-product","3":"status-publish","4":"has-post-thumbnail","6":"product_cat-agility-training-equipment","7":"description-off","9":"first","10":"instock","11":"purchasable","12":"product-type-simple"},"_links":{"self":[{"href":"https:\/\/muller.com.pl\/en\/wp-json\/wp\/v2\/product\/2140","targetHints":{"allow":["GET"]}}],"collection":[{"href":"https:\/\/muller.com.pl\/en\/wp-json\/wp\/v2\/product"}],"about":[{"href":"https:\/\/muller.com.pl\/en\/wp-json\/wp\/v2\/types\/product"}],"replies":[{"embeddable":true,"href":"https:\/\/muller.com.pl\/en\/wp-json\/wp\/v2\/comments?post=2140"}],"wp:featuredmedia":[{"embeddable":true,"href":"https:\/\/muller.com.pl\/en\/wp-json\/wp\/v2\/media\/6298"}],"wp:attachment":[{"href":"https:\/\/muller.com.pl\/en\/wp-json\/wp\/v2\/media?parent=2140"}],"wp:term":[{"taxonomy":"product_brand","embeddable":true,"href":"https:\/\/muller.com.pl\/en\/wp-json\/wp\/v2\/product_brand?post=2140"},{"taxonomy":"product_cat","embeddable":true,"href":"https:\/\/muller.com.pl\/en\/wp-json\/wp\/v2\/product_cat?post=2140"},{"taxonomy":"product_tag","embeddable":true,"href":"https:\/\/muller.com.pl\/en\/wp-json\/wp\/v2\/product_tag?post=2140"}],"curies":[{"name":"wp","href":"https:\/\/api.w.org\/{rel}","templated":true}]}}