{"id":2142,"date":"2019-05-23T05:59:47","date_gmt":"2019-05-23T05:59:47","guid":{"rendered":"https:\/\/muller.com.pl\/street-workout-parkour-1-2"},"modified":"2024-05-15T17:54:02","modified_gmt":"2024-05-15T17:54:02","slug":"street-workout-parkour-1-2","status":"publish","type":"product","link":"https:\/\/muller.com.pl\/en\/street-workout-and-parkour-sets\/street-workout-parkour-1-2","title":{"rendered":"Street Workout &#038; Parkour Set no. 1"},"content":{"rendered":"<ul>\n<li>All posts made of closed profiles 100x100x3mm<\/li>\n<li>Bars and ladder made of \u00f833,7x4mm pipes<\/li>\n<li>Horizontal ladder made of pipes: \u00d838x4mm and \u00d833,7x4mm<\/li>\n<li>Blocks made of concrete class C16\/20<\/li>\n<li>All steel elements are protected against corrosion and painted with an acrylic lacquer<\/li>\n<li>The set includes foundations made of concrete class C25\/30\n<li>All posts shall be set in concrete class C16\/20<\/li>\n<\/li>\n<\/ul>\n","protected":false},"excerpt":{"rendered":"<p>All posts made of closed profiles 100x100x3mm Bars and ladder made of \u00f833,7x4mm pipes Horizontal ladder made of pipes: \u00d838x4mm and \u00d833,7x4mm Blocks made of concrete class C16\/20 All steel elements are protected against corrosion and painted with an acrylic lacquer The set includes foundations made of concrete class C25\/30 All posts shall be set&hellip;<\/p>\n","protected":false},"featured_media":10758,"comment_status":"open","ping_status":"closed","template":"","meta":{"slim_seo":{"title":"Street Workout & Parkour Set no. 1 - Muller","description":"All posts made of closed profiles 100x100x3mm Bars and ladder made of \u00f833,7x4mm pipes Horizontal ladder made of pipes: \u00d838x4mm and \u00d833,7x4mm Blocks made of conc"}},"product_brand":[],"product_cat":[161],"product_tag":[],"class_list":{"0":"post-2142","1":"product","2":"type-product","3":"status-publish","4":"has-post-thumbnail","6":"product_cat-street-workout-and-parkour-sets","7":"description-off","9":"first","10":"instock","11":"purchasable","12":"product-type-simple"},"_links":{"self":[{"href":"https:\/\/muller.com.pl\/en\/wp-json\/wp\/v2\/product\/2142","targetHints":{"allow":["GET"]}}],"collection":[{"href":"https:\/\/muller.com.pl\/en\/wp-json\/wp\/v2\/product"}],"about":[{"href":"https:\/\/muller.com.pl\/en\/wp-json\/wp\/v2\/types\/product"}],"replies":[{"embeddable":true,"href":"https:\/\/muller.com.pl\/en\/wp-json\/wp\/v2\/comments?post=2142"}],"wp:featuredmedia":[{"embeddable":true,"href":"https:\/\/muller.com.pl\/en\/wp-json\/wp\/v2\/media\/10758"}],"wp:attachment":[{"href":"https:\/\/muller.com.pl\/en\/wp-json\/wp\/v2\/media?parent=2142"}],"wp:term":[{"taxonomy":"product_brand","embeddable":true,"href":"https:\/\/muller.com.pl\/en\/wp-json\/wp\/v2\/product_brand?post=2142"},{"taxonomy":"product_cat","embeddable":true,"href":"https:\/\/muller.com.pl\/en\/wp-json\/wp\/v2\/product_cat?post=2142"},{"taxonomy":"product_tag","embeddable":true,"href":"https:\/\/muller.com.pl\/en\/wp-json\/wp\/v2\/product_tag?post=2142"}],"curies":[{"name":"wp","href":"https:\/\/api.w.org\/{rel}","templated":true}]}}