{"id":2149,"date":"2019-08-06T11:55:31","date_gmt":"2019-08-06T11:55:31","guid":{"rendered":"https:\/\/muller.com.pl\/street-workout-33-2"},"modified":"2024-05-15T14:46:22","modified_gmt":"2024-05-15T14:46:22","slug":"street-workout-33-2","status":"publish","type":"product","link":"https:\/\/muller.com.pl\/en\/street-workout-exercise-sets\/street-workout-33-2","title":{"rendered":"Street Workout Set no. 33"},"content":{"rendered":"<ul>\n<li>All posts made of closed profiles 100x100x3mm<\/li>\n<li>Bars made of \u00f833,7x4mm pipes<\/li>\n<li>\u00f840mm jute climbing rope<\/li>\n<li>Horizontal ladders made of pipes: \u00d838x4mm and \u00d833,7x4mm,<\/li>\n<li>Parallel bars made of \u00d838x4mm pipe<\/li>\n<li>Gymnastic rings made of stainless steel pipe \u00f830x2mm and armed rope \u00f816mm<\/li>\n<li>Exercise pole and parallel bars made of \u00f848,3&#215;2,9mm pipes<\/li>\n<li>Seat of the exercise bench made of 15mm HDPE sheet<\/li>\n<li>All steel elements are protected against corrosion and painted with an acrylic lacquer<\/li>\n<li>The set includes foundations made of concrete class C25\/30\n<li>All posts shall be set in concrete class C16\/20<\/li>\n<\/li>\n<\/ul>\n","protected":false},"excerpt":{"rendered":"<p>All posts made of closed profiles 100x100x3mm Bars made of \u00f833,7x4mm pipes \u00f840mm jute climbing rope Horizontal ladders made of pipes: \u00d838x4mm and \u00d833,7x4mm, Parallel bars made of \u00d838x4mm pipe Gymnastic rings made of stainless steel pipe \u00f830x2mm and armed rope \u00f816mm Exercise pole and parallel bars made of \u00f848,3&#215;2,9mm pipes Seat of the exercise&hellip;<\/p>\n","protected":false},"featured_media":10329,"comment_status":"open","ping_status":"closed","template":"","meta":{"slim_seo":{"title":"Street Workout Set no. 33 - Muller","description":"All posts made of closed profiles 100x100x3mm Bars made of \u00f833,7x4mm pipes \u00f840mm jute climbing rope Horizontal ladders made of pipes: \u00d838x4mm and \u00d833,7x4mm, Par"}},"product_brand":[],"product_cat":[159],"product_tag":[],"class_list":{"0":"post-2149","1":"product","2":"type-product","3":"status-publish","4":"has-post-thumbnail","6":"product_cat-street-workout-exercise-sets","7":"description-off","9":"first","10":"instock","11":"purchasable","12":"product-type-simple"},"_links":{"self":[{"href":"https:\/\/muller.com.pl\/en\/wp-json\/wp\/v2\/product\/2149","targetHints":{"allow":["GET"]}}],"collection":[{"href":"https:\/\/muller.com.pl\/en\/wp-json\/wp\/v2\/product"}],"about":[{"href":"https:\/\/muller.com.pl\/en\/wp-json\/wp\/v2\/types\/product"}],"replies":[{"embeddable":true,"href":"https:\/\/muller.com.pl\/en\/wp-json\/wp\/v2\/comments?post=2149"}],"wp:featuredmedia":[{"embeddable":true,"href":"https:\/\/muller.com.pl\/en\/wp-json\/wp\/v2\/media\/10329"}],"wp:attachment":[{"href":"https:\/\/muller.com.pl\/en\/wp-json\/wp\/v2\/media?parent=2149"}],"wp:term":[{"taxonomy":"product_brand","embeddable":true,"href":"https:\/\/muller.com.pl\/en\/wp-json\/wp\/v2\/product_brand?post=2149"},{"taxonomy":"product_cat","embeddable":true,"href":"https:\/\/muller.com.pl\/en\/wp-json\/wp\/v2\/product_cat?post=2149"},{"taxonomy":"product_tag","embeddable":true,"href":"https:\/\/muller.com.pl\/en\/wp-json\/wp\/v2\/product_tag?post=2149"}],"curies":[{"name":"wp","href":"https:\/\/api.w.org\/{rel}","templated":true}]}}