{"id":2169,"date":"2020-03-18T12:08:57","date_gmt":"2020-03-18T12:08:57","guid":{"rendered":"https:\/\/muller.com.pl\/hustawka-modulowa-bocianie-gniazdo-3-2"},"modified":"2024-07-10T23:11:10","modified_gmt":"2024-07-10T23:11:10","slug":"hustawka-modulowa-bocianie-gniazdo-3-2","status":"publish","type":"product","link":"https:\/\/muller.com.pl\/en\/swings\/hustawka-modulowa-bocianie-gniazdo-3-2","title":{"rendered":"Modular Birds Nest Swing with 3 Seats"},"content":{"rendered":"<ul>\n<li>A solid steel construction made of pipes: \u00d860,3&#215;2,6mm and \u00d830x2mm,<\/li>\n<li>Swing chains&nbsp;made of stainless steel&nbsp;\u00d85mm,&nbsp;\u00d86mm and&nbsp;reinforced rope,<\/li>\n<li>The use of Teflon bushings ensures smooth swing. The swing system requires no maintenance,<\/li>\n<li>All steel elements are hot dip galvanized and painted with a structural, acrylic lacquer (excluding the stainless steel version),<\/li>\n<li>The set includes foundations made of concrete class C25\/30,<\/li>\n<li>In case of applying a synthetic surface that is on the same level that the surrounding surface, an additional 0.5 m of obstacle-free space should be taken into account in both directions of movement of the swing.<\/li>\n<\/ul>\n","protected":false},"excerpt":{"rendered":"<p>A solid steel construction made of pipes: \u00d860,3&#215;2,6mm and \u00d830x2mm, Swing chains&nbsp;made of stainless steel&nbsp;\u00d85mm,&nbsp;\u00d86mm and&nbsp;reinforced rope, The use of Teflon bushings ensures smooth swing. The swing system requires no maintenance, All steel elements are hot dip galvanized and painted with a structural, acrylic lacquer (excluding the stainless steel version), The set includes foundations made&hellip;<\/p>\n","protected":false},"featured_media":12455,"comment_status":"open","ping_status":"closed","template":"","meta":{"slim_seo":{"title":"Modular Birds Nest Swing with 3 Seats - Muller","description":"A solid steel construction made of pipes: \u00d860,3x2,6mm and \u00d830x2mm, Swing chains&nbsp;made of stainless steel&nbsp;\u00d85mm,&nbsp;\u00d86mm and&nbsp;reinforced rope, The"}},"product_brand":[],"product_cat":[20],"product_tag":[],"class_list":{"0":"post-2169","1":"product","2":"type-product","3":"status-publish","4":"has-post-thumbnail","6":"product_cat-swings","7":"description-off","9":"first","10":"instock","11":"purchasable","12":"product-type-variable"},"_links":{"self":[{"href":"https:\/\/muller.com.pl\/en\/wp-json\/wp\/v2\/product\/2169","targetHints":{"allow":["GET"]}}],"collection":[{"href":"https:\/\/muller.com.pl\/en\/wp-json\/wp\/v2\/product"}],"about":[{"href":"https:\/\/muller.com.pl\/en\/wp-json\/wp\/v2\/types\/product"}],"replies":[{"embeddable":true,"href":"https:\/\/muller.com.pl\/en\/wp-json\/wp\/v2\/comments?post=2169"}],"wp:featuredmedia":[{"embeddable":true,"href":"https:\/\/muller.com.pl\/en\/wp-json\/wp\/v2\/media\/12455"}],"wp:attachment":[{"href":"https:\/\/muller.com.pl\/en\/wp-json\/wp\/v2\/media?parent=2169"}],"wp:term":[{"taxonomy":"product_brand","embeddable":true,"href":"https:\/\/muller.com.pl\/en\/wp-json\/wp\/v2\/product_brand?post=2169"},{"taxonomy":"product_cat","embeddable":true,"href":"https:\/\/muller.com.pl\/en\/wp-json\/wp\/v2\/product_cat?post=2169"},{"taxonomy":"product_tag","embeddable":true,"href":"https:\/\/muller.com.pl\/en\/wp-json\/wp\/v2\/product_tag?post=2169"}],"curies":[{"name":"wp","href":"https:\/\/api.w.org\/{rel}","templated":true}]}}