{"id":2202,"date":"2021-03-11T06:51:22","date_gmt":"2021-03-11T06:51:22","guid":{"rendered":"https:\/\/muller.com.pl\/hustawka-wagowa-kangur-2"},"modified":"2024-05-20T17:59:41","modified_gmt":"2024-05-20T17:59:41","slug":"hustawka-wagowa-kangur-2","status":"publish","type":"product","link":"https:\/\/muller.com.pl\/en\/brand-new\/hustawka-wagowa-kangur-2","title":{"rendered":"Standing Seesaw Kangaroo"},"content":{"rendered":"<ul>\n<li>Construction made of steel pipe \u00d8114,3x4mm, \u00d860,3&#215;2,9mm and \u00d838&#215;2,6mm,<\/li>\n<li>All steel elements are protected against corrosion and painted with an acrylic lacquer<\/li>\n<li>The set includes a foundation made of concrete of class C25\/30 which make installation easier<\/li>\n<\/ul>\n","protected":false},"excerpt":{"rendered":"<p>Construction made of steel pipe \u00d8114,3x4mm, \u00d860,3&#215;2,9mm and \u00d838&#215;2,6mm, All steel elements are protected against corrosion and painted with an acrylic lacquer The set includes a foundation made of concrete of class C25\/30 which make installation easier<\/p>\n","protected":false},"featured_media":3496,"comment_status":"open","ping_status":"closed","template":"","meta":{"slim_seo":{"title":"Standing Seesaw Kangaroo - Muller","description":"Construction made of steel pipe \u00d8114,3x4mm, \u00d860,3x2,9mm and \u00d838x2,6mm, All steel elements are protected against corrosion and painted with an acrylic lacquer Th"}},"product_brand":[],"product_cat":[165,1093],"product_tag":[],"class_list":{"0":"post-2202","1":"product","2":"type-product","3":"status-publish","4":"has-post-thumbnail","6":"product_cat-seesaws","7":"product_cat-brand-new","8":"description-off","10":"first","11":"instock","12":"purchasable","13":"product-type-simple"},"_links":{"self":[{"href":"https:\/\/muller.com.pl\/en\/wp-json\/wp\/v2\/product\/2202","targetHints":{"allow":["GET"]}}],"collection":[{"href":"https:\/\/muller.com.pl\/en\/wp-json\/wp\/v2\/product"}],"about":[{"href":"https:\/\/muller.com.pl\/en\/wp-json\/wp\/v2\/types\/product"}],"replies":[{"embeddable":true,"href":"https:\/\/muller.com.pl\/en\/wp-json\/wp\/v2\/comments?post=2202"}],"wp:featuredmedia":[{"embeddable":true,"href":"https:\/\/muller.com.pl\/en\/wp-json\/wp\/v2\/media\/3496"}],"wp:attachment":[{"href":"https:\/\/muller.com.pl\/en\/wp-json\/wp\/v2\/media?parent=2202"}],"wp:term":[{"taxonomy":"product_brand","embeddable":true,"href":"https:\/\/muller.com.pl\/en\/wp-json\/wp\/v2\/product_brand?post=2202"},{"taxonomy":"product_cat","embeddable":true,"href":"https:\/\/muller.com.pl\/en\/wp-json\/wp\/v2\/product_cat?post=2202"},{"taxonomy":"product_tag","embeddable":true,"href":"https:\/\/muller.com.pl\/en\/wp-json\/wp\/v2\/product_tag?post=2202"}],"curies":[{"name":"wp","href":"https:\/\/api.w.org\/{rel}","templated":true}]}}