{"id":2211,"date":"2021-04-08T09:22:02","date_gmt":"2021-04-08T09:22:02","guid":{"rendered":"https:\/\/muller.com.pl\/szesciokat-sprawnosciowy-1092-2"},"modified":"2024-05-20T18:01:45","modified_gmt":"2024-05-20T18:01:45","slug":"szesciokat-sprawnosciowy-1092-2","status":"publish","type":"product","link":"https:\/\/muller.com.pl\/en\/agility-training-equipment\/szesciokat-sprawnosciowy-1092-2","title":{"rendered":"Agility Training Hexagon Unit"},"content":{"rendered":"<ul>\n<li>A solid steel construction made of profile 70x70x3mm and steel pipes \u00d830x2mm and \u00d838&#215;2,6mm,<\/li>\n<li>Climbing net made of \u00d816 mm PP ropes with galvanized steel wires<\/li>\n<li>Climbing wall made of waterproof plywood 21mm thick<\/li>\n<li>All steel elements are protected against corrosion and painted with an acrylic lacquer\n<li>The set includes foundation made of concrete of class C25\/30 which make installation easier<\/li>\n<\/li>\n<\/ul>\n","protected":false},"excerpt":{"rendered":"<p>A solid steel construction made of profile 70x70x3mm and steel pipes \u00d830x2mm and \u00d838&#215;2,6mm, Climbing net made of \u00d816 mm PP ropes with galvanized steel wires Climbing wall made of waterproof plywood 21mm thick All steel elements are protected against corrosion and painted with an acrylic lacquer The set includes foundation made of concrete of&hellip;<\/p>\n","protected":false},"featured_media":6374,"comment_status":"open","ping_status":"open","template":"","meta":{"slim_seo":{"title":"Agility Training Hexagon Unit - Muller","description":"A solid steel construction made of profile 70x70x3mm and steel pipes \u00d830x2mm and \u00d838x2,6mm, Climbing net made of \u00d816 mm PP ropes with galvanized steel wires Cli"}},"product_brand":[],"product_cat":[8],"product_tag":[],"class_list":{"0":"post-2211","1":"product","2":"type-product","3":"status-publish","4":"has-post-thumbnail","6":"product_cat-agility-training-equipment","7":"description-off","9":"first","10":"instock","11":"purchasable","12":"product-type-simple"},"_links":{"self":[{"href":"https:\/\/muller.com.pl\/en\/wp-json\/wp\/v2\/product\/2211","targetHints":{"allow":["GET"]}}],"collection":[{"href":"https:\/\/muller.com.pl\/en\/wp-json\/wp\/v2\/product"}],"about":[{"href":"https:\/\/muller.com.pl\/en\/wp-json\/wp\/v2\/types\/product"}],"replies":[{"embeddable":true,"href":"https:\/\/muller.com.pl\/en\/wp-json\/wp\/v2\/comments?post=2211"}],"wp:featuredmedia":[{"embeddable":true,"href":"https:\/\/muller.com.pl\/en\/wp-json\/wp\/v2\/media\/6374"}],"wp:attachment":[{"href":"https:\/\/muller.com.pl\/en\/wp-json\/wp\/v2\/media?parent=2211"}],"wp:term":[{"taxonomy":"product_brand","embeddable":true,"href":"https:\/\/muller.com.pl\/en\/wp-json\/wp\/v2\/product_brand?post=2211"},{"taxonomy":"product_cat","embeddable":true,"href":"https:\/\/muller.com.pl\/en\/wp-json\/wp\/v2\/product_cat?post=2211"},{"taxonomy":"product_tag","embeddable":true,"href":"https:\/\/muller.com.pl\/en\/wp-json\/wp\/v2\/product_tag?post=2211"}],"curies":[{"name":"wp","href":"https:\/\/api.w.org\/{rel}","templated":true}]}}